{"id":12017,"date":"2023-05-03T12:03:20","date_gmt":"2023-05-03T10:03:20","guid":{"rendered":"https:\/\/www.griffbereit-rucksack.de\/?page_id=12017"},"modified":"2023-05-03T12:18:12","modified_gmt":"2023-05-03T10:18:12","slug":"bildungsansaetze-griffbereitmini","status":"publish","type":"page","link":"https:\/\/www.griffbereit-rucksack.de\/fa\/griffbereitmini\/bildungsansaetze-griffbereitmini\/","title":{"rendered":"Bildungsans\u00e4tze griffbereitMINI"},"content":{"rendered":"<h2>\u201eBildung ist das h\u00f6chste Gut, dass wir unseren Kindern schenken k\u00f6nnen.&#8220; (Cat Stevens)<\/h2>\r\n<p>Ziel von g<em>riffbereitMINI <\/em>ist es, durch fr\u00fche Sprach- und Familienbildung die Grundlage f\u00fcr eine solide MehrSprachigkeit zu schaffen. Ein Ziel, das die Europ\u00e4ische Union schon seit 2002 verfolgt:<\/p>\r\n<p>Laut Europ\u00e4ischem Rat sollte die F\u00f6rderung von mindestens zwei weiteren Sprachen bereits ab der fr\u00fchen Kindheit stattfinden. Langfristig gilt es, die individuelle MehrSprachigkeit so weit zu f\u00f6rdern, bis alle B\u00fcrger*innen zus\u00e4tzlich zu ihrer Familiensprache \u00fcber praktische Kenntnisse in mindestens zwei weiteren Sprachen verf\u00fcgen<a href=\"#_ftn1\" name=\"_ftnref1\">[1]<\/a>. Eine Investition, die sich auszahlt, denn:<\/p>\r\n<p><strong>\u201eJede neue Sprache ist wie ein offenes Fenster, das einen neuen Ausblick auf die Welt er\u00f6ffnet und die Lebensauffassung weitet.&#8220;<\/strong> <em>(Frank Harris)<\/em><\/p>\r\n<p><a href=\"#_ftnref1\" name=\"_ftn1\">[1]<\/a> Europ\u00e4ischer Rat (Barcelona), 15. und 16. M\u00e4rz 2002, Schlussfolgerungen des Vorsitzes, Teil I, 43.1.<\/p>\r\n<p>Alle Sprachen, die die Familien mitbringen, bilden hierbei ein enormes gesellschaftliches Potenzial, das es unbedingt zu f\u00f6rdern gilt. Genauso spielt die F\u00f6rderung der deutschen Sprache eine entscheidende Rolle: Deutsch ist die Sprache der Gesellschaft und der Bildungsinstitutionen und damit die Voraussetzung f\u00fcr Integration und gesellschaftlichen Erfolg.<\/p>\r\n<p><strong><em>griffbereitMINI<\/em> greift noch vor Griffbereit!<\/strong><br \/>Das Programm l\u00e4uft in Kindertageseinrichtungen, Familienzentren, etc., aber auch an Orten, die f\u00fcr Familien im Alter der Kinder ebenfalls Bedeutung haben wie z.B. Schwangerschaftsberatungsstellen, Hebammenpraxen. So werden Familien zum einen schon sehr fr\u00fch an das Bildungssystem herangef\u00fchrt und zum anderen erleben Kinder Vielfalt, Gemeinschaft und Diversit\u00e4t von Anfang an als Bereicherung. Die hier aufgebaute Bildungs- und Erziehungspartnerschaft mit den *Eltern\/*Familien unterst\u00fctzt die diversit\u00e4tsorientierte \u00d6ffnung von Bildungsinstitutionen: Wegweisende Eckpfeiler gegen Vorurteile und Ausgrenzung.","protected":false},"excerpt":{"rendered":"<div class=\"entry-summary\">\n<div class=\"entry-summary\">\nZiel von griffbereitMINI ist es, durch fr\u00fche Sprach- und Familienbildung die Grundlage f\u00fcr eine solide MehrSprachigkeit zu schaffen.\n<\/div>\n<div class=\"link-more\"><a href=\"https:\/\/www.griffbereit-rucksack.de\/fa\/griffbereitmini\/bildungsansaetze-griffbereitmini\/\" class=\"more-link\">Continue reading<span class=\"screen-reader-text\"> &ldquo;Bildungsans\u00e4tze griffbereitMINI&rdquo;<\/span>&hellip;<\/a><\/div>\n<\/div>\n<div class=\"link-more\"><a href=\"https:\/\/www.griffbereit-rucksack.de\/fa\/griffbereitmini\/bildungsansaetze-griffbereitmini\/\" class=\"more-link\">Continue reading<span class=\"screen-reader-text\"> &ldquo;Bildungsans\u00e4tze griffbereitMINI&rdquo;<\/span>&hellip;<\/a><\/div>","protected":false},"author":1,"featured_media":0,"parent":12016,"menu_order":0,"comment_status":"closed","ping_status":"closed","template":"","meta":{"_acf_changed":false,"footnotes":""},"class_list":["post-12017","page","type-page","status-publish","hentry","entry"],"acf":[],"_links":{"self":[{"href":"https:\/\/www.griffbereit-rucksack.de\/fa\/wp-json\/wp\/v2\/pages\/12017","targetHints":{"allow":["GET"]}}],"collection":[{"href":"https:\/\/www.griffbereit-rucksack.de\/fa\/wp-json\/wp\/v2\/pages"}],"about":[{"href":"https:\/\/www.griffbereit-rucksack.de\/fa\/wp-json\/wp\/v2\/types\/page"}],"author":[{"embeddable":true,"href":"https:\/\/www.griffbereit-rucksack.de\/fa\/wp-json\/wp\/v2\/users\/1"}],"replies":[{"embeddable":true,"href":"https:\/\/www.griffbereit-rucksack.de\/fa\/wp-json\/wp\/v2\/comments?post=12017"}],"version-history":[{"count":0,"href":"https:\/\/www.griffbereit-rucksack.de\/fa\/wp-json\/wp\/v2\/pages\/12017\/revisions"}],"up":[{"embeddable":true,"href":"https:\/\/www.griffbereit-rucksack.de\/fa\/wp-json\/wp\/v2\/pages\/12016"}],"wp:attachment":[{"href":"https:\/\/www.griffbereit-rucksack.de\/fa\/wp-json\/wp\/v2\/media?parent=12017"}],"curies":[{"name":"wp","href":"https:\/\/api.w.org\/{rel}","templated":true}]}}