{"id":12016,"date":"2023-05-03T12:00:59","date_gmt":"2023-05-03T10:00:59","guid":{"rendered":"https:\/\/www.griffbereit-rucksack.de\/?page_id=12016"},"modified":"2024-01-25T19:43:46","modified_gmt":"2024-01-25T18:43:46","slug":"griffbereitmini","status":"publish","type":"page","link":"https:\/\/www.griffbereit-rucksack.de\/fa\/griffbereitmini\/","title":{"rendered":"griffbereitMINI"},"content":{"rendered":"<h2><strong>Willkommen bei <em>griffbereitMINI<\/em><\/strong><\/h2>\n<p><strong>Alltagsintegrierte Sprachbildung von Anfang an<\/strong><\/p>\n\t<em><strong>griffbereitMINI<\/strong><\/em> ist ein Sprachbildungsprogramm f\u00fcr Familien mit Kindern im ersten Lebensjahr. Ein \u00dcbergang in eine Griffbereit-Gruppe wird begleitet.<br \/>\nDie Erfahrungen der Mitarbeiter*innen der Familienb\u00fcros in Dortmund aus den Willkommensbesuchen anl\u00e4sslich der Geburt zeigten, dass die Zeitspanne zwischen den Besuchen und den Angeboten f\u00fcr *Familien, wie z.B. Griffbereit, zu lang war, was zur Folge hatte, dass die Angebote nicht immer wie gew\u00fcnscht angenommen wurden. Damit ging u.a. wertvolle Entwicklungszeit zur Unterst\u00fctzung von Kindern und deren *Familien verloren.<br \/>\nUm *Familien im Sinne einer durchg\u00e4ngigen, alltagsintegrierten Sprachbildung sofort ein Angebot machen zu k\u00f6nnen, entstand die Idee, ein Programm f\u00fcr Eltern mit Kindern im ersten Lebensjahr zu entwickeln. Bei der Konzipierung war weiterhin von gro\u00dfer Relevanz, dass bundesweit noch kein Programm f\u00fcr Kleinkinder innerhalb dieses Alters existierte, welches den Fokus auf Sprachbildung im Kontext der Wertsch\u00e4tzung von Mehrsprachigkeit legte.\n\t\t\t<a href=\"https:\/\/www.griffbereit-rucksack.de\/fa\/angebot-griffbereitmini\/\" target=\"_self\" role=\"button\" rel=\"noopener\">\n\t\t\t\t\t\t\tANGEBOT\n\t\t\t<\/a>\n\t\t\t<a href=\"https:\/\/www.griffbereit-rucksack.de\/fa\/ablauf-griffbereitmini\/\" target=\"_self\" role=\"button\" rel=\"noopener\">\n\t\t\t\t\t\t\tABLAUF\n\t\t\t<\/a>\n\t\t\t<a href=\"https:\/\/www.griffbereit-rucksack.de\/fa\/zielgruppen-griffbereitmini\/\" target=\"_self\" role=\"button\" rel=\"noopener\">\n\t\t\t\t\t\t\tZIELGRUPPEN\n\t\t\t<\/a>\n\t<iframe title=\"GriffbereitMINI Imagefilm\" width=\"1160\" height=\"653\" src=\"https:\/\/www.youtube.com\/embed\/qIj17JW7U6k?feature=oembed\" frameborder=\"0\" allow=\"accelerometer; autoplay; clipboard-write; encrypted-media; gyroscope; picture-in-picture; web-share\" allowfullscreen><\/iframe>\n\t<p>Das Programm wird in Kindertageseinrichtungen, Familienzentren, Familienbildungsst\u00e4tten und anderen Orten wie Schwangerschaftsberatungsstellen oder Hebammenpraxen angeboten. Auf diese Weise haben *Familien die M\u00f6glichkeit, die Lebens- und Lernorte ihrer Kinder fr\u00fch kennenzulernen und aktiv mitzugestalten.<\/p>\n<p><strong><em>griffbereitMINI<\/em><\/strong><strong> kann auch als Einstiegsangebot in die Kindertagesbetreuung dienen.<\/strong><\/p>","protected":false},"excerpt":{"rendered":"<div class=\"entry-summary\">\n<div class=\"entry-summary\">\nWillkommen bei griffbereitMINI Alltagsintegrierte Sprachbildung von Anfang an griffbereitMINI ist ein Sprachbildungsprogramm f\u00fcr Familien mit Kindern im ersten&hellip;\n<\/div>\n<div class=\"link-more\"><a href=\"https:\/\/www.griffbereit-rucksack.de\/fa\/griffbereitmini\/\" class=\"more-link\">Continue reading<span class=\"screen-reader-text\"> &ldquo;griffbereitMINI&rdquo;<\/span>&hellip;<\/a><\/div>\n<\/div>\n<div class=\"link-more\"><a href=\"https:\/\/www.griffbereit-rucksack.de\/fa\/griffbereitmini\/\" class=\"more-link\">Continue reading<span class=\"screen-reader-text\"> &ldquo;griffbereitMINI&rdquo;<\/span>&hellip;<\/a><\/div>","protected":false},"author":1,"featured_media":0,"parent":0,"menu_order":0,"comment_status":"closed","ping_status":"closed","template":"templates\/subpages.php","meta":{"_acf_changed":false,"footnotes":""},"class_list":["post-12016","page","type-page","status-publish","hentry","entry"],"acf":[],"_links":{"self":[{"href":"https:\/\/www.griffbereit-rucksack.de\/fa\/wp-json\/wp\/v2\/pages\/12016","targetHints":{"allow":["GET"]}}],"collection":[{"href":"https:\/\/www.griffbereit-rucksack.de\/fa\/wp-json\/wp\/v2\/pages"}],"about":[{"href":"https:\/\/www.griffbereit-rucksack.de\/fa\/wp-json\/wp\/v2\/types\/page"}],"author":[{"embeddable":true,"href":"https:\/\/www.griffbereit-rucksack.de\/fa\/wp-json\/wp\/v2\/users\/1"}],"replies":[{"embeddable":true,"href":"https:\/\/www.griffbereit-rucksack.de\/fa\/wp-json\/wp\/v2\/comments?post=12016"}],"version-history":[{"count":0,"href":"https:\/\/www.griffbereit-rucksack.de\/fa\/wp-json\/wp\/v2\/pages\/12016\/revisions"}],"wp:attachment":[{"href":"https:\/\/www.griffbereit-rucksack.de\/fa\/wp-json\/wp\/v2\/media?parent=12016"}],"curies":[{"name":"wp","href":"https:\/\/api.w.org\/{rel}","templated":true}]}}