{"id":648,"date":"2019-09-12T16:20:07","date_gmt":"2019-09-12T14:20:07","guid":{"rendered":"https:\/\/www.griffbereit-rucksack.de\/?page_id=648"},"modified":"2023-08-08T11:20:00","modified_gmt":"2023-08-08T09:20:00","slug":"wirkung-rucksack-kita","status":"publish","type":"page","link":"https:\/\/www.griffbereit-rucksack.de\/es\/rucksack-kita\/wirkung-rucksack-kita\/","title":{"rendered":"Efecto Rucksack KiTa"},"content":{"rendered":"<h4><strong>Padres\/familias participantes<\/strong><\/h4>\r\n<p><strong>\u00bfQu\u00e9 obtengo con Rucksack KiTa?<\/strong><\/p>\r\n<ul>\r\n<li>Semanal <em>Rucksack KiTa-<\/em>Grupo de padres<\/li>\r\n<li>Contacto\/intercambio con personas afines<\/li>\r\n<li>Multiling\u00fce <em>Rucksack KiTa<\/em>-Material<\/li>\r\n<li>Cualificaci\u00f3n como asesor de padres, si procede<\/li>\r\n<\/ul>\r\n<p><strong>\u00bfQu\u00e9 refuerza\/reforza el Rucksack KiTa?<\/strong><\/p>\r\n<ul>\r\n<li>Conocimientos y competencias en materia de educaci\u00f3n, crianza, salud, etc.<\/li>\r\n<li>Confianza en s\u00ed mismo centr\u00e1ndose en sus propios puntos fuertes<\/li>\r\n<li>Voluntad de di\u00e1logo y competencia para actuar en la KiTa<\/li>\r\n<li>Interacci\u00f3n entre padres e hijos y tiempo de consulta conjunta<\/li>\r\n<li>Motivaci\u00f3n para apoyar a sus propios hijos (por ejemplo, el lenguaje)<\/li>\r\n<li>Participaci\u00f3n en la vida social y del centro de d\u00eda<\/li>\r\n<li>Motivaci\u00f3n para profundizar y compartir sus propias habilidades y competencias ling\u00fc\u00edsticas, por ejemplo, como asesor de padres.<\/li>\r\n<\/ul>\r\n<p><strong>\u00bfC\u00f3mo cambia esto nuestra forma de trabajar juntos?<\/strong><\/p>\r\n<ul>\r\n<li>Los padres\/familias est\u00e1n integrados y participan activamente en la vida social y en los centros educativos<\/li>\r\n<li>Potenziale der Familien werden anerkannt &#8211; f\u00fcr echte gesellschaftliche Teilhabe<\/li>\r\n<li>Potenziale und Chancen kultureller Vielfalt werden sichtbar &#8211; f\u00fcr echten Wandel<\/li>\r\n<li>Reforzar la participaci\u00f3n<\/li>\r\n<li>Asociaciones educativas genuinas entre los padres\/familias y la instituci\u00f3n<\/li>\r\n<\/ul>\r\n<p>&nbsp;<\/p>\r\n\t<h4><strong>Ni\u00f1os participantes<br \/>\r\n<\/strong><\/h4>\r\n<p><strong>\u00bfQu\u00e9 obtengo con Rucksack KiTa?<\/strong><\/p>\r\n<ul>\r\n<li>Semanal <em>Rucksack KiTa<\/em>-Grupo<\/li>\r\n<li>Materiales adecuados a la edad (multiling\u00fces), por ejemplo, audiolibros, libros infantiles<\/li>\r\n<li>Apoyo paralelo de los profesionales de la educaci\u00f3n y de los padres\/familia en la guarder\u00eda y en casa<\/li>\r\n<\/ul>\r\n<p><strong>\u00bfQu\u00e9 refuerza\/reforza el Rucksack KiTa?<\/strong><\/p>\r\n<ul>\r\n<li>Refuerzo de las competencias ling\u00fc\u00edsticas en la(s) lengua(s) familiar(es) y en alem\u00e1n<\/li>\r\n<li>Competencia ling\u00fc\u00edstica general, por ejemplo, mayor vocabulario<\/li>\r\n<li>Desarrollo general positivo (por ejemplo, emocional, motor, etc.)<\/li>\r\n<li>Interacci\u00f3n m\u00e1s familiar e intensa entre padres e hijos<\/li>\r\n<li>Disfrute del material\/hacer<\/li>\r\n<li>Transici\u00f3n m\u00e1s f\u00e1cil a la escuela despu\u00e9s y mejores resultados escolares<\/li>\r\n<li>Conciencia del multiling\u00fcismo como potencial<\/li>\r\n<li>Oportunidad de participar con \u00e9xito en la educaci\u00f3n<\/li>\r\n<\/ul>\r\n<p><strong>\u00bfC\u00f3mo cambia esto nuestra forma de trabajar juntos?<\/strong><\/p>\r\n<ul>\r\n<li>M\u00e1s igualdad de oportunidades para todos los ni\u00f1os en materia de educaci\u00f3n<\/li>\r\n<li>La aceptaci\u00f3n social del multiling\u00fcismo como recurso y potencial para los ni\u00f1os<\/li>\r\n<\/ul>\r\n<p>&nbsp;<\/p>\r\n\t<h4><strong>Principales asesores de padres<\/strong><\/h4>\r\n<p><strong>\u00bfQu\u00e9 obtengo con Rucksack KiTa?<\/strong><\/p>\r\n<ul>\r\n<li><em>Rucksack KiTa<\/em>-Formaci\u00f3n, apoyo y reflexi\u00f3n<\/li>\r\n<li>Materiales multiling\u00fces del programa<\/li>\r\n<li>Aportaci\u00f3n de un concepto con recomendaciones para la acci\u00f3n e ideas\/sugerencias para la pr\u00e1ctica<\/li>\r\n<li>Libertad de planificaci\u00f3n aut\u00f3noma<\/li>\r\n<li>Gran flexibilidad dentro de las condiciones marco<\/li>\r\n<\/ul>\r\n<strong>Qu\u00e9 refuerza\/reforza el Rucksack KiTa<br \/>\r\n<\/strong>\r\n<ul>\r\n<li>Conocimientos en los \u00e1mbitos de la educaci\u00f3n de adultos y el desarrollo infantil, as\u00ed como el multiling\u00fcismo y la diversidad<\/li>\r\n<li>Responsabilidad e independencia como mediador entre la familia y la instituci\u00f3n<\/li>\r\n<li>Confianza en s\u00ed mismo, pr\u00e1ctica<\/li>\r\n<li>Libertad de planificaci\u00f3n aut\u00f3noma<\/li>\r\n<li>Gran flexibilidad dentro de las condiciones marco<\/li>\r\n<\/ul>\r\n<p><strong>\u00bfC\u00f3mo cambia esto nuestra forma de trabajar juntos?<\/strong><\/p>\r\n<ul>\r\n<li>Primeros pasos en el campo laboral pedag\u00f3gico<\/li>\r\n<li>Las KiTas siguen desarroll\u00e1ndose: hacia una vida, una actuaci\u00f3n y un trabajo m\u00e1s orientados a la diversidad (orientados a la diversidad)<\/li>\r\n<li>Independencia<\/li>\r\n<li>Motivaci\u00f3n para ampliar el propio campo de actividad o para seguir form\u00e1ndose de forma proactiva<\/li>\r\n<\/ul>\r\n\t<h4><strong>Profesionales de la educaci\u00f3n<br \/>\r\n<\/strong><\/h4>\r\n<p><strong>\u00bfQu\u00e9 obtengo con Rucksack KiTa?<\/strong><\/p>\r\n<ul>\r\n<li><em>Griffbereit<\/em>-Formaci\u00f3n, apoyo y reflexi\u00f3n<\/li>\r\n<li><em>Rucksack KiTa<\/em>-Formaci\u00f3n, apoyo y supervisi\u00f3nApoyo paralelo en alem\u00e1n \u2192 Material del programa para profesionales de la educaci\u00f3n.<a href=\"#_ftn1\" name=\"_ftnref1\">[1]<\/a><\/li>\r\n<\/ul>\r\n<p><strong>\u00bfQu\u00e9 refuerza\/reforza el Rucksack KiTa?<\/strong><\/p>\r\n<ul>\r\n<li>Leitmotiv \u201eErziehungs- und Bildungspartnerschaft&#8220;<\/li>\r\n<li>Conocimiento y mayor concienciaci\u00f3n sobre el comportamiento consciente de la diversidad y el multiling\u00fcismo<\/li>\r\n<li>Libertad para organizar en consecuencia la rutina diaria de la guarder\u00eda<\/li>\r\n<li>Motivaci\u00f3n para utilizar la educaci\u00f3n y el apoyo ling\u00fc\u00edsticos de forma espec\u00edfica<\/li>\r\n<li>Menos estr\u00e9s, m\u00e1s confianza en s\u00ed mismo en la vida laboral diaria<\/li>\r\n<\/ul>\r\n<p><strong>\u00bfC\u00f3mo cambia esto nuestra forma de trabajar juntos?<\/strong><\/p>\r\n<ul>\r\n<li>Surgen nuevos conceptos educativos: orientaci\u00f3n a la diversidad y fomento del multiling\u00fcismo<\/li>\r\n<li>La educaci\u00f3n es sensible a la migraci\u00f3n, consciente de la diversidad y promueve el multiling\u00fcismo<\/li>\r\n<li>Esta educaci\u00f3n se convierte en un modelo social y conduce a una sociedad abierta y diversa a todos los niveles<\/li>\r\n<\/ul>\r\n<p>&nbsp;<\/p>\r\n<p><a href=\"#_ftnref1\" name=\"_ftn1\">[1]<\/a> En l\u00ednea con los principios educativos para ni\u00f1os de 0 a 10 a\u00f1os en guarder\u00edas y escuelas primarias de Renania del Norte-Westfalia publicados en 2016: <a href=\"https:\/\/www.mfkjks.nrw\/sites\/default\/files\/asset\/document\/bildungsgrundsaetze_januar_2016.pdf\">https:\/\/www.mfkjks.nrw\/sites\/default\/files\/asset\/document\/bildungsgrundsaetze_januar_2016.pdf<\/a> (a 04\/05\/2016).<\/p>\r\n<p>&nbsp;<\/p>\r\n\t<h4><strong>Instituci\u00f3n educativa participante<br \/>\r\n<\/strong><\/h4>\r\n<p><strong>\u00bfQu\u00e9 obtengo con Rucksack KiTa?<\/strong><\/p>\r\n<ul>\r\n<li>Semanal <em>Rucksack KiTa<\/em>-Grupo<\/li>\r\n<li>Asesores de padres cualificados<\/li>\r\n<li>Formaci\u00f3n, apoyo y reflexi\u00f3n<\/li>\r\n<li>Equipar las instalaciones, por ejemplo, con materiales de juego que tengan en cuenta la diversidad, libros, im\u00e1genes, as\u00ed como ideas y sugerencias para crear un entorno estimulante para el aprendizaje y el lenguaje en todas las lenguas disponibles para los ni\u00f1os.<\/li>\r\n<\/ul>\r\n<p><strong>\u00bfQu\u00e9 refuerza\/reforza el Rucksack KiTa?<\/strong><\/p>\r\n<ul>\r\n<li>Conocimiento pr\u00e1ctico de los enfoques conscientes de la diversidad y su aplicaci\u00f3n establecida<\/li>\r\n<li>Apertura a las aportaciones de las familias con una historia internacional para la vida cotidiana de la guarder\u00eda<\/li>\r\n<li>Interacci\u00f3n con padres con antecedentes familiares internacionales<\/li>\r\n<li>Akzeptanz Eltern = \u201eErziehungsexperten&#8220;<\/li>\r\n<li>Cumplimiento de los requisitos legales (v\u00e9ase, por ejemplo, para NRW KiBiz)<\/li>\r\n<li>Aprovechar el potencial del multiling\u00fcismo<\/li>\r\n<li>Mejor preparaci\u00f3n para la educaci\u00f3n posterior, mejores oportunidades educativas para los ni\u00f1os<\/li>\r\n<\/ul>\r\n<p><strong>\u00bfC\u00f3mo cambia esto nuestra forma de trabajar juntos?<\/strong><\/p>\r\n<ul>\r\n<li>\r\n<ul>\r\n<li>Reforzar la asociaci\u00f3n educativa con los padres\/familias a lo largo de la cadena educativa<\/li>\r\n<li>Los centros educativos se abren desde una edad temprana a la migraci\u00f3n y a la diversidad<a href=\"#_ftn1\" name=\"_ftnref1\">[1]<\/a><\/li>\r\n<\/ul>\r\n<\/li>\r\n<\/ul>\r\n<p>&nbsp;<\/p>\r\n<p><a href=\"#_ftnref1\" name=\"_ftn1\">[1]<\/a> <a href=\"http:\/\/publi.lvr.de\/publi\/PDF\/750-Gemeinsam-Verschieden.pdf\">http:\/\/publi.lvr.de\/publi\/PDF\/750-Gemeinsam-Verschieden.pdf<\/a>, p. 9 (a 04\/05\/2016).<\/p>","protected":false},"excerpt":{"rendered":"<div class=\"entry-summary\">\n<div class=\"entry-summary\">\nAqu\u00ed encontrar\u00e1 el impacto en los siguientes grupos destinatarios: Padres\/familias, asesores de padres, profesionales de la educaci\u00f3n, ni\u00f1os e instituciones educativas.\n<\/div>\n<div class=\"link-more\"><a href=\"https:\/\/www.griffbereit-rucksack.de\/es\/rucksack-kita\/wirkung-rucksack-kita\/\" class=\"more-link\">Seguir leyendo<span class=\"screen-reader-text\"> &ldquo;Wirkung Rucksack KiTa&rdquo;<\/span>...<\/a><\/div>\n<\/div>\n<div class=\"link-more\"><a href=\"https:\/\/www.griffbereit-rucksack.de\/es\/rucksack-kita\/wirkung-rucksack-kita\/\" class=\"more-link\">Seguir leyendo<span class=\"screen-reader-text\"> &ldquo;Wirkung Rucksack KiTa&rdquo;<\/span>...<\/a><\/div>","protected":false},"author":1,"featured_media":0,"parent":623,"menu_order":0,"comment_status":"closed","ping_status":"closed","template":"","meta":{"_acf_changed":false,"footnotes":""},"class_list":["post-648","page","type-page","status-publish","hentry","entry"],"acf":[],"_links":{"self":[{"href":"https:\/\/www.griffbereit-rucksack.de\/es\/wp-json\/wp\/v2\/pages\/648","targetHints":{"allow":["GET"]}}],"collection":[{"href":"https:\/\/www.griffbereit-rucksack.de\/es\/wp-json\/wp\/v2\/pages"}],"about":[{"href":"https:\/\/www.griffbereit-rucksack.de\/es\/wp-json\/wp\/v2\/types\/page"}],"author":[{"embeddable":true,"href":"https:\/\/www.griffbereit-rucksack.de\/es\/wp-json\/wp\/v2\/users\/1"}],"replies":[{"embeddable":true,"href":"https:\/\/www.griffbereit-rucksack.de\/es\/wp-json\/wp\/v2\/comments?post=648"}],"version-history":[{"count":0,"href":"https:\/\/www.griffbereit-rucksack.de\/es\/wp-json\/wp\/v2\/pages\/648\/revisions"}],"up":[{"embeddable":true,"href":"https:\/\/www.griffbereit-rucksack.de\/es\/wp-json\/wp\/v2\/pages\/623"}],"wp:attachment":[{"href":"https:\/\/www.griffbereit-rucksack.de\/es\/wp-json\/wp\/v2\/media?parent=648"}],"curies":[{"name":"wp","href":"https:\/\/api.w.org\/{rel}","templated":true}]}}