{"id":637,"date":"2019-09-12T15:06:35","date_gmt":"2019-09-12T13:06:35","guid":{"rendered":"https:\/\/www.griffbereit-rucksack.de\/?page_id=637"},"modified":"2021-04-27T12:28:57","modified_gmt":"2021-04-27T10:28:57","slug":"bildungsansaetze-rucksack-kita","status":"publish","type":"page","link":"https:\/\/www.griffbereit-rucksack.de\/es\/rucksack-kita\/bildungsansaetze-rucksack-kita\/","title":{"rendered":"Enfoques educativos Rucksack KiTa"},"content":{"rendered":"<h2>\n\t\t\"La educaci\u00f3n es el mayor regalo que podemos hacer a nuestros hijos\". (Cat Stevens)\n\t<\/h2>\n\t<p>Objetivo de <em>Rucksack KiTa <\/em>es la educaci\u00f3n ling\u00fc\u00edstica infantil, general y multiling\u00fce, siempre sistem\u00e1tica e integrada en la vida cotidiana. Esto se debe a que fomenta el desarrollo ling\u00fc\u00edstico de los ni\u00f1os en particular.<\/p>\n\n<ul>\n<li>la promoci\u00f3n del desarrollo general del ni\u00f1o<\/li>\n<li>Reforzar la participaci\u00f3n de los padres\/familias<\/li>\n<li>Establecer y ampliar la asociaci\u00f3n educativa<\/li>\n<li>la apertura de la instituci\u00f3n educativa orientada a la diversidad y a la inmigraci\u00f3n<\/li>\n<\/ul>\n<p>El programa se basa en la idea de la participaci\u00f3n y la transferencia de responsabilidades (capacitaci\u00f3n): Todas las partes interesadas act\u00faan como expertos en su \"propio campo\". Reciben materiales, formaci\u00f3n, informaci\u00f3n, ofertas, etc. especialmente adaptados a sus necesidades y competencias, que ponen en pr\u00e1ctica de forma activa e independiente en su vida cotidiana y en su propia lengua.<\/p>\n\t<p>En el esp\u00edritu de la asociaci\u00f3n educativa que se ha establecido <em>Rucksack KiTa<\/em> s\u00f3lo multidimensional: los padres\/familias ensayan temas y actividades en su grupo, que luego ampl\u00edan con los ni\u00f1os en casa en las lenguas familiares. Al mismo tiempo, la guarder\u00eda apoya el desarrollo ling\u00fc\u00edstico (multiling\u00fce) de los ni\u00f1os mediante actividades cotidianas. Un potencial valioso, porque:<\/p>\n\n<em>Rucksack KiTa<\/em> \u00ae \u00a1mucho m\u00e1s que la ense\u00f1anza de idiomas!<br \/>\nEl programa combina la educaci\u00f3n ling\u00fc\u00edstica y la crianza de los ni\u00f1os con un concepto de educaci\u00f3n familiar y apoya el desarrollo orientado a la diversidad y a la migraci\u00f3n social de la instituci\u00f3n educativa: una inversi\u00f3n a largo plazo contra la desigualdad de oportunidades en el sistema educativo, la exclusi\u00f3n y los prejuicios.","protected":false},"excerpt":{"rendered":"<div class=\"entry-summary\">\n<div class=\"entry-summary\">\nRucksack KiTa se basa en la idea de participaci\u00f3n y capacitaci\u00f3n. Todas las partes interesadas son consideradas y tratadas como expertos en su \"propio campo\".\n<\/div>\n<div class=\"link-more\"><a href=\"https:\/\/www.griffbereit-rucksack.de\/es\/rucksack-kita\/bildungsansaetze-rucksack-kita\/\" class=\"more-link\">Seguir leyendo<span class=\"screen-reader-text\"> &ldquo;Bildungsans\u00e4tze Rucksack KiTa&rdquo;<\/span>...<\/a><\/div>\n<\/div>\n<div class=\"link-more\"><a href=\"https:\/\/www.griffbereit-rucksack.de\/es\/rucksack-kita\/bildungsansaetze-rucksack-kita\/\" class=\"more-link\">Seguir leyendo<span class=\"screen-reader-text\"> &ldquo;Bildungsans\u00e4tze Rucksack KiTa&rdquo;<\/span>...<\/a><\/div>","protected":false},"author":1,"featured_media":0,"parent":623,"menu_order":3,"comment_status":"closed","ping_status":"closed","template":"","meta":{"_acf_changed":false,"footnotes":""},"class_list":["post-637","page","type-page","status-publish","hentry","entry"],"acf":[],"_links":{"self":[{"href":"https:\/\/www.griffbereit-rucksack.de\/es\/wp-json\/wp\/v2\/pages\/637","targetHints":{"allow":["GET"]}}],"collection":[{"href":"https:\/\/www.griffbereit-rucksack.de\/es\/wp-json\/wp\/v2\/pages"}],"about":[{"href":"https:\/\/www.griffbereit-rucksack.de\/es\/wp-json\/wp\/v2\/types\/page"}],"author":[{"embeddable":true,"href":"https:\/\/www.griffbereit-rucksack.de\/es\/wp-json\/wp\/v2\/users\/1"}],"replies":[{"embeddable":true,"href":"https:\/\/www.griffbereit-rucksack.de\/es\/wp-json\/wp\/v2\/comments?post=637"}],"version-history":[{"count":0,"href":"https:\/\/www.griffbereit-rucksack.de\/es\/wp-json\/wp\/v2\/pages\/637\/revisions"}],"up":[{"embeddable":true,"href":"https:\/\/www.griffbereit-rucksack.de\/es\/wp-json\/wp\/v2\/pages\/623"}],"wp:attachment":[{"href":"https:\/\/www.griffbereit-rucksack.de\/es\/wp-json\/wp\/v2\/media?parent=637"}],"curies":[{"name":"wp","href":"https:\/\/api.w.org\/{rel}","templated":true}]}}