{"id":623,"date":"2019-09-12T14:47:37","date_gmt":"2019-09-12T12:47:37","guid":{"rendered":"https:\/\/www.griffbereit-rucksack.de\/?page_id=623"},"modified":"2023-08-08T11:17:12","modified_gmt":"2023-08-08T09:17:12","slug":"rucksack-kita","status":"publish","type":"page","link":"https:\/\/www.griffbereit-rucksack.de\/es\/rucksack-kita\/","title":{"rendered":"Rucksack KiTa"},"content":{"rendered":"<h2><strong>Bienvenido a Rucksack KiTa<\/strong><\/h2>\n<p><strong>Sprachbildung gemeinsam tragen &#8211; mehrsprachig und alltagsintegriert<\/strong><\/p>\n\t<p><strong><em>Rucksack KiTa <\/em><\/strong>es un programa ling\u00fc\u00edstico y educativo para ni\u00f1os KiTa de entre cuatro y seis a\u00f1os con antecedentes familiares internacionales, as\u00ed como para sus padres\/familiares y el centro educativo. El programa se centra en la educaci\u00f3n ling\u00fc\u00edstica general y multiling\u00fce integrada en la vida cotidiana.<\/p>\n<p>C\u00f3mo <em>Griffbereit<\/em> tambi\u00e9n procede de <em>Rucksack KiTa <\/em>de los Pa\u00edses Bajos. El programa se ha aplicado con \u00e9xito, se ha evaluado y se ha desarrollado continuamente en Renania del Norte-Westfalia desde 1999. En la actualidad, el programa se desarrolla en todo el pa\u00eds y en Austria. Tambi\u00e9n aumentan las solicitudes de otros pa\u00edses europeos.<\/p>\n<p>Los responsables del programa son el <em>Centros de coordinaci\u00f3n nacionales<\/em> (LaKo). Llevan gestionando y apoyando la implantaci\u00f3n desde 2013.<\/p>\n\t\t\t<a href=\"https:\/\/www.griffbereit-rucksack.de\/es\/angebot-rucksack-kita\/\" target=\"_self\" role=\"button\" rel=\"noopener\">\n\t\t\t\t\t\t\tOFERTA\n\t\t\t<\/a>\n\t\t\t<a href=\"https:\/\/www.griffbereit-rucksack.de\/es\/ablauf-rucksack-kita\/\" target=\"_self\" role=\"button\" rel=\"noopener\">\n\t\t\t\t\t\t\tPROCESO\n\t\t\t<\/a>\n\t\t\t<a href=\"https:\/\/www.griffbereit-rucksack.de\/es\/zielgruppen-rucksack-kita\/\" target=\"_self\" role=\"button\" rel=\"noopener\">\n\t\t\t\t\t\t\tGRUPOS DESTINATARIOS\n\t\t\t<\/a>\n\t<iframe width=\"560\" height=\"315\" src=\"https:\/\/www.youtube.com\/embed\/QwJytRMI-qw\" frameborder=\"0\" allow=\"accelerometer; autoplay; clipboard-write; encrypted-media; gyroscope; picture-in-picture\" allowfullscreen><\/iframe>\n\t<p><a href=\"https:\/\/www.youtube.com\/watch?v=Vq5MeFEWRw8\" target=\"_blank\" rel=\"noopener\">Pulse aqu\u00ed para ver la versi\u00f3n larga del v\u00eddeo<\/a><\/p>\n<p><em>Rucksack KiTa <\/em>se sit\u00faa en la interfaz entre el lugar de aprendizaje formal de la guarder\u00eda y las ofertas educativas y de apoyo informales. El programa se desarrolla en la guarder\u00eda o en un centro familiar. Este es tambi\u00e9n un requisito b\u00e1sico para la aplicaci\u00f3n del programa. Los padres\/familias y la guarder\u00eda establecen una asociaci\u00f3n educativa de la que ambas partes se benefician a largo plazo.<\/p>\n<p><strong>La instituci\u00f3n educativa tiene la oportunidad de abrirse a la migraci\u00f3n y a la diversidad.<\/strong><\/p>","protected":false},"excerpt":{"rendered":"<div class=\"entry-summary\">\n<div class=\"entry-summary\">\nWillkommen bei Rucksack KiTa Sprachbildung gemeinsam tragen &#8211; mehrsprachig und alltagsintegriert Rucksack KiTa ist ein Sprach- und Bildungsprogramm&hellip;\n<\/div>\n<div class=\"link-more\"><a href=\"https:\/\/www.griffbereit-rucksack.de\/es\/rucksack-kita\/\" class=\"more-link\">Seguir leyendo<span class=\"screen-reader-text\"> &ldquo;Rucksack KiTa&rdquo;<\/span>...<\/a><\/div>\n<\/div>\n<div class=\"link-more\"><a href=\"https:\/\/www.griffbereit-rucksack.de\/es\/rucksack-kita\/\" class=\"more-link\">Seguir leyendo<span class=\"screen-reader-text\"> &ldquo;Rucksack KiTa&rdquo;<\/span>...<\/a><\/div>","protected":false},"author":1,"featured_media":0,"parent":0,"menu_order":0,"comment_status":"closed","ping_status":"closed","template":"templates\/subpages.php","meta":{"_acf_changed":false,"footnotes":""},"class_list":["post-623","page","type-page","status-publish","hentry","entry"],"acf":[],"_links":{"self":[{"href":"https:\/\/www.griffbereit-rucksack.de\/es\/wp-json\/wp\/v2\/pages\/623","targetHints":{"allow":["GET"]}}],"collection":[{"href":"https:\/\/www.griffbereit-rucksack.de\/es\/wp-json\/wp\/v2\/pages"}],"about":[{"href":"https:\/\/www.griffbereit-rucksack.de\/es\/wp-json\/wp\/v2\/types\/page"}],"author":[{"embeddable":true,"href":"https:\/\/www.griffbereit-rucksack.de\/es\/wp-json\/wp\/v2\/users\/1"}],"replies":[{"embeddable":true,"href":"https:\/\/www.griffbereit-rucksack.de\/es\/wp-json\/wp\/v2\/comments?post=623"}],"version-history":[{"count":0,"href":"https:\/\/www.griffbereit-rucksack.de\/es\/wp-json\/wp\/v2\/pages\/623\/revisions"}],"wp:attachment":[{"href":"https:\/\/www.griffbereit-rucksack.de\/es\/wp-json\/wp\/v2\/media?parent=623"}],"curies":[{"name":"wp","href":"https:\/\/api.w.org\/{rel}","templated":true}]}}