{"id":541,"date":"2019-09-06T14:46:03","date_gmt":"2019-09-06T12:46:03","guid":{"rendered":"https:\/\/www.griffbereit-rucksack.de\/?page_id=541"},"modified":"2021-07-08T10:04:27","modified_gmt":"2021-07-08T08:04:27","slug":"umsetzung-griffbereit","status":"publish","type":"page","link":"https:\/\/www.griffbereit-rucksack.de\/es\/griffbereit\/umsetzung-griffbereit\/","title":{"rendered":"Realizaci\u00f3n Griffbereit"},"content":{"rendered":"<h2>\n\t\tRealizaci\u00f3n Griffbereit\n\t<\/h2>\n\t\n\t<p>La realizaci\u00f3n de <em>Griffbereit<\/em> ha sido gestionado y apoyado en Renania del Norte-Westfalia por el centro de coordinaci\u00f3n estatal (LaKo) desde 2013.<\/p>\n<p>Desde 2017, el <em>LaKo<\/em> La fundaci\u00f3n Auridis Stiftung gGmbH tambi\u00e9n apoya el traslado a escala nacional. En la actualidad ya hay m\u00e1s de <strong>470 <em>Griffbereit<\/em>-Grupos<\/strong>. El programa tambi\u00e9n se est\u00e1 aplicando con \u00e9xito en otros pa\u00edses europeos.<\/p>\n<strong>Condiciones generales<br>\n<\/strong>Una opci\u00f3n de liquidaci\u00f3n adecuada para<em> Griffbereit<\/em> son centros familiares o instituciones educativas que constituyen un punto de contacto para padres\/familias con antecedentes familiares internacionales, por ejemplo, proveedores de cursos de integraci\u00f3n alem\u00e1n\/padres, ofertas puente. Adem\u00e1s, son posibles las ofertas abiertas en centros de alojamiento para familias con experiencia de refugiados.\n<p>Si a\u00fan no existe una oficina de coordinaci\u00f3n estatal o una oficina de coordinaci\u00f3n local en el estado federado, las organizaciones interesadas (patrocinadoras del programa) concluyen un acuerdo de cooperaci\u00f3n con el<em> LaKo<\/em> NRW. A continuaci\u00f3n, reciben el <em>Griffbereit<\/em>-paquete de material gratuito en formato PDF.<\/p>\n\t\t\t<a href=\"https:\/\/www.griffbereit-rucksack.de\/es\/griffbereit-material\/\" target=\"_self\" role=\"button\" rel=\"noopener\">\n\t\t\t\t\t\t\tVisi\u00f3n general del material Griffbereit\n\t\t\t<\/a>\n\t<p>En virtud del acuerdo, todos los proveedores del programa se comprometen a cumplir las normas de calidad del programa y a garantizarlas a todos los niveles. El proveedor local del programa financia la ejecuci\u00f3n del programa, as\u00ed como la formaci\u00f3n, los honorarios y la orientaci\u00f3n de los animadores de los grupos.<\/p>\n<p>El equipo federal de transferencia con sede en la ZfTI coordina y\/o apoya el programa en todo el pa\u00eds, tambi\u00e9n en cooperaci\u00f3n con otras oficinas y agencias, y ofrece actos informativos y cursos de formaci\u00f3n. El equipo federal de transferencia tambi\u00e9n se encarga de proporcionar apoyo t\u00e9cnico continuo. El objetivo es establecer centros de coordinaci\u00f3n estatales en cada estado federal en el que se utilice el programa para garantizar un apoyo espec\u00edfico al trabajo sobre el terreno.<\/p>\n\t\t\t<a href=\"https:\/\/www.griffbereit-rucksack.de\/es\/organisatorisches-griffbereit\/\" target=\"_self\" role=\"button\" rel=\"noopener\">\n\t\t\t\t\t\t\tVisi\u00f3n general de la organizaci\u00f3n\n\t\t\t<\/a>","protected":false},"excerpt":{"rendered":"<div class=\"entry-summary\">\n<div class=\"entry-summary\">\nLa implementaci\u00f3n en Renania del Norte-Westfalia ha sido gestionada y apoyada por el centro de coordinaci\u00f3n estatal (LaKo) desde 2013.\n<\/div>\n<div class=\"link-more\"><a href=\"https:\/\/www.griffbereit-rucksack.de\/es\/griffbereit\/umsetzung-griffbereit\/\" class=\"more-link\">Seguir leyendo<span class=\"screen-reader-text\"> &ldquo;Umsetzung Griffbereit&rdquo;<\/span>...<\/a><\/div>\n<\/div>\n<div class=\"link-more\"><a href=\"https:\/\/www.griffbereit-rucksack.de\/es\/griffbereit\/umsetzung-griffbereit\/\" class=\"more-link\">Seguir leyendo<span class=\"screen-reader-text\"> &ldquo;Umsetzung Griffbereit&rdquo;<\/span>...<\/a><\/div>","protected":false},"author":1,"featured_media":0,"parent":530,"menu_order":0,"comment_status":"closed","ping_status":"closed","template":"","meta":{"_acf_changed":false,"footnotes":""},"class_list":["post-541","page","type-page","status-publish","hentry","entry"],"acf":[],"_links":{"self":[{"href":"https:\/\/www.griffbereit-rucksack.de\/es\/wp-json\/wp\/v2\/pages\/541","targetHints":{"allow":["GET"]}}],"collection":[{"href":"https:\/\/www.griffbereit-rucksack.de\/es\/wp-json\/wp\/v2\/pages"}],"about":[{"href":"https:\/\/www.griffbereit-rucksack.de\/es\/wp-json\/wp\/v2\/types\/page"}],"author":[{"embeddable":true,"href":"https:\/\/www.griffbereit-rucksack.de\/es\/wp-json\/wp\/v2\/users\/1"}],"replies":[{"embeddable":true,"href":"https:\/\/www.griffbereit-rucksack.de\/es\/wp-json\/wp\/v2\/comments?post=541"}],"version-history":[{"count":0,"href":"https:\/\/www.griffbereit-rucksack.de\/es\/wp-json\/wp\/v2\/pages\/541\/revisions"}],"up":[{"embeddable":true,"href":"https:\/\/www.griffbereit-rucksack.de\/es\/wp-json\/wp\/v2\/pages\/530"}],"wp:attachment":[{"href":"https:\/\/www.griffbereit-rucksack.de\/es\/wp-json\/wp\/v2\/media?parent=541"}],"curies":[{"name":"wp","href":"https:\/\/api.w.org\/{rel}","templated":true}]}}