{"id":538,"date":"2019-09-06T14:40:49","date_gmt":"2019-09-06T12:40:49","guid":{"rendered":"https:\/\/www.griffbereit-rucksack.de\/?page_id=538"},"modified":"2023-03-21T16:12:58","modified_gmt":"2023-03-21T15:12:58","slug":"bildungsansaetze-griffbereit","status":"publish","type":"page","link":"https:\/\/www.griffbereit-rucksack.de\/es\/griffbereit\/bildungsansaetze-griffbereit\/","title":{"rendered":"Enfoques educativos Griffbereit"},"content":{"rendered":"<h2>\n\t\t\"La educaci\u00f3n es el mayor regalo que podemos hacer a nuestros hijos\". (Cat Stevens)\n\t<\/h2>\n\t<p>Objetivo de <em>Griffbereit <\/em>es crear las bases de un multiling\u00fcismo s\u00f3lido a trav\u00e9s de una educaci\u00f3n ling\u00fc\u00edstica y familiar temprana. Se trata de un objetivo que la Uni\u00f3n Europea persigue desde 2002:<\/p>\n<p>Seg\u00fan el Consejo Europeo, deben fomentarse al menos dos lenguas adicionales desde la primera infancia. A largo plazo, el objetivo es fomentar el multiling\u00fcismo individual hasta que todos los ciudadanos tengan conocimientos pr\u00e1cticos de al menos dos lenguas adem\u00e1s de su lengua familiar<a href=\"#_ftn1\" name=\"_ftnref1\">[1]<\/a>. Una inversi\u00f3n que merece la pena, porque:<\/p>\n<p><strong>\"Cada nueva lengua es como una ventana abierta que nos proporciona una nueva visi\u00f3n del mundo y ampl\u00eda nuestra perspectiva de la vida\".<\/strong> <em>(Frank Harris)<\/em><\/p>\n<p><a href=\"#_ftnref1\" name=\"_ftn1\">[1]<\/a> Consejo Europeo de Barcelona, 15 y 16 de marzo de 2002, Conclusiones de la Presidencia, Parte I, 43.1.<\/p>\n\t<p>Todas las lenguas que traen consigo las familias representan un enorme potencial social que debe promoverse a toda costa. La promoci\u00f3n de la lengua alemana tambi\u00e9n desempe\u00f1a un papel decisivo: el alem\u00e1n es la lengua de la sociedad y de las instituciones educativas y, por tanto, el requisito previo para la integraci\u00f3n y el \u00e9xito social.<\/p>\n<strong><em>Griffbereit<\/em> \u00a1surte efecto incluso antes de que el KiTa!<\/strong><br \/>\nEl programa se desarrolla en guarder\u00edas, centros familiares, etc. De este modo, se introduce a las familias en el sistema educativo en una fase muy temprana y los ni\u00f1os experimentan la variedad, la comunidad y la diversidad como un enriquecimiento desde el principio. La asociaci\u00f3n educativa establecida aqu\u00ed con los padres\/familias apoya la apertura orientada a la diversidad de los centros educativos: Piedras angulares pioneras contra los prejuicios y la marginaci\u00f3n.","protected":false},"excerpt":{"rendered":"<div class=\"entry-summary\">\n<div class=\"entry-summary\">\nEl objetivo del programa Griffbereit es sentar las bases de un multiling\u00fcismo s\u00f3lido.\n<\/div>\n<div class=\"link-more\"><a href=\"https:\/\/www.griffbereit-rucksack.de\/es\/griffbereit\/bildungsansaetze-griffbereit\/\" class=\"more-link\">Seguir leyendo<span class=\"screen-reader-text\"> &ldquo;Bildungsans\u00e4tze Griffbereit&rdquo;<\/span>...<\/a><\/div>\n<\/div>\n<div class=\"link-more\"><a href=\"https:\/\/www.griffbereit-rucksack.de\/es\/griffbereit\/bildungsansaetze-griffbereit\/\" class=\"more-link\">Seguir leyendo<span class=\"screen-reader-text\"> &ldquo;Bildungsans\u00e4tze Griffbereit&rdquo;<\/span>...<\/a><\/div>","protected":false},"author":1,"featured_media":0,"parent":530,"menu_order":0,"comment_status":"closed","ping_status":"closed","template":"","meta":{"_acf_changed":false,"footnotes":""},"class_list":["post-538","page","type-page","status-publish","hentry","entry"],"acf":[],"_links":{"self":[{"href":"https:\/\/www.griffbereit-rucksack.de\/es\/wp-json\/wp\/v2\/pages\/538","targetHints":{"allow":["GET"]}}],"collection":[{"href":"https:\/\/www.griffbereit-rucksack.de\/es\/wp-json\/wp\/v2\/pages"}],"about":[{"href":"https:\/\/www.griffbereit-rucksack.de\/es\/wp-json\/wp\/v2\/types\/page"}],"author":[{"embeddable":true,"href":"https:\/\/www.griffbereit-rucksack.de\/es\/wp-json\/wp\/v2\/users\/1"}],"replies":[{"embeddable":true,"href":"https:\/\/www.griffbereit-rucksack.de\/es\/wp-json\/wp\/v2\/comments?post=538"}],"version-history":[{"count":0,"href":"https:\/\/www.griffbereit-rucksack.de\/es\/wp-json\/wp\/v2\/pages\/538\/revisions"}],"up":[{"embeddable":true,"href":"https:\/\/www.griffbereit-rucksack.de\/es\/wp-json\/wp\/v2\/pages\/530"}],"wp:attachment":[{"href":"https:\/\/www.griffbereit-rucksack.de\/es\/wp-json\/wp\/v2\/media?parent=538"}],"curies":[{"name":"wp","href":"https:\/\/api.w.org\/{rel}","templated":true}]}}