{"id":530,"date":"2019-09-06T14:22:43","date_gmt":"2019-09-06T12:22:43","guid":{"rendered":"https:\/\/www.griffbereit-rucksack.de\/?page_id=530"},"modified":"2023-10-12T12:36:18","modified_gmt":"2023-10-12T10:36:18","slug":"griffbereit","status":"publish","type":"page","link":"https:\/\/www.griffbereit-rucksack.de\/es\/griffbereit\/","title":{"rendered":"Griffbereit"},"content":{"rendered":"<h2><strong>Bienvenido a <em>Griffbereit<\/em><\/strong><\/h2>\n<p><strong>Mehr Eltern-Kind-Interaktion &#8211; f\u00fcr MehrSprachigkeit<\/strong><\/p>\n\t<p><strong><em>Griffbereit<\/em><\/strong> es un programa de educaci\u00f3n ling\u00fc\u00edstica y familiar para padres\/familias con y sin antecedentes familiares internacionales y sus hijos de uno a tres a\u00f1os. El programa se centra en la interacci\u00f3n entre padres e hijos para reforzar el desarrollo (multi)ling\u00fc\u00edstico.<\/p>\n<p>Los or\u00edgenes de este programa se encuentran en los Pa\u00edses Bajos. El probado <em>Bij de hand<\/em> se adapt\u00f3, complet\u00f3 y desarroll\u00f3 para Alemania en 1999 - bas\u00e1ndose en el grupo de trabajo IKEEP <em>(Desarrollo intercultural en la educaci\u00f3n primaria y elemental)<\/em> de la antigua RAA[1] en Renania del Norte-Westfalia. El programa <em>Griffbereit<\/em> ahora tambi\u00e9n se est\u00e1 aplicando con \u00e9xito fuera de Renania del Norte-Westfalia. El sitio <em>Centros de coordinaci\u00f3n nacionales<\/em> (LaKos) gestionan y apoyan la aplicaci\u00f3n del programa desde 2013, y tambi\u00e9n se ha aplicado con \u00e9xito en otros pa\u00edses europeos.<\/p>\n\t\t\t<a href=\"https:\/\/www.griffbereit-rucksack.de\/es\/griffbereit\/angebot-griffbereit\/\" target=\"_self\" role=\"button\" rel=\"noopener\">\n\t\t\t\t\t\t\tOFERTA\n\t\t\t<\/a>\n\t\t\t<a href=\"https:\/\/www.griffbereit-rucksack.de\/es\/griffbereit\/ablauf-griffbereit\/\" target=\"_self\" role=\"button\" rel=\"noopener\">\n\t\t\t\t\t\t\tPROCESO\n\t\t\t<\/a>\n\t\t\t<a href=\"https:\/\/www.griffbereit-rucksack.de\/es\/griffbereit\/zielgruppen-griffbereit\/\" target=\"_self\" role=\"button\" rel=\"noopener\">\n\t\t\t\t\t\t\tGRUPOS DESTINATARIOS\n\t\t\t<\/a>\n\t<iframe width=\"560\" height=\"315\" src=\"https:\/\/www.youtube.com\/embed\/g3dW79XKV24\" frameborder=\"0\" allow=\"accelerometer; autoplay; clipboard-write; encrypted-media; gyroscope; picture-in-picture\" allowfullscreen><\/iframe>\n\t<p>El programa se ofrece en guarder\u00edas, centros familiares o centros de educaci\u00f3n familiar, as\u00ed como en el contexto de organizaciones de inmigrantes, cursos de integraci\u00f3n, casas multigeneracionales<a href=\"#_ftn1\" name=\"_ftnref1\">[1]<\/a>etc. De este modo, las familias tienen la oportunidad de familiarizarse con el entorno vital y de aprendizaje de sus hijos en una fase temprana y de desempe\u00f1ar un papel activo en su configuraci\u00f3n.<\/p>\n<p><strong><em>Griffbereit<\/em><\/strong><strong> tambi\u00e9n puede servir como oferta de entrada a las guarder\u00edas.<\/strong><\/p>\n<p><a href=\"#_ftnref1\" name=\"_ftn1\">[1]<\/a> Seg\u00fan el estado federal<\/p>\n<p>&nbsp;<\/p>","protected":false},"excerpt":{"rendered":"<div class=\"entry-summary\">\n<div class=\"entry-summary\">\nWillkommen bei Griffbereit Mehr Eltern-Kind-Interaktion &#8211; f\u00fcr MehrSprachigkeit Griffbereit ist ein Sprach- und Familienbildungsprogramm f\u00fcr Eltern\/Familien mit und&hellip;\n<\/div>\n<div class=\"link-more\"><a href=\"https:\/\/www.griffbereit-rucksack.de\/es\/griffbereit\/\" class=\"more-link\">Seguir leyendo<span class=\"screen-reader-text\"> &ldquo;Griffbereit&rdquo;<\/span>...<\/a><\/div>\n<\/div>\n<div class=\"link-more\"><a href=\"https:\/\/www.griffbereit-rucksack.de\/es\/griffbereit\/\" class=\"more-link\">Seguir leyendo<span class=\"screen-reader-text\"> &ldquo;Griffbereit&rdquo;<\/span>...<\/a><\/div>","protected":false},"author":1,"featured_media":0,"parent":0,"menu_order":0,"comment_status":"closed","ping_status":"closed","template":"templates\/subpages.php","meta":{"_acf_changed":false,"footnotes":""},"class_list":["post-530","page","type-page","status-publish","hentry","entry"],"acf":[],"_links":{"self":[{"href":"https:\/\/www.griffbereit-rucksack.de\/es\/wp-json\/wp\/v2\/pages\/530","targetHints":{"allow":["GET"]}}],"collection":[{"href":"https:\/\/www.griffbereit-rucksack.de\/es\/wp-json\/wp\/v2\/pages"}],"about":[{"href":"https:\/\/www.griffbereit-rucksack.de\/es\/wp-json\/wp\/v2\/types\/page"}],"author":[{"embeddable":true,"href":"https:\/\/www.griffbereit-rucksack.de\/es\/wp-json\/wp\/v2\/users\/1"}],"replies":[{"embeddable":true,"href":"https:\/\/www.griffbereit-rucksack.de\/es\/wp-json\/wp\/v2\/comments?post=530"}],"version-history":[{"count":0,"href":"https:\/\/www.griffbereit-rucksack.de\/es\/wp-json\/wp\/v2\/pages\/530\/revisions"}],"wp:attachment":[{"href":"https:\/\/www.griffbereit-rucksack.de\/es\/wp-json\/wp\/v2\/media?parent=530"}],"curies":[{"name":"wp","href":"https:\/\/api.w.org\/{rel}","templated":true}]}}