{"id":5161,"date":"2021-11-05T16:43:57","date_gmt":"2021-11-05T15:43:57","guid":{"rendered":"https:\/\/www.griffbereit-rucksack.de\/?page_id=5161"},"modified":"2021-11-05T16:47:45","modified_gmt":"2021-11-05T15:47:45","slug":"empowerment-2","status":"publish","type":"page","link":"https:\/\/www.griffbereit-rucksack.de\/es\/empowerment-2\/","title":{"rendered":"Empoderamiento"},"content":{"rendered":"<p>El t\u00e9rmino capacitaci\u00f3n puede entenderse como el fortalecimiento de las propias posibilidades de acci\u00f3n mediante formas de reconocimiento basadas en la solidaridad. A diferencia de conceptos como ayudar a las personas a ayudarse a s\u00ed mismas, el empoderamiento se refiere a la adquisici\u00f3n independiente de poder y se distancia as\u00ed de la heteronom\u00eda y la orientaci\u00f3n al d\u00e9ficit.<\/p>\n<p>Die Programme Griffbereit und Rucksack KiTa erkennen die Akteur*innen &#8211; also die Kinder und Familien, Elternbegleiter*innen und p\u00e4dagogischen Fachkr\u00e4fte &#8211; mit ihrer jeweiligen Expertise an. Im Rahmen der Programme begegnen sich also Expert*innen f\u00fcr Erziehung, Aufwachsen und Entwicklung, institutionelle Bildung, f\u00fcr Familienkultur und Familiensprache(n) auf einer Grundlage flacher Hierarchien.[1]\n[1] In flachen Hierarchien werden alle Beteiligten in Kommunikation und Entscheidungsprozesse eingebunden &#8211; so lebt diese Organisationsform von der Mitgestaltung aller Beteiligten.<\/p>\n\t<p>En este sentido, la capacitaci\u00f3n puede entenderse como el est\u00edmulo para ser visible, audible y estar presente y, por ejemplo, para desempe\u00f1ar un papel activo en la configuraci\u00f3n de la aplicaci\u00f3n del programa. Los programas Griffbereit y Rucksack KiTa ofrecen un alto potencial de identificaci\u00f3n, as\u00ed como oportunidades de intercambio y creaci\u00f3n de redes, especialmente para los padres mentores y los padres. Otros efectos potenciadores pueden ser el aumento de la concienciaci\u00f3n sobre cuestiones relacionadas con la crianza, el est\u00edmulo en su propio papel como padres y como personas, o la experiencia de ampliar y transmitir sus propios conocimientos.<\/p>\n<p>Griffbereit y Rucksack KiTa tambi\u00e9n refuerzan el concepto multiling\u00fce de las instituciones educativas. Esto aumenta la representaci\u00f3n del multiling\u00fcismo en la vida cotidiana de las personas y transmite aprecio.<\/p>\n<p>Para una discusi\u00f3n m\u00e1s detallada del t\u00e9rmino empoderamiento y m\u00e1s consejos de lectura, vaya a <a href=\"https:\/\/www.griffbereit-rucksack.de\/es\/empowerment\/\">de esta manera<\/a>!<\/p>","protected":false},"excerpt":{"rendered":"<div class=\"entry-summary\">\n<div class=\"entry-summary\">\nUnter dem Begriff Empowerment kann das Best\u00e4rken der eigenen Handlungsm\u00f6glichkeiten durch solidarische Formen der Anerkennung verstanden werden. Im&hellip;\n<\/div>\n<div class=\"link-more\"><a href=\"https:\/\/www.griffbereit-rucksack.de\/es\/empowerment-2\/\" class=\"more-link\">Seguir leyendo<span class=\"screen-reader-text\"> &ldquo;Empowerment&rdquo;<\/span>...<\/a><\/div>\n<\/div>\n<div class=\"link-more\"><a href=\"https:\/\/www.griffbereit-rucksack.de\/es\/empowerment-2\/\" class=\"more-link\">Seguir leyendo<span class=\"screen-reader-text\"> &ldquo;Empowerment&rdquo;<\/span>...<\/a><\/div>","protected":false},"author":273,"featured_media":0,"parent":0,"menu_order":0,"comment_status":"closed","ping_status":"closed","template":"","meta":{"_acf_changed":false,"footnotes":""},"class_list":["post-5161","page","type-page","status-publish","hentry","entry"],"acf":[],"_links":{"self":[{"href":"https:\/\/www.griffbereit-rucksack.de\/es\/wp-json\/wp\/v2\/pages\/5161","targetHints":{"allow":["GET"]}}],"collection":[{"href":"https:\/\/www.griffbereit-rucksack.de\/es\/wp-json\/wp\/v2\/pages"}],"about":[{"href":"https:\/\/www.griffbereit-rucksack.de\/es\/wp-json\/wp\/v2\/types\/page"}],"author":[{"embeddable":true,"href":"https:\/\/www.griffbereit-rucksack.de\/es\/wp-json\/wp\/v2\/users\/273"}],"replies":[{"embeddable":true,"href":"https:\/\/www.griffbereit-rucksack.de\/es\/wp-json\/wp\/v2\/comments?post=5161"}],"version-history":[{"count":0,"href":"https:\/\/www.griffbereit-rucksack.de\/es\/wp-json\/wp\/v2\/pages\/5161\/revisions"}],"wp:attachment":[{"href":"https:\/\/www.griffbereit-rucksack.de\/es\/wp-json\/wp\/v2\/media?parent=5161"}],"curies":[{"name":"wp","href":"https:\/\/api.w.org\/{rel}","templated":true}]}}