{"id":5157,"date":"2021-11-05T16:35:06","date_gmt":"2021-11-05T15:35:06","guid":{"rendered":"https:\/\/www.griffbereit-rucksack.de\/?page_id=5157"},"modified":"2021-11-05T16:40:35","modified_gmt":"2021-11-05T15:40:35","slug":"diversitaet-2","status":"publish","type":"page","link":"https:\/\/www.griffbereit-rucksack.de\/es\/diversitaet-2\/","title":{"rendered":"Diversidad"},"content":{"rendered":"<p>Diversidad puede traducirse como diferencia o variedad y resume un rasgo central de la realidad de la sociedad migratoria. El concepto pedag\u00f3gico en el que se basa hace referencia al hecho de que las diferentes identidades de grupo y las diversas normalidades del mundo de la vida desempe\u00f1an un papel importante en la interacci\u00f3n social, independientemente de si estos grupos existen objetivamente o de si se trata de un sentimiento subjetivo de pertenencia. Al nombrar la diversidad, se centra la atenci\u00f3n en esta realidad. S\u00f3lo as\u00ed es posible desarrollar un acercamiento consciente a ella y anclarla en la vida cotidiana. Comprometerse activamente con la diversidad significa ampliar la propia capacidad pedag\u00f3gica para actuar y reflexionar. Por ejemplo, es importante reflexionar sobre la cuesti\u00f3n de qu\u00e9 ideas de normalidad se incorporan a la propia percepci\u00f3n de la diversidad social.<\/p>\n\t<p>Lo caracter\u00edstico del enfoque de la diversidad, tal y como se lleva a cabo en los programas Griffbereit y Rucksack KiTa, es la actitud apreciativa hacia el hecho de que las experiencias de las personas son diferentes, pero normales para ellas. Por tanto, la diversidad no se concibe como una descripci\u00f3n eufem\u00edstica de la extranjer\u00eda o la alteridad, s\u00f3lo para ser problematizada como un reto o una dificultad pedag\u00f3gica. Por el contrario, el t\u00e9rmino se utiliza para adoptar una perspectiva que reconoce que la diversidad puede encontrarse all\u00ed donde se encuentran las personas. Este enfoque pedag\u00f3gico se distancia as\u00ed de centrarse en supuestos d\u00e9ficits.<\/p>\n<p>Para establecer y seguir desarrollando un enfoque pedag\u00f3gico sensible a la diversidad en el trabajo educativo, se necesitan enfoques pr\u00e1cticos concretos. Los programas Griffbereit y Rucksack KiTa no s\u00f3lo se dirigen a la diversidad ling\u00fc\u00edstica, sino que tambi\u00e9n reconocen la diversidad como base natural para crecer en una sociedad de migraci\u00f3n.<\/p>\n<p>Un debate m\u00e1s detallado sobre la diversidad, que incluye preguntas para la reflexi\u00f3n y consejos sobre bibliograf\u00eda, est\u00e1 disponible en <a href=\"https:\/\/www.griffbereit-rucksack.de\/es\/diversitaet\/\">que encontrar\u00e1 aqu\u00ed<\/a>!<\/p>\n<p>&nbsp;<\/p>","protected":false},"excerpt":{"rendered":"<div class=\"entry-summary\">\n<div class=\"entry-summary\">\nDiversit\u00e4t, international auch Diversity (engl.), kann mit Verschiedenheit oder Vielfalt \u00fcbersetzt werden und bringt ein zentrales Merkmal der&hellip;\n<\/div>\n<div class=\"link-more\"><a href=\"https:\/\/www.griffbereit-rucksack.de\/es\/diversitaet-2\/\" class=\"more-link\">Seguir leyendo<span class=\"screen-reader-text\"> &ldquo;Diversit\u00e4t&rdquo;<\/span>...<\/a><\/div>\n<\/div>\n<div class=\"link-more\"><a href=\"https:\/\/www.griffbereit-rucksack.de\/es\/diversitaet-2\/\" class=\"more-link\">Seguir leyendo<span class=\"screen-reader-text\"> &ldquo;Diversit\u00e4t&rdquo;<\/span>...<\/a><\/div>","protected":false},"author":273,"featured_media":0,"parent":0,"menu_order":0,"comment_status":"closed","ping_status":"closed","template":"","meta":{"_acf_changed":false,"footnotes":""},"class_list":["post-5157","page","type-page","status-publish","hentry","entry"],"acf":[],"_links":{"self":[{"href":"https:\/\/www.griffbereit-rucksack.de\/es\/wp-json\/wp\/v2\/pages\/5157","targetHints":{"allow":["GET"]}}],"collection":[{"href":"https:\/\/www.griffbereit-rucksack.de\/es\/wp-json\/wp\/v2\/pages"}],"about":[{"href":"https:\/\/www.griffbereit-rucksack.de\/es\/wp-json\/wp\/v2\/types\/page"}],"author":[{"embeddable":true,"href":"https:\/\/www.griffbereit-rucksack.de\/es\/wp-json\/wp\/v2\/users\/273"}],"replies":[{"embeddable":true,"href":"https:\/\/www.griffbereit-rucksack.de\/es\/wp-json\/wp\/v2\/comments?post=5157"}],"version-history":[{"count":0,"href":"https:\/\/www.griffbereit-rucksack.de\/es\/wp-json\/wp\/v2\/pages\/5157\/revisions"}],"wp:attachment":[{"href":"https:\/\/www.griffbereit-rucksack.de\/es\/wp-json\/wp\/v2\/media?parent=5157"}],"curies":[{"name":"wp","href":"https:\/\/api.w.org\/{rel}","templated":true}]}}