{"id":5152,"date":"2021-11-05T16:21:59","date_gmt":"2021-11-05T15:21:59","guid":{"rendered":"https:\/\/www.griffbereit-rucksack.de\/?page_id=5152"},"modified":"2021-11-05T16:48:40","modified_gmt":"2021-11-05T15:48:40","slug":"mehrsprachigkeit-2","status":"publish","type":"page","link":"https:\/\/www.griffbereit-rucksack.de\/es\/mehrsprachigkeit-2\/","title":{"rendered":"Multiling\u00fcismo"},"content":{"rendered":"<p>En todo el mundo, m\u00e1s de la mitad de las personas son multiling\u00fces y el multiling\u00fcismo tampoco es un fen\u00f3meno nuevo en Alemania. Por ejemplo, las personas que adquieren varias lenguas desde el nacimiento y la primera infancia se consideran multiling\u00fces, al igual que las personas que aprenden otras lenguas despu\u00e9s de su primera lengua en la adolescencia o la edad adulta.<\/p>\n<p>Todav\u00eda existen muchos mitos en torno al multiling\u00fcismo, es decir, creencias o afirmaciones de hecho sin justificaci\u00f3n emp\u00edrica que han sido o deben ser disipados cient\u00edficamente. Por ejemplo, existe la creencia generalizada de que crecer siendo multiling\u00fce supone un reto excesivo para los ni\u00f1os. De hecho, sin embargo, el multiling\u00fcismo no es la causa de los trastornos del desarrollo del lenguaje, ni representa un obst\u00e1culo cuando los ni\u00f1os est\u00e1n afectados por trastornos del desarrollo del lenguaje, autismo o trisom\u00eda 21, por ejemplo[1]. En general, se puede afirmar que el multiling\u00fcismo tiene un efecto positivo en el desarrollo cognitivo de los ni\u00f1os.<\/p>\n[1] Nachzulesen in Chilla, S.\/Niebuhr-Siebert, S. (2017): Mehrsprachigkeit in der KiTa. Grundlagen &#8211; Konzepte &#8211; Bildung. Stuttgart: Kohlhammer, S. 79.<\/p>\n\t<p>Los programas Griffbereit y Rucksack KiTa fomentan y apoyan la interacci\u00f3n entre padres e hijos para reforzar el desarrollo multiling\u00fce. Si los padres hablan mucho con sus hijos en la lengua con la que m\u00e1s se identifican o que mejor hablan, esto tiene un efecto fundamentalmente beneficioso en la adquisici\u00f3n del lenguaje y el desarrollo socioemocional.<\/p>\n<p>Un enfoque apreciativo del multiling\u00fcismo permite vivir la diversidad y fomenta la cohesi\u00f3n social. Para utilizar el multiling\u00fcismo como recurso educativo, los centros de ense\u00f1anza deben ofrecer oportunidades de desarrollo multiling\u00fce. Los programas Griffbereit y Rucksack KiTa combinan el enfoque de la educaci\u00f3n multiling\u00fce con un concepto de educaci\u00f3n parental consciente de la diversidad.<\/p>\n<p>Para obtener datos m\u00e1s detallados sobre c\u00f3mo crecer siendo multiling\u00fce y otras lecturas, vaya a <a href=\"https:\/\/www.griffbereit-rucksack.de\/es\/mehrsprachigkeit\/\">de esta manera<\/a>!<\/p>\n<p>&nbsp;<\/p>","protected":false},"excerpt":{"rendered":"<div class=\"entry-summary\">\n<div class=\"entry-summary\">\nWeltweit betrachtet ist mehr als die H\u00e4lfte aller Menschen mehrsprachig und auch in Deutschland ist Mehrsprachigkeit kein neues&hellip;\n<\/div>\n<div class=\"link-more\"><a href=\"https:\/\/www.griffbereit-rucksack.de\/es\/mehrsprachigkeit-2\/\" class=\"more-link\">Seguir leyendo<span class=\"screen-reader-text\"> &ldquo;Mehrsprachigkeit&rdquo;<\/span>...<\/a><\/div>\n<\/div>\n<div class=\"link-more\"><a href=\"https:\/\/www.griffbereit-rucksack.de\/es\/mehrsprachigkeit-2\/\" class=\"more-link\">Seguir leyendo<span class=\"screen-reader-text\"> &ldquo;Mehrsprachigkeit&rdquo;<\/span>...<\/a><\/div>","protected":false},"author":1,"featured_media":0,"parent":0,"menu_order":0,"comment_status":"closed","ping_status":"closed","template":"","meta":{"_acf_changed":false,"footnotes":""},"class_list":["post-5152","page","type-page","status-publish","hentry","entry"],"acf":[],"_links":{"self":[{"href":"https:\/\/www.griffbereit-rucksack.de\/es\/wp-json\/wp\/v2\/pages\/5152","targetHints":{"allow":["GET"]}}],"collection":[{"href":"https:\/\/www.griffbereit-rucksack.de\/es\/wp-json\/wp\/v2\/pages"}],"about":[{"href":"https:\/\/www.griffbereit-rucksack.de\/es\/wp-json\/wp\/v2\/types\/page"}],"author":[{"embeddable":true,"href":"https:\/\/www.griffbereit-rucksack.de\/es\/wp-json\/wp\/v2\/users\/1"}],"replies":[{"embeddable":true,"href":"https:\/\/www.griffbereit-rucksack.de\/es\/wp-json\/wp\/v2\/comments?post=5152"}],"version-history":[{"count":0,"href":"https:\/\/www.griffbereit-rucksack.de\/es\/wp-json\/wp\/v2\/pages\/5152\/revisions"}],"wp:attachment":[{"href":"https:\/\/www.griffbereit-rucksack.de\/es\/wp-json\/wp\/v2\/media?parent=5152"}],"curies":[{"name":"wp","href":"https:\/\/api.w.org\/{rel}","templated":true}]}}