{"id":3,"date":"2019-09-04T14:37:04","date_gmt":"2019-09-04T12:37:04","guid":{"rendered":"http:\/\/griffbereit-rucksack.de\/?page_id=3"},"modified":"2021-12-18T14:05:35","modified_gmt":"2021-12-18T13:05:35","slug":"datenschutzerklaerung","status":"publish","type":"page","link":"https:\/\/www.griffbereit-rucksack.de\/es\/datenschutzerklaerung\/","title":{"rendered":"Pol\u00edtica de privacidad"},"content":{"rendered":"<p><strong>Pol\u00edtica de privacidad<br \/>\n<\/strong><\/p>\n<p><strong>Nota general e informaci\u00f3n obligatoria<\/strong><\/p>\n<p>&nbsp;<\/p>\n<p><strong>Designaci\u00f3n del organismo responsable<\/strong><\/p>\n<p>El responsable del tratamiento de datos en este sitio web es :<\/p>\n<p>&nbsp;<\/p>\n<p>Fundaci\u00f3n Centro de Estudios Turcos e Investigaci\u00f3n sobre la Integraci\u00f3n (ZfTI)<\/p>\n<p>Altendorfer Str. 3, 45127 Essen<\/p>\n<p>Tel\u00e9fono: 0201 - 3198-0<\/p>\n<p>correo electr\u00f3nico: <a href=\"mailto:zfti@zfti.de\">zfti@zfti.de<\/a><\/p>\n<p>&nbsp;<\/p>\n<p>Responsable de la protecci\u00f3n de datos del responsable del tratamiento:<\/p>\n<p>Dra. Martina Sauer<\/p>\n<p>Fundaci\u00f3n Centro de Estudios Turcos e Investigaci\u00f3n sobre la Integraci\u00f3n<\/p>\n<p>Calle Altendorfer 3<\/p>\n<p>45127 Essen<\/p>\n<p>Alemania<\/p>\n<p>Tel\u00e9fono: 0201-3198-103<\/p>\n<p>correo electr\u00f3nico: <a href=\"mailto:datenschutz@zfti.de\">datenschutz@zfti.de<\/a><\/p>\n<p>P\u00e1gina web: www.zfti.de<\/p>\n<p>&nbsp;<\/p>\n<p>El responsable del tratamiento decide por s\u00ed solo o conjuntamente con otros los fines y medios del tratamiento de los datos personales (por ejemplo, nombres, datos de contacto, etc.).<\/p>\n<hr \/>\n<p><strong>Revocaci\u00f3n de su consentimiento para el tratamiento de datos<\/strong><\/p>\n<p>Algunas operaciones de tratamiento de datos s\u00f3lo son posibles con su consentimiento expreso. Puede retirar su consentimiento en cualquier momento. Una notificaci\u00f3n informal por correo electr\u00f3nico es suficiente para la revocaci\u00f3n. La legalidad del tratamiento de datos efectuado hasta la revocaci\u00f3n no se ver\u00e1 afectada por \u00e9sta.<\/p>\n<p><strong>Derecho a presentar una reclamaci\u00f3n ante la autoridad de control competente<\/strong><\/p>\n<p>Como interesado, tiene derecho a presentar una reclamaci\u00f3n ante la autoridad de control competente en caso de infracci\u00f3n de la ley de protecci\u00f3n de datos. La autoridad de control competente en materia de protecci\u00f3n de datos es el responsable estatal de protecci\u00f3n de datos del estado federado en el que se encuentra el domicilio social de nuestra empresa. En el siguiente enlace encontrar\u00e1 una lista de los responsables de la protecci\u00f3n de datos y sus datos de contacto: <a href=\"https:\/\/www.bfdi.bund.de\/DE\/Infothek\/Anschriften_Links\/anschriften_links-node.html\">https:\/\/www.bfdi.bund.de\/DE\/Infothek\/Anschriften_Links\/anschriften_links-node.html<\/a>.<\/p>\n<p><strong>Derecho a la portabilidad de los datos<\/strong><\/p>\n<p>Tiene derecho a que los datos que procesamos autom\u00e1ticamente sobre la base de su consentimiento o en cumplimiento de un contrato le sean entregados a usted o a terceros. Los datos se facilitar\u00e1n en un formato legible por m\u00e1quina. Si solicita la transferencia directa de los datos a otro responsable del tratamiento, s\u00f3lo se realizar\u00e1 en la medida en que sea t\u00e9cnicamente factible.<\/p>\n<p><strong>Derecho a la informaci\u00f3n, rectificaci\u00f3n, bloqueo, supresi\u00f3n<\/strong><\/p>\n<p>Usted tiene derecho a recibir informaci\u00f3n gratuita sobre sus datos personales almacenados, el origen de los mismos, sus destinatarios y la finalidad del tratamiento de datos y, en caso necesario, derecho a la rectificaci\u00f3n, bloqueo o eliminaci\u00f3n de estos datos en cualquier momento en el marco de las disposiciones legales aplicables. Puede ponerse en contacto con nosotros en cualquier momento a trav\u00e9s de las opciones de contacto indicadas en el aviso legal si tiene m\u00e1s preguntas sobre el tema de los datos personales.<\/p>\n<p><strong>Cifrado SSL o TLS<\/strong><\/p>\n<p>Por razones de seguridad y para proteger la transmisi\u00f3n de contenidos confidenciales que usted nos env\u00eda como operador del sitio, nuestro sitio web utiliza encriptaci\u00f3n SSL o TLS. Esto significa que los datos que usted transmite a trav\u00e9s de este sitio web no pueden ser le\u00eddos por terceros. Puede reconocer una conexi\u00f3n encriptada por la l\u00ednea de direcci\u00f3n \"https:\/\/\" de su navegador y el s\u00edmbolo del candado en la l\u00ednea del navegador.<\/p>\n<p><strong>Archivos de registro del servidor<\/strong><\/p>\n<p>El proveedor del sitio web recoge y almacena autom\u00e1ticamente la informaci\u00f3n que su navegador nos transmite en archivos de registro del servidor. Estos son<\/p>\n<ul>\n<li>P\u00e1gina visitada en nuestro dominio<\/li>\n<li>Fecha y hora de la solicitud al servidor<\/li>\n<li>Tipo de navegador y versi\u00f3n del navegador<\/li>\n<li>Sistema operativo utilizado<\/li>\n<li>URL de referencia<\/li>\n<li>Nombre del host del ordenador de acceso<\/li>\n<li>Direcci\u00f3n IP<\/li>\n<\/ul>\n<p>Estos datos no se fusionan con otras fuentes de datos. La base para el tratamiento de datos es el art. 6 p\u00e1rr. 1 lit. b GDPR, que permite el tratamiento de datos para el cumplimiento de un contrato o de medidas precontractuales.<\/p>\n<p><strong>Inscripci\u00f3n en este sitio web<\/strong><\/p>\n<p>Puede registrarse en nuestro sitio web para utilizar determinadas funciones. Los datos transmitidos se utilizan exclusivamente con el fin de utilizar la oferta o el servicio correspondiente. La informaci\u00f3n obligatoria solicitada durante el registro debe facilitarse en su totalidad. De lo contrario, rechazaremos el registro.<\/p>\n<p>En caso de cambios importantes, por ejemplo por razones t\u00e9cnicas, le informaremos por correo electr\u00f3nico. El correo electr\u00f3nico se enviar\u00e1 a la direcci\u00f3n facilitada durante el registro.<\/p>\n<p>El tratamiento de los datos introducidos durante el registro se basa en su consentimiento (Art. 6 p\u00e1rr. 1 lit. a GDPR). Puede retirar su consentimiento en cualquier momento. Una notificaci\u00f3n informal por correo electr\u00f3nico es suficiente para la cancelaci\u00f3n. La legalidad del procesamiento de datos que ya ha tenido lugar no se ve afectada por la cancelaci\u00f3n.<\/p>\n<p>Almacenamos los datos recogidos durante el registro durante el periodo en que usted est\u00e9 registrado en nuestra p\u00e1gina web. Sus datos se eliminar\u00e1n si cancela su registro. Los periodos de conservaci\u00f3n legales no se ver\u00e1n afectados.<\/p>\n<p><strong>Inscripci\u00f3n en eventos<\/strong><\/p>\n<p>Es posible inscribirse en los eventos que ofrecemos a trav\u00e9s de nuestra p\u00e1gina web. Los datos transmitidos se utilizan exclusivamente para una mejor planificaci\u00f3n de los eventos. La informaci\u00f3n obligatoria solicitada durante la inscripci\u00f3n debe facilitarse en su totalidad. De lo contrario, la inscripci\u00f3n ser\u00e1 rechazada.<\/p>\n<p>En caso de cambios importantes, por ejemplo por razones t\u00e9cnicas, le informaremos por correo electr\u00f3nico. El correo electr\u00f3nico se enviar\u00e1 a la direcci\u00f3n facilitada durante el registro.<\/p>\n<p>El tratamiento de los datos introducidos durante el registro se basa en su consentimiento (Art. 6 p\u00e1rr. 1 lit. a GDPR). Puede retirar su consentimiento en cualquier momento. Una notificaci\u00f3n informal por correo electr\u00f3nico es suficiente para la cancelaci\u00f3n. La legalidad del procesamiento de datos que ya ha tenido lugar no se ve afectada por la cancelaci\u00f3n.<\/p>\n<p>Al inscribirse en un evento, tambi\u00e9n acepta que pueda aparecer en las fotos que se tomen durante el mismo y que puedan publicarse en nuestra p\u00e1gina web.<\/p>\n<p><strong>Duraci\u00f3n del almacenamiento de mensajes y comentarios<\/strong><\/p>\n<p>Se almacenan las contribuciones y los comentarios, as\u00ed como los datos relacionados, como las direcciones IP. El contenido permanece en nuestro sitio web hasta que se haya eliminado por completo o deba eliminarse por motivos legales.<\/p>\n<p>Las publicaciones y los comentarios se almacenan sobre la base de su consentimiento (Art. 6 p\u00e1rr. 1 lit. a GDPR). Puede revocar su consentimiento en cualquier momento. Una notificaci\u00f3n informal por correo electr\u00f3nico es suficiente para la revocaci\u00f3n. La legalidad de las operaciones de tratamiento de datos que ya hayan tenido lugar no se ver\u00e1 afectada por la revocaci\u00f3n.<\/p>\n<p><strong>Cookies<\/strong><\/p>\n<p>Nuestro sitio web utiliza cookies. Se trata de peque\u00f1os archivos de texto que su navegador web almacena en su dispositivo final. Las cookies nos ayudan a que nuestro sitio web sea m\u00e1s f\u00e1cil de usar, eficaz y seguro.<\/p>\n<p>Algunas cookies son \"cookies de sesi\u00f3n\". Dichas cookies se eliminan autom\u00e1ticamente al final de la sesi\u00f3n de su navegador. Otras cookies, en cambio, permanecen en su dispositivo hasta que usted mismo las borra. Tales cookies nos ayudan a reconocerle cuando vuelve a nuestro sitio web.<\/p>\n<p>Con un navegador web moderno, puede controlar, restringir o impedir la instalaci\u00f3n de cookies. Muchos navegadores web pueden configurarse para que las cookies se eliminen autom\u00e1ticamente al cerrar el programa. La desactivaci\u00f3n de las cookies puede dar lugar a una funcionalidad limitada de nuestro sitio web.<\/p>\n<p>La instalaci\u00f3n de cookies, que son necesarias para la realizaci\u00f3n de procesos de comunicaci\u00f3n electr\u00f3nica o la prestaci\u00f3n de determinadas funciones deseadas por usted (por ejemplo, la cesta de la compra), tiene lugar sobre la base del art. 6 p\u00e1rr. 1 lit. f GDPR. Como operador de este sitio web, tenemos un inter\u00e9s leg\u00edtimo en el almacenamiento de cookies para la prestaci\u00f3n t\u00e9cnicamente sin errores y sin problemas de nuestros servicios. Si se instalan otras cookies (por ejemplo, para funciones de an\u00e1lisis), \u00e9stas se tratan por separado en esta pol\u00edtica de privacidad.<\/p>\n<p><strong>Contenido incrustado de otros sitios web<\/strong><\/p>\n<p>Las entradas de este sitio web pueden contener contenido incrustado (por ejemplo, v\u00eddeos, im\u00e1genes, art\u00edculos, etc.). El contenido incrustado de otros sitios web se comporta exactamente igual que si el visitante hubiera visitado el otro sitio web.<\/p>\n<p>Estos sitios web pueden recopilar datos sobre usted, utilizar cookies, incrustar servicios adicionales de seguimiento de terceros y registrar su interacci\u00f3n con este contenido incrustado, incluida su interacci\u00f3n con el contenido incrustado si ha iniciado sesi\u00f3n con una cuenta en el sitio web respectivo. Puede evitarlo cerrando previamente la sesi\u00f3n en el sitio web correspondiente.  Para m\u00e1s detalles, consulte las secciones sobre Vimeo, YouTube y Google.<\/p>\n<p><strong>Vimeo<\/strong><\/p>\n<p>Nuestro sitio web utiliza plugins de Vimeo para integrar y mostrar contenidos de v\u00eddeo. El proveedor del portal de v\u00eddeo es Vimeo Inc, 555 West 18th Street, New York, New York 10011, USA.<\/p>\n<p>Cuando se accede a una p\u00e1gina con un plugin de Vimeo integrado, se establece una conexi\u00f3n con los servidores de Vimeo. Esto indica a Vimeo cu\u00e1l de nuestras p\u00e1ginas ha visitado. Vimeo aprende su direcci\u00f3n IP, incluso si no est\u00e1 conectado al portal de v\u00eddeo o no tiene una cuenta en \u00e9l. La informaci\u00f3n recogida por Vimeo se transmite a los servidores del portal de v\u00eddeo en EE.UU..<\/p>\n<p>Vimeo puede asignar su comportamiento de navegaci\u00f3n directamente a su perfil personal. Puede evitarlo cerrando la sesi\u00f3n previamente.<\/p>\n<p>Los detalles sobre el tratamiento de los datos de los usuarios pueden consultarse en la pol\u00edtica de privacidad de Vimeo en: <a href=\"https:\/\/vimeo.com\/privacy\">https:\/\/vimeo.com\/privacy<\/a>.<\/p>\n<p><strong>YouTube<\/strong><\/p>\n<p>Nuestro sitio web utiliza plugins de YouTube para integrar y mostrar contenidos de v\u00eddeo. El proveedor del portal de v\u00eddeos es YouTube, LLC, 901 Cherry Ave, San Bruno, CA 94066, EE. UU.<\/p>\n<p>Cuando se accede a una p\u00e1gina con un plugin de YouTube integrado, se establece una conexi\u00f3n con los servidores de YouTube. Esto indica a YouTube cu\u00e1l de nuestras p\u00e1ginas ha visitado.<\/p>\n<p>YouTube puede asignar su comportamiento de navegaci\u00f3n directamente a su perfil personal si ha iniciado sesi\u00f3n en su cuenta de YouTube. Puede evitarlo cerrando la sesi\u00f3n previamente.<\/p>\n<p>El uso de YouTube redunda en inter\u00e9s de una presentaci\u00f3n atractiva de nuestras ofertas en l\u00ednea. Esto constituye un inter\u00e9s leg\u00edtimo en el sentido del Art. 6 p\u00e1rrafo 1 lit. f GDPR.<\/p>\n<p>Encontrar\u00e1 m\u00e1s detalles sobre el tratamiento de los datos de los usuarios en la pol\u00edtica de privacidad de YouTube en: https:\/\/www.google.de\/intl\/de\/policies\/privacy.<\/p>\n<p><strong>Google Maps<\/strong><\/p>\n<p>Este sitio web utiliza Google Maps para mostrar mapas interactivos y, posiblemente, para proporcionar direcciones. Google Maps es un servicio de mapas proporcionado por Google Inc, 1600 Amphitheatre Parkway, Mountain View, California 94043, EE.UU.. Al utilizar Google Maps, es posible que se transmita a Google en EE.UU. informaci\u00f3n sobre el uso de este sitio web, incluida su direcci\u00f3n IP y la direcci\u00f3n (de partida) introducida como parte de la funci\u00f3n del planificador de rutas. Cuando accede a una p\u00e1gina de nuestro sitio web que contiene Google Maps, su navegador establece una conexi\u00f3n directa con los servidores de Google. El contenido del mapa es transmitido por Google directamente a su navegador, que lo integra en la p\u00e1gina web. Por lo tanto, no tenemos ninguna influencia sobre el alcance de los datos recopilados por Google de esta forma.<\/p>\n<p><strong>Google Analytics<\/strong><\/p>\n<p>Nuestro sitio web utiliza funciones del servicio de an\u00e1lisis web Google Analytics. El proveedor del servicio de an\u00e1lisis web es Google Inc, 1600 Amphitheatre Parkway, Mountain View, CA 94043, Estados Unidos.<\/p>\n<p>Google Analytics utiliza \"cookies\". Se trata de peque\u00f1os archivos de texto que su navegador web almacena en su dispositivo final y que permiten analizar el uso del sitio web. La informaci\u00f3n generada por las cookies sobre su uso de nuestro sitio web se transmite a un servidor de Google y se almacena all\u00ed. La ubicaci\u00f3n del servidor suele ser EE.UU.<\/p>\n<p>Las cookies de Google Analytics se establecen sobre la base del Art. 6 p\u00e1rrafo 1 lit. f GDPR. Como operador de este sitio web, tenemos un inter\u00e9s leg\u00edtimo en analizar el comportamiento de los usuarios con el fin de optimizar nuestro sitio web y posiblemente tambi\u00e9n la publicidad.<\/p>\n<p><strong>Anonimizaci\u00f3n de IP<\/strong><\/p>\n<p>Utilizamos Google Analytics junto con la funci\u00f3n de anonimizaci\u00f3n de IP. \u00c9sta garantiza que Google trunque su direcci\u00f3n IP dentro de los estados miembros de la Uni\u00f3n Europea o en otros estados signatarios del Acuerdo sobre el Espacio Econ\u00f3mico Europeo antes de transmitirla a EE.UU.. Puede haber casos excepcionales en los que Google transmita la direcci\u00f3n IP completa a un servidor de EE.UU. y la trunque all\u00ed. Google usar\u00e1 esta informaci\u00f3n por cuenta nuestra con el prop\u00f3sito de seguir la pista de su uso del website, recopilando informes de la actividad del website y prest\u00e1ndonos otros servicios relacionados con la actividad del website y el uso de Internet. La direcci\u00f3n IP transmitida por Google Analytics no se fusionar\u00e1 con otros datos de Google.<\/p>\n<p><strong>Plugin del navegador<\/strong><\/p>\n<p>Se puede impedir la instalaci\u00f3n de cookies por parte de su navegador web. Sin embargo, esto puede restringir algunas de las funciones de nuestro sitio web. Tambi\u00e9n puede impedir la recopilaci\u00f3n de datos relativos a su uso del sitio web, incluida su direcci\u00f3n IP y su posterior procesamiento por parte de Google. Puede hacerlo descargando e instalando el complemento del navegador disponible a trav\u00e9s del siguiente enlace: https:\/\/tools.google.com\/dlpage\/gaoptout?hl=de.<\/p>\n<p><strong>Objeci\u00f3n a la recogida de datos<\/strong><\/p>\n<p>Puede evitar la recopilaci\u00f3n de sus datos por parte de Google Analytics haciendo clic en el siguiente enlace.<\/p>\n<p><a href=\"https:\/\/tools.google.com\/dlpage\/gaoptout?hl=de\">https:\/\/tools.google.com\/dlpage\/gaoptout?hl=de<\/a><\/p>\n<p>Encontrar\u00e1 informaci\u00f3n detallada sobre c\u00f3mo Google Analytics trata los datos de los usuarios en la pol\u00edtica de privacidad de Google: https:\/\/support.google.com\/analytics\/answer\/6004245?hl=de.<\/p>\n<p><strong>Caracter\u00edsticas demogr\u00e1ficas en Google Analytics<\/strong><\/p>\n<p>Nuestro sitio web utiliza la funci\u00f3n \"caracter\u00edsticas demogr\u00e1ficas\" de Google Analytics. Puede utilizarse para crear informes que contengan declaraciones sobre la edad, el sexo y los intereses de los visitantes del sitio. Estos datos proceden de la publicidad basada en intereses de Google y de datos de visitantes de terceros proveedores. No es posible asignar los datos a una persona concreta. Puede desactivar esta funci\u00f3n en cualquier momento. Esto es posible a trav\u00e9s de la configuraci\u00f3n de anuncios de su cuenta de Google o prohibiendo de forma general la recopilaci\u00f3n de sus datos por parte de Google Analytics, tal y como se explica en la secci\u00f3n \"Objeci\u00f3n a la recopilaci\u00f3n de datos\".<\/p>\n<p><strong>Fuentes web de Google<\/strong><\/p>\n<p>Nuestro sitio web utiliza fuentes web de Google. El proveedor es Google Inc, 1600 Amphitheatre Parkway, Mountain View, CA 94043, EE.UU..<\/p>\n<p>Mediante el uso de estas fuentes web, nos es posible presentarle la presentaci\u00f3n deseada de nuestro sitio web, independientemente de las fuentes de las que disponga localmente. Esto se realiza mediante la recuperaci\u00f3n de las Google Web Fonts desde un servidor de Google en EE.UU. y la correspondiente transferencia de sus datos a Google. Esto implica su direcci\u00f3n IP y cu\u00e1les de nuestras p\u00e1ginas ha visitado. El uso de Google Web Fonts se basa en el Art. 6 p\u00e1rrafo 1 lit. f GDPR. Como operador de este sitio web, tenemos un inter\u00e9s leg\u00edtimo en la presentaci\u00f3n y transmisi\u00f3n \u00f3ptimas de nuestro sitio web.<\/p>\n<p>Google est\u00e1 certificada para el acuerdo de protecci\u00f3n de datos entre EE.UU. y Europa \"Privacy Shield\". Este acuerdo de protecci\u00f3n de datos tiene por objeto garantizar el cumplimiento del nivel de protecci\u00f3n de datos aplicable en la UE.<\/p>\n<p>Encontrar\u00e1 informaci\u00f3n detallada sobre Google Web Fonts en: https:\/\/www.google.com\/fonts#AboutPlace:about y m\u00e1s informaci\u00f3n en la pol\u00edtica de privacidad de Google: https:\/\/policies.google.com\/privacy\/partners?hl=de.<\/p>","protected":false},"excerpt":{"rendered":"<div class=\"entry-summary\">\n<div class=\"entry-summary\">\nDatenschutzerkl\u00e4rung Allgemeiner Hinweis und Pflichtinformationen &nbsp; Benennung der verantwortlichen Stelle Die verantwortliche Stelle f\u00fcr die Datenverarbeitung auf dieser&hellip;\n<\/div>\n<div class=\"link-more\"><a href=\"https:\/\/www.griffbereit-rucksack.de\/es\/datenschutzerklaerung\/\" class=\"more-link\">Seguir leyendo<span class=\"screen-reader-text\"> &ldquo;Datenschutzerkl\u00e4rung&rdquo;<\/span>...<\/a><\/div>\n<\/div>\n<div class=\"link-more\"><a href=\"https:\/\/www.griffbereit-rucksack.de\/es\/datenschutzerklaerung\/\" class=\"more-link\">Seguir leyendo<span class=\"screen-reader-text\"> &ldquo;Datenschutzerkl\u00e4rung&rdquo;<\/span>...<\/a><\/div>","protected":false},"author":1,"featured_media":0,"parent":0,"menu_order":0,"comment_status":"closed","ping_status":"open","template":"","meta":{"_acf_changed":false,"footnotes":""},"class_list":["post-3","page","type-page","status-publish","hentry","entry"],"acf":[],"_links":{"self":[{"href":"https:\/\/www.griffbereit-rucksack.de\/es\/wp-json\/wp\/v2\/pages\/3","targetHints":{"allow":["GET"]}}],"collection":[{"href":"https:\/\/www.griffbereit-rucksack.de\/es\/wp-json\/wp\/v2\/pages"}],"about":[{"href":"https:\/\/www.griffbereit-rucksack.de\/es\/wp-json\/wp\/v2\/types\/page"}],"author":[{"embeddable":true,"href":"https:\/\/www.griffbereit-rucksack.de\/es\/wp-json\/wp\/v2\/users\/1"}],"replies":[{"embeddable":true,"href":"https:\/\/www.griffbereit-rucksack.de\/es\/wp-json\/wp\/v2\/comments?post=3"}],"version-history":[{"count":0,"href":"https:\/\/www.griffbereit-rucksack.de\/es\/wp-json\/wp\/v2\/pages\/3\/revisions"}],"wp:attachment":[{"href":"https:\/\/www.griffbereit-rucksack.de\/es\/wp-json\/wp\/v2\/media?parent=3"}],"curies":[{"name":"wp","href":"https:\/\/api.w.org\/{rel}","templated":true}]}}