{"id":2783,"date":"2020-08-17T17:16:58","date_gmt":"2020-08-17T15:16:58","guid":{"rendered":"https:\/\/www.griffbereit-rucksack.de\/?page_id=2783"},"modified":"2020-08-17T17:25:52","modified_gmt":"2020-08-17T15:25:52","slug":"organisatorisches-rucksack-kita","status":"publish","type":"page","link":"https:\/\/www.griffbereit-rucksack.de\/es\/organisatorisches-rucksack-kita\/","title":{"rendered":"Cuestiones de organizaci\u00f3n Rucksack KiTa"},"content":{"rendered":"<h2>\n\t\tCondiciones marco organizativas y temporales\n\t<\/h2>\n\t<strong>Estado Centro educativo:<br \/>\n<\/strong>El objetivo de Rucksack KiTa es introducir a las familias en el sistema educativo lo antes posible y que experimenten y ayuden a dar forma a la instituci\u00f3n educativa in situ. Por ello, el programa se desarrolla <strong>sin excepci\u00f3n <\/strong>en el<strong> Guarder\u00eda<\/strong> en su lugar.<br \/>\n<strong><br \/>\nPapel del centro educativo:<\/strong><br \/>\nCon Rucksack KiTa, la guarder\u00eda se implica responsablemente en la promoci\u00f3n paralela de la lengua alemana, teniendo en cuenta el multiling\u00fcismo. El trabajo de educaci\u00f3n ling\u00fc\u00edstica de los profesores se coordina siempre con el trabajo con los padres, y viceversa. De este modo, se establece una asociaci\u00f3n educativa que tambi\u00e9n apoya la apertura de las instalaciones orientada a la diversidad y sensible a la inmigraci\u00f3n. Tambi\u00e9n por estas razones, la conexi\u00f3n con una guarder\u00eda o un centro familiar es un requisito fundamental para la puesta en marcha del programa.\n<p><strong>Principios vinculantes: 1. participaci\u00f3n, 2. asociaci\u00f3n educativa:<\/strong><\/p>\n<p><u>Para las familias, esto significa<\/u><\/p>\n<ul>\n<li>un <em>Rucksack KiTa<\/em>-Grupo de padres bajo la direcci\u00f3n del consejero de padres<\/li>\n<li>Actividades conjuntas de padres e hijos en casa, tambi\u00e9n con toda la familia<\/li>\n<li>coordinado <em>Rucksack KiTa<\/em>-Actividades para ni\u00f1os y familias en la guarder\u00eda<\/li>\n<li>Oportunidad para los padres\/familias con antecedentes familiares internacionales de cualificarse como l\u00edderes de grupo (apoyo a los padres)<\/li>\n<\/ul>\n<p><u>El KiTa es responsable de<\/u><\/p>\n<ul>\n<li>La ense\u00f1anza multiling\u00fce de idiomas integrada en la vida cotidiana como parte de un concepto coordinado<\/li>\n<li>el inicio y el apoyo espec\u00edficos de asociaciones educativas con las familias<\/li>\n<li>la apertura de la instituci\u00f3n orientada a la diversidad y sensible a la migraci\u00f3n y un concepto educativo correspondiente<\/li>\n<\/ul>\n<p>Los diferentes entornos vitales del ni\u00f1o (familia y guarder\u00eda) se incluyen conscientemente en el trabajo.<\/p>\n\t<strong>Posibles socios de cooperaci\u00f3n:<br \/>\n<\/strong>Los socios de cooperaci\u00f3n en la aplicaci\u00f3n general del programa -por ejemplo, formaci\u00f3n, proyectos\/medidas\/actividades espec\u00edficas, etc.- pueden ser asociaciones, organizaciones ben\u00e9ficas, organizaciones de bienestar infantil y juvenil, centros de educaci\u00f3n familiar y autoorganizaciones de inmigrantes (OAM).<em>.<\/em>\n<strong>Tareas del organismo ejecutor del programa en materia de cualificaci\u00f3n e intercambio:<\/strong><br \/>\nEl proveedor del programa Rucksack KiTa permite a los profesionales de la educaci\u00f3n recibir una formaci\u00f3n complementaria en funci\u00f3n de sus necesidades para ampliar sus conocimientos en materia de multiling\u00fcismo, educaci\u00f3n ling\u00fc\u00edstica coherente, asociaciones educativas con padres\/familias y mucho m\u00e1s, as\u00ed como para aplicar un concepto consciente de los prejuicios en el centro. Es aconsejable realizar algunos de los m\u00f3dulos de cualificaci\u00f3n junto con los padres consejeros y el personal educativo.\n<p>Tambi\u00e9n se ofrece formaci\u00f3n continua a los asesores de padres. Adem\u00e1s, se organizan regularmente conferencias y grupos de trabajo a escala nacional para promover el intercambio.<\/p>\n\t\t\t<a href=\"https:\/\/www.griffbereit-rucksack.de\/es\/qualifizierung-zur-elternbegleiterin-fuer-rucksack-kita\/\" target=\"_self\" role=\"button\" rel=\"noopener noreferrer\">\n\t\t\t\t\t\t\tCualificaci\u00f3n como asesor de padres\n\t\t\t<\/a>","protected":false},"excerpt":{"rendered":"<div class=\"entry-summary\">\n<div class=\"entry-summary\">\nOrganisatorische und zeitliche Rahmenbedingungen Bedingung Bildungsort: Ziel von Rucksack KiTa ist es, Familien m\u00f6glichst fr\u00fch an das Bildungssystem&hellip;\n<\/div>\n<div class=\"link-more\"><a href=\"https:\/\/www.griffbereit-rucksack.de\/es\/organisatorisches-rucksack-kita\/\" class=\"more-link\">Seguir leyendo<span class=\"screen-reader-text\"> &ldquo;Organisatorisches Rucksack KiTa&rdquo;<\/span>...<\/a><\/div>\n<\/div>\n<div class=\"link-more\"><a href=\"https:\/\/www.griffbereit-rucksack.de\/es\/organisatorisches-rucksack-kita\/\" class=\"more-link\">Seguir leyendo<span class=\"screen-reader-text\"> &ldquo;Organisatorisches Rucksack KiTa&rdquo;<\/span>...<\/a><\/div>","protected":false},"author":1,"featured_media":0,"parent":0,"menu_order":0,"comment_status":"closed","ping_status":"closed","template":"","meta":{"_acf_changed":false,"footnotes":""},"class_list":["post-2783","page","type-page","status-publish","hentry","entry"],"acf":[],"_links":{"self":[{"href":"https:\/\/www.griffbereit-rucksack.de\/es\/wp-json\/wp\/v2\/pages\/2783","targetHints":{"allow":["GET"]}}],"collection":[{"href":"https:\/\/www.griffbereit-rucksack.de\/es\/wp-json\/wp\/v2\/pages"}],"about":[{"href":"https:\/\/www.griffbereit-rucksack.de\/es\/wp-json\/wp\/v2\/types\/page"}],"author":[{"embeddable":true,"href":"https:\/\/www.griffbereit-rucksack.de\/es\/wp-json\/wp\/v2\/users\/1"}],"replies":[{"embeddable":true,"href":"https:\/\/www.griffbereit-rucksack.de\/es\/wp-json\/wp\/v2\/comments?post=2783"}],"version-history":[{"count":0,"href":"https:\/\/www.griffbereit-rucksack.de\/es\/wp-json\/wp\/v2\/pages\/2783\/revisions"}],"wp:attachment":[{"href":"https:\/\/www.griffbereit-rucksack.de\/es\/wp-json\/wp\/v2\/media?parent=2783"}],"curies":[{"name":"wp","href":"https:\/\/api.w.org\/{rel}","templated":true}]}}