{"id":2776,"date":"2020-08-17T17:01:46","date_gmt":"2020-08-17T15:01:46","guid":{"rendered":"https:\/\/www.griffbereit-rucksack.de\/?page_id=2776"},"modified":"2025-11-19T11:16:23","modified_gmt":"2025-11-19T10:16:23","slug":"rucksack-kita-material","status":"publish","type":"page","link":"https:\/\/www.griffbereit-rucksack.de\/es\/rucksack-kita-material\/","title":{"rendered":"Material Rucksack KiTa"},"content":{"rendered":"<h2>\n\t\t\tLos materiales de un vistazo\t<\/h2>\n\t\t\t\t\t<a href=\"#\"  id=\"fl-accordion--label-0\" tabindex=\"0\" aria-controls=\"fl-accordion--panel-0\">Materiales y notas generales<\/a>\n\t\t\t\t\t\t\t\t\t\t\t<a href=\"#\" id=\"fl-accordion--icon-0\"  tabindex=\"0\"><i title=\"Ampl\u00ede\">Ampl\u00ede<\/i><\/a>\n\t\t\t\t\t<ul>\n<li><a href=\"http:\/\/www.griffbereit-rucksack.de\/es\/weiterfuehrende-programminformationen\/\">Consejos de lectura para familias<\/a><\/li>\n<\/ul>\n\t\t\t\t\t<a href=\"#\"  id=\"fl-accordion--label-1\" tabindex=\"0\" aria-controls=\"fl-accordion--panel-1\">ESD I: Residuos y envases<\/a>\n\t\t\t\t\t\t\t\t\t\t\t<a href=\"#\" id=\"fl-accordion--icon-1\"  tabindex=\"0\"><i title=\"Ampl\u00ede\">Ampl\u00ede<\/i><\/a>\n\t\t\t\t\t<ul>\n<li><a href=\"https:\/\/www.griffbereit-rucksack.de\/es\/weiterfuehrende-programminformationen\/\">Lecturas complementarias<\/a><\/li>\n<\/ul>\n\t\t\t\t\t<a href=\"#\"  id=\"fl-accordion--label-2\" tabindex=\"0\" aria-controls=\"fl-accordion--panel-2\">EDS II: Compras y consumo<\/a>\n\t\t\t\t\t\t\t\t\t\t\t<a href=\"#\" id=\"fl-accordion--icon-2\"  tabindex=\"0\"><i title=\"Ampl\u00ede\">Ampl\u00ede<\/i><\/a>\n\t\t\t\t\t<a href=\"#\"  id=\"fl-accordion--label-3\" tabindex=\"0\" aria-controls=\"fl-accordion--panel-3\">El grupo<\/a>\n\t\t\t\t\t\t\t\t\t\t\t<a href=\"#\" id=\"fl-accordion--icon-3\"  tabindex=\"0\"><i title=\"Ampl\u00ede\">Ampl\u00ede<\/i><\/a>\n\t\t\t\t\t<a href=\"#\"  id=\"fl-accordion--label-4\" tabindex=\"0\" aria-controls=\"fl-accordion--panel-4\">Derechos de los ni\u00f1os y participaci\u00f3n<\/a>\n\t\t\t\t\t\t\t\t\t\t\t<a href=\"#\" id=\"fl-accordion--icon-4\"  tabindex=\"0\"><i title=\"Ampl\u00ede\">Ampl\u00ede<\/i><\/a>\n\t\t\t\t\t<p>Las fichas de los derechos del ni\u00f1o pueden descargarse aqu\u00ed en los siguientes idiomas ampliados:<\/p>\n<ol>\n<li><a href=\"https:\/\/www.griffbereit-rucksack.de\/wp-content\/uploads\/2025\/03\/Albanisch_Kinderrechte_Karten.pdf\" target=\"_blank\" rel=\"noopener\">Alban\u00e9s<\/a><\/li>\n<li><a href=\"https:\/\/www.griffbereit-rucksack.de\/wp-content\/uploads\/2025\/03\/Bulgarisch_Kinderrechte_Karten.pdf\" target=\"_blank\" rel=\"noopener\">B\u00falgaro<\/a><\/li>\n<li><a href=\"https:\/\/www.griffbereit-rucksack.de\/wp-content\/uploads\/2025\/03\/Englisch_Kinderrechte_Karten.pdf\" target=\"_blank\" rel=\"noopener\">Ingl\u00e9s<\/a><\/li>\n<li><a href=\"https:\/\/www.griffbereit-rucksack.de\/wp-content\/uploads\/2025\/03\/Fasi_Kinderrechte_Karten.pdf\" target=\"_blank\" rel=\"noopener\">Fasi<\/a><\/li>\n<li><a href=\"https:\/\/www.griffbereit-rucksack.de\/wp-content\/uploads\/2025\/03\/Franzoesisch_Kinderrechte_Karten.pdf\" target=\"_blank\" rel=\"noopener\">Franc\u00e9s<\/a><\/li>\n<li><a href=\"https:\/\/www.griffbereit-rucksack.de\/wp-content\/uploads\/2025\/03\/Grichisch_Kinderrechte_Karten.pdf\" target=\"_blank\" rel=\"noopener\">Griego<\/a><\/li>\n<li><a href=\"https:\/\/www.griffbereit-rucksack.de\/wp-content\/uploads\/2025\/03\/Kroatisch_Kinderrechte_Karten.pdf\" target=\"_blank\" rel=\"noopener\">Croata<\/a><\/li>\n<li><a href=\"https:\/\/www.griffbereit-rucksack.de\/wp-content\/uploads\/2025\/03\/Serbisch_Kinderrechte_Karten.pdf\" target=\"_blank\" rel=\"noopener\">Serbio<\/a><\/li>\n<li><a href=\"https:\/\/www.griffbereit-rucksack.de\/wp-content\/uploads\/2025\/03\/Ukrainisch_Kinderrechte_Karten.pdf\" target=\"_blank\" rel=\"noopener\">Ucraniano<\/a><\/li>\n<\/ol>\n<p>Las lenguas que aparecen aqu\u00ed est\u00e1n siempre en la posici\u00f3n 6 dentro del archivo.<\/p>\n\t\t\t\t\t<a href=\"#\"  id=\"fl-accordion--label-5\" tabindex=\"0\" aria-controls=\"fl-accordion--panel-5\">Cuerpo y sentidos<\/a>\n\t\t\t\t\t\t\t\t\t\t\t<a href=\"#\" id=\"fl-accordion--icon-5\"  tabindex=\"0\"><i title=\"Ampl\u00ede\">Ampl\u00ede<\/i><\/a>\n\t\t\t\t\t<a href=\"#\"  id=\"fl-accordion--label-6\" tabindex=\"0\" aria-controls=\"fl-accordion--panel-6\">Alfabetizaci\u00f3n<\/a>\n\t\t\t\t\t\t\t\t\t\t\t<a href=\"#\" id=\"fl-accordion--icon-6\"  tabindex=\"0\"><i title=\"Ampl\u00ede\">Ampl\u00ede<\/i><\/a>\n\t\t\t\t\t<a href=\"#\"  id=\"fl-accordion--label-7\" tabindex=\"0\" aria-controls=\"fl-accordion--panel-7\">Comida y bebida<\/a>\n\t\t\t\t\t\t\t\t\t\t\t<a href=\"#\" id=\"fl-accordion--icon-7\"  tabindex=\"0\"><i title=\"Ampl\u00ede\">Ampl\u00ede<\/i><\/a>\n\t\t\t\t\t<a href=\"#\"  id=\"fl-accordion--label-8\" tabindex=\"0\" aria-controls=\"fl-accordion--panel-8\">Estaciones<\/a>\n\t\t\t\t\t\t\t\t\t\t\t<a href=\"#\" id=\"fl-accordion--icon-8\"  tabindex=\"0\"><i title=\"Ampl\u00ede\">Ampl\u00ede<\/i><\/a>\n\t\t\t\t\t<p>\u00bfQu\u00e9 setas se pueden comer y cu\u00e1les no? En esta lista encontrar\u00e1 diferentes tipos de setas <a href=\"https:\/\/www.pilzfinder.de\/gift.html\">P\u00e1gina<\/a> encontrar.<\/p>\n<p><a href=\"https:\/\/www.duda.news\/wissen\/zugvoegel-machen-sich-auf-in-den-sueden\/\">Informaci\u00f3n sobre aves migratorias<\/a>: Stolzenbach, Kathy (2018): Zugv\u00f6gel machen sich auf in den S\u00fcden. URL: <a href=\"https:\/\/www.duda.news\/wissen\/zugvoegel-machen-sich-auf-in-den-sueden\/\">https:\/\/www.duda.news\/wissen\/zugvoegel-machen-sich-auf-in-den-sueden\/<\/a> (Visitado el 18\/03\/2024)<\/p>\n<hr \/>\n<p><strong>Instrucciones del juego de memoria<\/strong><\/p>\n<ul>\n<li>Se barajan las cartas y se colocan boca abajo sobre la mesa.<\/li>\n<li>Comienza el jugador m\u00e1s joven.<\/li>\n<li>Se revelan dos cartas cualesquiera y se comparan.<\/li>\n<li>Si los dibujos son iguales, puede quedarse con las cartas y tener otro turno.<\/li>\n<li>Si los dibujos son diferentes, se vuelven a poner boca abajo y es el turno de la siguiente persona en el sentido de las agujas del reloj.<\/li>\n<li>El ganador ser\u00e1 la persona que haya encontrado el mayor n\u00famero de parejas.<\/li>\n<\/ul>\n<hr \/>\n<p>&nbsp;<\/p>\n\t\t\t\t\t<a href=\"#\"  id=\"fl-accordion--label-9\" tabindex=\"0\" aria-controls=\"fl-accordion--panel-9\">Movimiento<\/a>\n\t\t\t\t\t\t\t\t\t\t\t<a href=\"#\" id=\"fl-accordion--icon-9\"  tabindex=\"0\"><i title=\"Ampl\u00ede\">Ampl\u00ede<\/i><\/a>\n\t\t\t\t\t<p><strong>Materiales para las actividades<\/strong><\/p>\n<ul>\n<li><a href=\"https:\/\/www.kinderturnstiftung-nds.de\/neue-online-version-der-wohnzimmer-safari\">Anweisungen der \u201eWohnzimmer-Safari&#8220; der Nieders\u00e4chsischen Kinderturnstiftung<\/a><\/li>\n<li>Baile sobre hielo (baile de parada): Sugerencia de canci\u00f3n, por ejemplo <a href=\"https:\/\/www.youtube.com\/watch?v=SWwXHRdDGi4\">\u201eLichterkinder Stopptanzlied&#8220;<\/a><\/li>\n<\/ul>\n<p>&nbsp;<\/p>\n<p><strong>M\u00e1s informaci\u00f3n<\/strong><\/p>\n<p>Como parte de un proyecto Rucksack KiTa en las instalaciones de Hannover, se cre\u00f3 la canci\u00f3n \"\u00a1Bewegung! Bewegung!\" fue creada. Puede escuchar la canci\u00f3n <a href=\"https:\/\/www.youtube.com\/watch?v=JBY9BcECyDQ\">aqu\u00ed<\/a>\u00a0llamada.<\/p>\n<p>\u00bfBusca ideas para realizar juegos de movimiento con su hijo? En <a href=\"https:\/\/nextcloud.awo-hannover.de\/index.php\/s\/wTnnigXSa2g3TSJ\">esta pel\u00edcula<\/a> zum Lied \u201eBewegung! Bewegung!&#8220; finden Sie viele Bewegungsanregungen.<\/p>\n<p>Puede encontrar m\u00e1s ideas para hacer ejercicio y juegos para hacer ejercicio en familia en el <a href=\"https:\/\/www.3f-fitforfamily.de\/wissen#BewegungsideenFamilien\">Fundaci\u00f3n de Gimnasia Infantil de Baja Sajonia.<\/a><\/p>\n<p><a href=\"https:\/\/www.kindergesundheit-info.de\/themen\/entwicklung\/entwicklungsschritte\/motorische-entwicklung\/infografik-bewegungsmotorik\/\">Aqu\u00ed<\/a> encontrar\u00e1 informaci\u00f3n sobre el desarrollo de la movilidad en ni\u00f1os de hasta 6 a\u00f1os.<\/p>\n<p>Encontrar\u00e1 informaci\u00f3n sobre el desarrollo de las habilidades de los ni\u00f1os con las manos y los dedos hasta los 6 a\u00f1os en <a href=\"https:\/\/www.kindergesundheit-info.de\/fileadmin\/user_upload\/kindergesundheit-info.de\/Infografiken\/Infografiken_als_PDF\/Motorische-Entwicklung_Hand-Fingerfertigkeit_BZgA_kindergesundheit-info.pdf\">aqu\u00ed<\/a>.<\/p>\n\t\t\t\t\t<a href=\"#\"  id=\"fl-accordion--label-10\" tabindex=\"0\" aria-controls=\"fl-accordion--panel-10\">Sentimientos<\/a>\n\t\t\t\t\t\t\t\t\t\t\t<a href=\"#\" id=\"fl-accordion--icon-10\"  tabindex=\"0\"><i title=\"Ampl\u00ede\">Ampl\u00ede<\/i><\/a>\n\t\t\t\t\t<a href=\"#\"  id=\"fl-accordion--label-11\" tabindex=\"0\" aria-controls=\"fl-accordion--panel-11\">Animales<\/a>\n\t\t\t\t\t\t\t\t\t\t\t<a href=\"#\" id=\"fl-accordion--icon-11\"  tabindex=\"0\"><i title=\"Ampl\u00ede\">Ampl\u00ede<\/i><\/a>\n\t\t\t\t\t<a href=\"#\"  id=\"fl-accordion--label-12\" tabindex=\"0\" aria-controls=\"fl-accordion--panel-12\">En la carretera<\/a>\n\t\t\t\t\t\t\t\t\t\t\t<a href=\"#\" id=\"fl-accordion--icon-12\"  tabindex=\"0\"><i title=\"Ampl\u00ede\">Ampl\u00ede<\/i><\/a>\n\t\t\t\t\t<p><a href=\"https:\/\/www.kinderweltreise.de\/lexikon\/k\/kontinente-einfach-erklaert\/\">https:\/\/www.kinderweltreise.de\/lexikon\/k\/kontinente-einfach-erklaert\/<\/a><\/p>\n<p>&nbsp;<\/p>\n<hr class=\"wm-divider type-dashed\/dotted\/double-line\/line\/whitespace\" style=\"margin-bottom:0px;margin-top:0px;\" \/>\n<p>&nbsp;<\/p>\n<p><strong>Instrucciones del juego de memoria<\/strong><\/p>\n<ul>\n<li>Se barajan las cartas y se colocan boca abajo sobre la mesa.<\/li>\n<li>Comienza el jugador m\u00e1s joven.<\/li>\n<li>Se revelan dos cartas cualesquiera y se comparan.<\/li>\n<li>Si los dibujos son iguales, puede quedarse con las cartas y tener otro turno.<\/li>\n<li>Si los dibujos son diferentes, se vuelven a poner boca abajo y es el turno de la siguiente persona en el sentido de las agujas del reloj.<\/li>\n<li>El ganador ser\u00e1 la persona que haya encontrado el mayor n\u00famero de parejas.<\/li>\n<\/ul>\n<hr \/>\n<strong data-start=\"105\" data-end=\"177\">Ich packe meinen Koffer\/Rucksack &#8211; Spielanleitung<\/strong>\n<strong data-start=\"179\" data-end=\"203\">1. Das brauchen Sie:<\/strong>\n<ul data-start=\"206\" data-end=\"287\">\n<li data-start=\"206\" data-end=\"253\">\nMindestens <strong data-start=\"219\" data-end=\"250\">2 Spieler*innen<\/strong>.\n<\/li>\n<li data-start=\"254\" data-end=\"287\">\nSie brauchen <strong data-start=\"269\" data-end=\"286\">keine weiteren Materialien<\/strong>.\n<\/li>\n<\/ul>\n<strong data-start=\"289\" data-end=\"311\">2. So spielen Sie:<\/strong>\n<ul data-start=\"313\" data-end=\"942\">\n<li data-start=\"313\" data-end=\"488\">\nEine Person beginnt und sagt:<br data-start=\"345\" data-end=\"348\" \/><strong data-start=\"351\" data-end=\"399\">\u201eIch packe meinen Rucksack und nehme mit: &#8230;&#8220;<\/strong><br data-start=\"399\" data-end=\"402\" \/>Dann nennt die Person <strong data-start=\"427\" data-end=\"447\">einen Gegenstand<\/strong>.<br data-start=\"448\" data-end=\"451\" \/>Beispiel: <strong data-start=\"464\" data-end=\"488\">\u201e&#8230; eine Zahnb\u00fcrste.&#8220;<\/strong>\n<\/li>\n<li data-start=\"490\" data-end=\"736\">\nDie n\u00e4chste Person wiederholt den Satz <strong data-start=\"532\" data-end=\"541\">genau<\/strong> und sagt den <strong data-start=\"555\" data-end=\"578\">gleichen Gegenstand<\/strong>.<br data-start=\"579\" data-end=\"582\" \/>Danach nennt diese Person <strong data-start=\"611\" data-end=\"637\">einen neuen Gegenstand<\/strong>.<br data-start=\"638\" data-end=\"641\" \/>Beispiel:<br data-start=\"653\" data-end=\"656\" \/><strong data-start=\"659\" data-end=\"736\">\u201eIch packe meinen Rucksack und nehme mit: eine Zahnb\u00fcrste und eine Hose.&#8220;<\/strong>\n<\/li>\n<li data-start=\"738\" data-end=\"875\">\nDie dritte Person wiederholt <strong data-start=\"770\" data-end=\"819\">alle Gegenst\u00e4nde in der richtigen Reihenfolge<\/strong>.<br data-start=\"820\" data-end=\"823\" \/>Dann sagt sie <strong data-start=\"840\" data-end=\"869\">einen weiteren Gegenstand<\/strong> dazu.\n<\/li>\n<li data-start=\"877\" data-end=\"942\">\nSo geht es immer weiter.<br data-start=\"904\" data-end=\"907\" \/>Die Liste wird <strong data-start=\"925\" data-end=\"941\">immer l\u00e4nger<\/strong>.\n<\/li>\n<\/ul>\n\t\t\t\t\t<a href=\"#\"  id=\"fl-accordion--label-13\" tabindex=\"0\" aria-controls=\"fl-accordion--panel-13\">La familia<\/a>\n\t\t\t\t\t\t\t\t\t\t\t<a href=\"#\" id=\"fl-accordion--icon-13\"  tabindex=\"0\"><i title=\"Ampl\u00ede\">Ampl\u00ede<\/i><\/a>\n\t\t\t\t\t<p>Juego de memoria Kimemo de la Agencia Federal para la Educaci\u00f3n C\u00edvica: <a href=\"http:\/\/www.bpb.de\/shop\/lernen\/spiele\/201965\/kimemo\">http:\/\/www.bpb.de\/shop\/lernen\/spiele\/201965\/kimemo<\/a>.<\/p>","protected":false},"excerpt":{"rendered":"<div class=\"entry-summary\">\n<div class=\"entry-summary\">\nMaterialien im \u00dcberblick Allgemeine Materialien und Hinweise Expand Lesehinweise f\u00fcr Familien BNE I: M\u00fcll und Verpackung Expand Weiterf\u00fchrende&hellip;\n<\/div>\n<div class=\"link-more\"><a href=\"https:\/\/www.griffbereit-rucksack.de\/es\/rucksack-kita-material\/\" class=\"more-link\">Seguir leyendo<span class=\"screen-reader-text\"> &ldquo;Rucksack KiTa-Material&rdquo;<\/span>...<\/a><\/div>\n<\/div>\n<div class=\"link-more\"><a href=\"https:\/\/www.griffbereit-rucksack.de\/es\/rucksack-kita-material\/\" class=\"more-link\">Seguir leyendo<span class=\"screen-reader-text\"> &ldquo;Rucksack KiTa-Material&rdquo;<\/span>...<\/a><\/div>","protected":false},"author":1,"featured_media":0,"parent":0,"menu_order":0,"comment_status":"closed","ping_status":"closed","template":"","meta":{"_acf_changed":false,"footnotes":""},"class_list":["post-2776","page","type-page","status-publish","hentry","entry"],"acf":[],"_links":{"self":[{"href":"https:\/\/www.griffbereit-rucksack.de\/es\/wp-json\/wp\/v2\/pages\/2776","targetHints":{"allow":["GET"]}}],"collection":[{"href":"https:\/\/www.griffbereit-rucksack.de\/es\/wp-json\/wp\/v2\/pages"}],"about":[{"href":"https:\/\/www.griffbereit-rucksack.de\/es\/wp-json\/wp\/v2\/types\/page"}],"author":[{"embeddable":true,"href":"https:\/\/www.griffbereit-rucksack.de\/es\/wp-json\/wp\/v2\/users\/1"}],"replies":[{"embeddable":true,"href":"https:\/\/www.griffbereit-rucksack.de\/es\/wp-json\/wp\/v2\/comments?post=2776"}],"version-history":[{"count":0,"href":"https:\/\/www.griffbereit-rucksack.de\/es\/wp-json\/wp\/v2\/pages\/2776\/revisions"}],"wp:attachment":[{"href":"https:\/\/www.griffbereit-rucksack.de\/es\/wp-json\/wp\/v2\/media?parent=2776"}],"curies":[{"name":"wp","href":"https:\/\/api.w.org\/{rel}","templated":true}]}}