{"id":2757,"date":"2020-08-17T16:30:22","date_gmt":"2020-08-17T14:30:22","guid":{"rendered":"https:\/\/www.griffbereit-rucksack.de\/?page_id=2757"},"modified":"2023-07-17T16:09:52","modified_gmt":"2023-07-17T14:09:52","slug":"qualifizierung-zur-elternbegleiterin-fuer-rucksack-kita","status":"publish","type":"page","link":"https:\/\/www.griffbereit-rucksack.de\/es\/qualifizierung-zur-elternbegleiterin-fuer-rucksack-kita\/","title":{"rendered":"Cualificaci\u00f3n como asesor de padres para Rucksack KiTa"},"content":{"rendered":"<h2>\n\t\tQualifizierung &#038; Weiterbildungen f\u00fcr Elternbegleiter*innen\n\t<\/h2>\n\t<p>Los coordinadores responsables preparan a los padres mentores para sus actividades antes de que comience el programa. Para garantizar una alta calidad en la ejecuci\u00f3n del <em>Rucksack KiTa<\/em>-Para asegurar el futuro del grupo de apoyo a los padres, se han dise\u00f1ado nuevos cursos de formaci\u00f3n para los asesores de padres, que se ofrecen de forma continua.<\/p>\n<ol>\n<li><strong> El <em>Rucksack KiTa<\/em>-Cursos de formaci\u00f3n<\/strong><br \/>\nson muy diversas y dependen en gran medida de las respectivas necesidades locales. Por regla general, se ofrecen cualificaciones sobre los siguientes temas, por ejemplo:<\/li>\n<\/ol>\n<ul>\n<li>Introducci\u00f3n al programa y sus materiales<\/li>\n<li>Introducci\u00f3n al papel de asesor de padres (competencia del papel, desempe\u00f1o del papel, reflexi\u00f3n sobre el papel)\n<ul>\n<li>T\u00e9cnicas de moderaci\u00f3n y presentaci\u00f3n<\/li>\n<li>Dirigir los debates en el grupo<\/li>\n<li>Did\u00e1ctica y metodolog\u00eda de la educaci\u00f3n de adultos<\/li>\n<\/ul>\n<\/li>\n<li>Sensibilizaci\u00f3n sobre la migraci\u00f3n\/acci\u00f3n consciente de la diversidad en la crianza y la educaci\u00f3n<\/li>\n<li>Desarrollo de la lengua y multiling\u00fcismo<\/li>\n<li>Cooperaci\u00f3n con las familias<\/li>\n<li>Alfabetizaci\u00f3n<\/li>\n<li>Psicolog\u00eda evolutiva de la infancia<\/li>\n<li>Salud<\/li>\n<li>Educaci\u00f3n sexual<\/li>\n<li>Educaci\u00f3n medi\u00e1tica<\/li>\n<\/ul>\n\t<p><strong>2) Otros temas que influyen en el trabajo en el <em>Rucksack KiTa<\/em>-Grupo:<\/strong><\/p>\n<ul>\n<li>Capacitaci\u00f3n y participaci\u00f3n<\/li>\n<li>Lengua y movimiento<\/li>\n<li>Educaci\u00f3n multiling\u00fce<\/li>\n<li>Conceptos y estilos educativos<\/li>\n<li>T\u00e9cnicas de lectura en voz alta<\/li>\n<li>La importancia del apego para el desarrollo infantil<\/li>\n<li>El desarrollo de los ni\u00f1os peque\u00f1os y\/o preescolares<\/li>\n<li>Fomento de las competencias precursoras (por ejemplo, en ciencias naturales)<\/li>\n<li>Actividades y juegos<\/li>\n<li>Observar y motivar a los ni\u00f1os<\/li>\n<li>Di\u00e1logo interreligioso<\/li>\n<li>Temas derivados de las preguntas de los padres\/familias<\/li>\n<\/ul>\n<p><strong>\u00a0<\/strong><\/p>","protected":false},"excerpt":{"rendered":"<div class=\"entry-summary\">\n<div class=\"entry-summary\">\nQualifizierung &#038; Weiterbildungen f\u00fcr Elternbegleiter*innen Die Elternbegleiter*innen werden vor Programmbeginn von den zust\u00e4ndigen Koordinator*innen auf ihre T\u00e4tigkeiten vorbereitet.&hellip;\n<\/div>\n<div class=\"link-more\"><a href=\"https:\/\/www.griffbereit-rucksack.de\/es\/qualifizierung-zur-elternbegleiterin-fuer-rucksack-kita\/\" class=\"more-link\">Seguir leyendo<span class=\"screen-reader-text\"> &ldquo;Qualifizierung zur Elternbegleiter*in f\u00fcr Rucksack KiTa&rdquo;<\/span>...<\/a><\/div>\n<\/div>\n<div class=\"link-more\"><a href=\"https:\/\/www.griffbereit-rucksack.de\/es\/qualifizierung-zur-elternbegleiterin-fuer-rucksack-kita\/\" class=\"more-link\">Seguir leyendo<span class=\"screen-reader-text\"> &ldquo;Qualifizierung zur Elternbegleiter*in f\u00fcr Rucksack KiTa&rdquo;<\/span>...<\/a><\/div>","protected":false},"author":1,"featured_media":0,"parent":0,"menu_order":0,"comment_status":"closed","ping_status":"closed","template":"","meta":{"_acf_changed":false,"footnotes":""},"class_list":["post-2757","page","type-page","status-publish","hentry","entry"],"acf":[],"_links":{"self":[{"href":"https:\/\/www.griffbereit-rucksack.de\/es\/wp-json\/wp\/v2\/pages\/2757","targetHints":{"allow":["GET"]}}],"collection":[{"href":"https:\/\/www.griffbereit-rucksack.de\/es\/wp-json\/wp\/v2\/pages"}],"about":[{"href":"https:\/\/www.griffbereit-rucksack.de\/es\/wp-json\/wp\/v2\/types\/page"}],"author":[{"embeddable":true,"href":"https:\/\/www.griffbereit-rucksack.de\/es\/wp-json\/wp\/v2\/users\/1"}],"replies":[{"embeddable":true,"href":"https:\/\/www.griffbereit-rucksack.de\/es\/wp-json\/wp\/v2\/comments?post=2757"}],"version-history":[{"count":0,"href":"https:\/\/www.griffbereit-rucksack.de\/es\/wp-json\/wp\/v2\/pages\/2757\/revisions"}],"wp:attachment":[{"href":"https:\/\/www.griffbereit-rucksack.de\/es\/wp-json\/wp\/v2\/media?parent=2757"}],"curies":[{"name":"wp","href":"https:\/\/api.w.org\/{rel}","templated":true}]}}