{"id":2748,"date":"2020-08-17T16:08:53","date_gmt":"2020-08-17T14:08:53","guid":{"rendered":"https:\/\/www.griffbereit-rucksack.de\/?page_id=2748"},"modified":"2020-09-15T12:47:01","modified_gmt":"2020-09-15T10:47:01","slug":"ablauf-rucksack-kita","status":"publish","type":"page","link":"https:\/\/www.griffbereit-rucksack.de\/es\/ablauf-rucksack-kita\/","title":{"rendered":"Procedimiento Rucksack KiTa"},"content":{"rendered":"<h2>\n\t\t\u00bfC\u00f3mo funciona Rucksack KiTa?\n\t<\/h2>\n\t<p>Los padres\/familias toman <strong>Semanalmente durante 9 meses<\/strong> (al menos un a\u00f1o KiTa) en el <em>Rucksack KiTa<\/em>-grupo de padres. El grupo se re\u00fane siempre en la guarder\u00eda a la que asiste el ni\u00f1o o est\u00e1 vinculado a ella.<\/p>\n<p><strong>Caracter\u00edstica para <em>Rucksack KiTa-<\/em>Grupos de padres:<\/strong><\/p>\n<ul>\n<li>Las actividades conjuntas est\u00e1n dirigidas por asesores de padres cualificados.<\/li>\n<\/ul>\n\t<ul>\n<li>Los padres\/familias participantes repiten y profundizan las actividades en casa con los ni\u00f1os en la(s) lengua(s) familiar(es).<\/li>\n<li>El grupo de padres y la guarder\u00eda coordinan su labor educativa bas\u00e1ndose en temas y teniendo en cuenta el multiling\u00fcismo.<\/li>\n<li>Especialmente desarrollado <em>Rucksack KiTa<\/em>-los materiales ofrecen a los padres\/familias inspiraci\u00f3n para las actividades diarias con sus hijos en familia.<\/li>\n<\/ul>","protected":false},"excerpt":{"rendered":"<div class=\"entry-summary\">\n<div class=\"entry-summary\">\nWie l\u00e4uft Rucksack KiTa? Die Eltern\/Familien nehmen 9 Monate lang w\u00f6chentlich (mind. ein KiTa-Jahr) an der Rucksack KiTa-Elterngruppe&hellip;\n<\/div>\n<div class=\"link-more\"><a href=\"https:\/\/www.griffbereit-rucksack.de\/es\/ablauf-rucksack-kita\/\" class=\"more-link\">Seguir leyendo<span class=\"screen-reader-text\"> &ldquo;Ablauf Rucksack KiTa&rdquo;<\/span>...<\/a><\/div>\n<\/div>\n<div class=\"link-more\"><a href=\"https:\/\/www.griffbereit-rucksack.de\/es\/ablauf-rucksack-kita\/\" class=\"more-link\">Seguir leyendo<span class=\"screen-reader-text\"> &ldquo;Ablauf Rucksack KiTa&rdquo;<\/span>...<\/a><\/div>","protected":false},"author":1,"featured_media":0,"parent":0,"menu_order":0,"comment_status":"closed","ping_status":"closed","template":"","meta":{"_acf_changed":false,"footnotes":""},"class_list":["post-2748","page","type-page","status-publish","hentry","entry"],"acf":[],"_links":{"self":[{"href":"https:\/\/www.griffbereit-rucksack.de\/es\/wp-json\/wp\/v2\/pages\/2748","targetHints":{"allow":["GET"]}}],"collection":[{"href":"https:\/\/www.griffbereit-rucksack.de\/es\/wp-json\/wp\/v2\/pages"}],"about":[{"href":"https:\/\/www.griffbereit-rucksack.de\/es\/wp-json\/wp\/v2\/types\/page"}],"author":[{"embeddable":true,"href":"https:\/\/www.griffbereit-rucksack.de\/es\/wp-json\/wp\/v2\/users\/1"}],"replies":[{"embeddable":true,"href":"https:\/\/www.griffbereit-rucksack.de\/es\/wp-json\/wp\/v2\/comments?post=2748"}],"version-history":[{"count":0,"href":"https:\/\/www.griffbereit-rucksack.de\/es\/wp-json\/wp\/v2\/pages\/2748\/revisions"}],"wp:attachment":[{"href":"https:\/\/www.griffbereit-rucksack.de\/es\/wp-json\/wp\/v2\/media?parent=2748"}],"curies":[{"name":"wp","href":"https:\/\/api.w.org\/{rel}","templated":true}]}}