{"id":2745,"date":"2020-08-17T16:03:43","date_gmt":"2020-08-17T14:03:43","guid":{"rendered":"https:\/\/www.griffbereit-rucksack.de\/?page_id=2745"},"modified":"2020-09-15T12:46:15","modified_gmt":"2020-09-15T10:46:15","slug":"angebot-rucksack-kita","status":"publish","type":"page","link":"https:\/\/www.griffbereit-rucksack.de\/es\/angebot-rucksack-kita\/","title":{"rendered":"Oferta Rucksack KiTa"},"content":{"rendered":"<h2>\n\t\t\u00bfQu\u00e9 hace Rucksack KiTa?\n\t<\/h2>\n\t<p><em>Rucksack KiTa<\/em> promueve la educaci\u00f3n general y ling\u00fc\u00edstica de los ni\u00f1os a partir de temas cotidianos como \"cuerpo\", \"guarder\u00eda\" y \"familia\". El sitio <a href=\"https:\/\/www.griffbereit-rucksack.de\/es\/mehrsprachigkeit\/\">Multiling\u00fcismo<\/a> de los ni\u00f1os se reconoce como un potencial que debe ser reforzado conjuntamente por los padres\/familia y la guarder\u00eda.<\/p>\n<p><strong>Se anima a los padres\/familias participantes a participar y se les aborda activamente como expertos en la educaci\u00f3n de sus hijos y en el aprendizaje de la(s) lengua(s) familiar(es). Los profesionales de la educaci\u00f3n se encargan de promover la lengua alemana.<\/strong><\/p>\n\t<p><em>Rucksack KiTa<\/em> es tambi\u00e9n un programa de educaci\u00f3n familiar. En el llamado <em>Rucksack KiTa<\/em>-En los grupos de padres, las familias aprenden m\u00e1s sobre c\u00f3mo pueden reforzar el desarrollo general y ling\u00fc\u00edstico de sus hijos. Cuentan con el apoyo de asesores de padres multiling\u00fces especialmente cualificados.<\/p>","protected":false},"excerpt":{"rendered":"<div class=\"entry-summary\">\n<div class=\"entry-summary\">\nWas leistet Rucksack KiTa? Rucksack KiTa f\u00f6rdert die allgemeine und sprachliche Bildung von Kindern anhand von Alltagsthemen, wie&hellip;\n<\/div>\n<div class=\"link-more\"><a href=\"https:\/\/www.griffbereit-rucksack.de\/es\/angebot-rucksack-kita\/\" class=\"more-link\">Seguir leyendo<span class=\"screen-reader-text\"> &ldquo;Angebot Rucksack KiTa&rdquo;<\/span>...<\/a><\/div>\n<\/div>\n<div class=\"link-more\"><a href=\"https:\/\/www.griffbereit-rucksack.de\/es\/angebot-rucksack-kita\/\" class=\"more-link\">Seguir leyendo<span class=\"screen-reader-text\"> &ldquo;Angebot Rucksack KiTa&rdquo;<\/span>...<\/a><\/div>","protected":false},"author":1,"featured_media":0,"parent":0,"menu_order":0,"comment_status":"closed","ping_status":"closed","template":"","meta":{"_acf_changed":false,"footnotes":""},"class_list":["post-2745","page","type-page","status-publish","hentry","entry"],"acf":[],"_links":{"self":[{"href":"https:\/\/www.griffbereit-rucksack.de\/es\/wp-json\/wp\/v2\/pages\/2745","targetHints":{"allow":["GET"]}}],"collection":[{"href":"https:\/\/www.griffbereit-rucksack.de\/es\/wp-json\/wp\/v2\/pages"}],"about":[{"href":"https:\/\/www.griffbereit-rucksack.de\/es\/wp-json\/wp\/v2\/types\/page"}],"author":[{"embeddable":true,"href":"https:\/\/www.griffbereit-rucksack.de\/es\/wp-json\/wp\/v2\/users\/1"}],"replies":[{"embeddable":true,"href":"https:\/\/www.griffbereit-rucksack.de\/es\/wp-json\/wp\/v2\/comments?post=2745"}],"version-history":[{"count":0,"href":"https:\/\/www.griffbereit-rucksack.de\/es\/wp-json\/wp\/v2\/pages\/2745\/revisions"}],"wp:attachment":[{"href":"https:\/\/www.griffbereit-rucksack.de\/es\/wp-json\/wp\/v2\/media?parent=2745"}],"curies":[{"name":"wp","href":"https:\/\/api.w.org\/{rel}","templated":true}]}}