{"id":2705,"date":"2020-08-13T14:11:09","date_gmt":"2020-08-13T12:11:09","guid":{"rendered":"https:\/\/www.griffbereit-rucksack.de\/?page_id=2705"},"modified":"2023-07-17T16:14:20","modified_gmt":"2023-07-17T14:14:20","slug":"organisatorisches-griffbereit","status":"publish","type":"page","link":"https:\/\/www.griffbereit-rucksack.de\/es\/organisatorisches-griffbereit\/","title":{"rendered":"Cuestiones de organizaci\u00f3n Griffbereit"},"content":{"rendered":"<p><strong>Puntos clave <em>Griffbereit<\/em>-grupo:<\/strong><\/p>\n<ul>\n<li>Tipo de acto: actividades multiling\u00fces para padres e hijos<\/li>\n<li>Edad de los ni\u00f1os: entre 1 y 3 a\u00f1os<\/li>\n<li>N\u00famero de participantes: hasta 8 padres\/familias por grupo<\/li>\n<li>Frecuencia: regularmente una vez a la semana (tambi\u00e9n puede tener lugar con m\u00e1s frecuencia si hay necesidad entre las familias)<\/li>\n<li>Duraci\u00f3n: aprox. 1 a\u00f1o<\/li>\n<li>Direcci\u00f3n: Idealmente 2, pero al menos 1 persona en el papel de asesor de padres<\/li>\n<\/ul>\n<strong><br \/>\nPapel de los asesores de padres:<\/strong>\n<p>Es importante prestar atenci\u00f3n a los conocimientos ling\u00fc\u00edsticos de los padres asesores a la hora de seleccionarlos. En caso de doble plantilla, uno de los dos asesores de padres puede ser monoling\u00fce alem\u00e1n si el segundo responsable es multiling\u00fce y domina el alem\u00e1n como segunda lengua. De este modo, los asesores de padres tambi\u00e9n garantizan el uso coherente y fiable del multiling\u00fcismo en el grupo.<\/p>\n<p>El multiling\u00fcismo, la cooperaci\u00f3n sensible a la migraci\u00f3n y la cooperaci\u00f3n abierta son caracter\u00edsticas que los asesores de padres ejemplifican - tambi\u00e9n hacia los padres\/familias. El impulso proporcionado por los asesores de padres a trav\u00e9s del dise\u00f1o de la <em>Griffbereit-<\/em>Los grupos con actividades l\u00fadicas, canciones y sugerencias ofrecen a los padres\/familias nuevas ideas y seguridad para relacionarse con sus hijos y fortalecer la relaci\u00f3n en el seno de la familia.<\/p>\n\t<strong>Cualificaci\u00f3n de los asesores de padres:<br \/>\n<\/strong>Los padres mentores son preparados para sus actividades antes del inicio del programa (concepto, objetivos y contenido del programa). <em>Griffbereit<\/em>-programa<a href=\"#_ftn1\" name=\"_ftnref1\">[1]<\/a>). Para garantizar una alta calidad en la realizaci\u00f3n del <em>Griffbereit<\/em>-Para garantizar el \u00e9xito del grupo, se debe ofrecer a los asesores de padres una oferta continua de cursos de formaci\u00f3n continua.\n\t\t\t<a href=\"https:\/\/www.griffbereit-rucksack.de\/es\/qualifizierung-zur-elternbegleiterin-fuer-griffbereit\/\" target=\"_self\" role=\"button\" rel=\"noopener\">\n\t\t\t\t\t\t\tCualificaci\u00f3n como asesor de padres\n\t\t\t<\/a>\n\t<strong>Organizaci\u00f3n de padres mentores:<\/strong><br \/>\nAdem\u00e1s de la formaci\u00f3n complementaria, se requiere el apoyo y asesoramiento regular de los padres mentores para el intercambio, la reflexi\u00f3n, la evaluaci\u00f3n, as\u00ed como la preparaci\u00f3n y el seguimiento del trabajo en grupo. La orientaci\u00f3n y la formaci\u00f3n que acompa\u00f1an al programa se adaptan a las necesidades de los padres mentores. Tras la introducci\u00f3n del programa, deben celebrarse reuniones peri\u00f3dicas de intercambio y reflexi\u00f3n con todos los participantes (aproximadamente cada 6 semanas).\n<strong>Organizaci\u00f3n Coordinador del programa:<\/strong><br \/>\nEl instructor es responsable de presentar el programa, ayudar en el planteamiento y la composici\u00f3n de un <em>Griffbereit<\/em>-grupo, poni\u00e9ndose en contacto y realizando gestiones con el personal educativo del centro en caso necesario, instruyendo a los padres cuidadores y proporcionando formaci\u00f3n adicional a los padres cuidadores y al personal educativo.\n\t<p><a href=\"#_ftnref1\" name=\"_ftn1\">[1]<\/a> Otros puntos centrales son: El papel como consejero de los padres, la <em>Griffbereit<\/em>-materiales, aplicaci\u00f3n pr\u00e1ctica, reflexi\u00f3n, temas educativos, organizaci\u00f3n de veladas para padres, etc.<\/p>","protected":false},"excerpt":{"rendered":"<div class=\"entry-summary\">\n<div class=\"entry-summary\">\nEckpunkte Griffbereit-Gruppe: Art der Veranstaltung: mehrsprachige Eltern-Kind-Aktivit\u00e4ten Alter der Kinder: zwischen 1 und 3 Jahren Teilnehmer(innen)zahl: bis zu&hellip;\n<\/div>\n<div class=\"link-more\"><a href=\"https:\/\/www.griffbereit-rucksack.de\/es\/organisatorisches-griffbereit\/\" class=\"more-link\">Seguir leyendo<span class=\"screen-reader-text\"> &ldquo;Organisatorisches Griffbereit&rdquo;<\/span>...<\/a><\/div>\n<\/div>\n<div class=\"link-more\"><a href=\"https:\/\/www.griffbereit-rucksack.de\/es\/organisatorisches-griffbereit\/\" class=\"more-link\">Seguir leyendo<span class=\"screen-reader-text\"> &ldquo;Organisatorisches Griffbereit&rdquo;<\/span>...<\/a><\/div>","protected":false},"author":1,"featured_media":0,"parent":0,"menu_order":0,"comment_status":"closed","ping_status":"closed","template":"","meta":{"_acf_changed":false,"footnotes":""},"class_list":["post-2705","page","type-page","status-publish","hentry","entry"],"acf":[],"_links":{"self":[{"href":"https:\/\/www.griffbereit-rucksack.de\/es\/wp-json\/wp\/v2\/pages\/2705","targetHints":{"allow":["GET"]}}],"collection":[{"href":"https:\/\/www.griffbereit-rucksack.de\/es\/wp-json\/wp\/v2\/pages"}],"about":[{"href":"https:\/\/www.griffbereit-rucksack.de\/es\/wp-json\/wp\/v2\/types\/page"}],"author":[{"embeddable":true,"href":"https:\/\/www.griffbereit-rucksack.de\/es\/wp-json\/wp\/v2\/users\/1"}],"replies":[{"embeddable":true,"href":"https:\/\/www.griffbereit-rucksack.de\/es\/wp-json\/wp\/v2\/comments?post=2705"}],"version-history":[{"count":0,"href":"https:\/\/www.griffbereit-rucksack.de\/es\/wp-json\/wp\/v2\/pages\/2705\/revisions"}],"wp:attachment":[{"href":"https:\/\/www.griffbereit-rucksack.de\/es\/wp-json\/wp\/v2\/media?parent=2705"}],"curies":[{"name":"wp","href":"https:\/\/api.w.org\/{rel}","templated":true}]}}