{"id":2700,"date":"2020-08-13T13:05:34","date_gmt":"2020-08-13T11:05:34","guid":{"rendered":"https:\/\/www.griffbereit-rucksack.de\/?page_id=2700"},"modified":"2020-08-17T17:00:32","modified_gmt":"2020-08-17T15:00:32","slug":"griffbereit-material","status":"publish","type":"page","link":"https:\/\/www.griffbereit-rucksack.de\/es\/griffbereit-material\/","title":{"rendered":"Material Griffbereit"},"content":{"rendered":"<h2>\n\t\tLos materiales del Griffbereit de un vistazo\n\t<\/h2>\n\t<p>El paquete completo consta de:<\/p>\n<ul>\n<li><strong><em>Griffbereit<\/em><\/strong><strong>-Materiales para padres:<\/strong> 64 bloques de construcci\u00f3n (en forma de actividades apropiadas para la edad y el desarrollo y sugerencias de juego) para que los padres\/familias trabajen con sus hijos en las distintas lenguas familiares en el grupo y en casa. Los materiales para padres est\u00e1n disponibles en alban\u00e9s, \u00e1rabe, b\u00falgaro, dari, alem\u00e1n, ingl\u00e9s, farsi, franc\u00e9s, griego, hebreo, italiano, croata, kurdo, neerland\u00e9s, past\u00fan, polaco, roman\u00ed, rumano, ruso, serbio, espa\u00f1ol, checheno, turco y vietnamita.<\/li>\n<li><strong>Manual para padres consejeros:<\/strong> El manual del <em>Griffbereit<\/em>-El programa de formaci\u00f3n sirve de base para la preparaci\u00f3n e introducci\u00f3n al trabajo con la <em>Griffbereit<\/em>-programa. Ofrece informaci\u00f3n sobre la aplicaci\u00f3n pr\u00e1ctica, explica el papel de los padres consejeros, proporciona materiales con las condiciones de aplicaci\u00f3n y para el trabajo de relaciones p\u00fablicas, etc. Proporciona ejemplos de c\u00f3mo organizar un <em>Griffbereit<\/em>-Tambi\u00e9n proporciona informaci\u00f3n sobre las veladas de reflexi\u00f3n y tem\u00e1ticas para padres en las respectivas instalaciones.<\/li>\n<\/ul>\n\t<ul>\n<li><strong>Materiales suplementarios<\/strong> para la planificaci\u00f3n y preparaci\u00f3n espec\u00edficas del trabajo multiling\u00fce en la <em>Griffbereit<\/em>-grupo.<\/li>\n<\/ul>\n<p>Los materiales est\u00e1n dise\u00f1ados para un periodo de 64 semanas, por lo que los bloques 1-31 est\u00e1n m\u00e1s dirigidos a los ni\u00f1os m\u00e1s peque\u00f1os, hasta los dos a\u00f1os aproximadamente, y los bloques 32-64 est\u00e1n m\u00e1s dirigidos a los ni\u00f1os a partir de los dos a\u00f1os. Los materiales se desarrollan constantemente y se a\u00f1aden nuevas traducciones en funci\u00f3n de la evoluci\u00f3n de la sociedad de la migraci\u00f3n y la diversidad.<\/p>\n<p><strong>A pesar de las sugerencias tem\u00e1ticas, el programa es abierto y flexible. La aplicaci\u00f3n del programa es compatible con diversos conceptos educativos y con la ense\u00f1anza integrada de idiomas de todos los d\u00edas<\/strong>.<\/p>","protected":false},"excerpt":{"rendered":"<div class=\"entry-summary\">\n<div class=\"entry-summary\">\nDie Griffbereit-Materialien im \u00dcberblick Das Gesamtpaket besteht aus: Griffbereit-Elternmaterialien: 64 Bausteine (in Form von alters- sowie entwicklungsgerechten Aktivit\u00e4ten&hellip;\n<\/div>\n<div class=\"link-more\"><a href=\"https:\/\/www.griffbereit-rucksack.de\/es\/griffbereit-material\/\" class=\"more-link\">Seguir leyendo<span class=\"screen-reader-text\"> &ldquo;Griffbereit-Material&rdquo;<\/span>...<\/a><\/div>\n<\/div>\n<div class=\"link-more\"><a href=\"https:\/\/www.griffbereit-rucksack.de\/es\/griffbereit-material\/\" class=\"more-link\">Seguir leyendo<span class=\"screen-reader-text\"> &ldquo;Griffbereit-Material&rdquo;<\/span>...<\/a><\/div>","protected":false},"author":1,"featured_media":0,"parent":0,"menu_order":0,"comment_status":"closed","ping_status":"closed","template":"","meta":{"_acf_changed":false,"footnotes":""},"class_list":["post-2700","page","type-page","status-publish","hentry","entry"],"acf":[],"_links":{"self":[{"href":"https:\/\/www.griffbereit-rucksack.de\/es\/wp-json\/wp\/v2\/pages\/2700","targetHints":{"allow":["GET"]}}],"collection":[{"href":"https:\/\/www.griffbereit-rucksack.de\/es\/wp-json\/wp\/v2\/pages"}],"about":[{"href":"https:\/\/www.griffbereit-rucksack.de\/es\/wp-json\/wp\/v2\/types\/page"}],"author":[{"embeddable":true,"href":"https:\/\/www.griffbereit-rucksack.de\/es\/wp-json\/wp\/v2\/users\/1"}],"replies":[{"embeddable":true,"href":"https:\/\/www.griffbereit-rucksack.de\/es\/wp-json\/wp\/v2\/comments?post=2700"}],"version-history":[{"count":0,"href":"https:\/\/www.griffbereit-rucksack.de\/es\/wp-json\/wp\/v2\/pages\/2700\/revisions"}],"wp:attachment":[{"href":"https:\/\/www.griffbereit-rucksack.de\/es\/wp-json\/wp\/v2\/media?parent=2700"}],"curies":[{"name":"wp","href":"https:\/\/api.w.org\/{rel}","templated":true}]}}