{"id":2665,"date":"2020-08-12T15:40:26","date_gmt":"2020-08-12T13:40:26","guid":{"rendered":"https:\/\/www.griffbereit-rucksack.de\/?page_id=2665"},"modified":"2020-09-15T12:44:55","modified_gmt":"2020-09-15T10:44:55","slug":"ablauf-griffbereit","status":"publish","type":"page","link":"https:\/\/www.griffbereit-rucksack.de\/es\/ablauf-griffbereit\/","title":{"rendered":"Procedimiento Griffbereit"},"content":{"rendered":"<h2>\n\t\t\u00bfC\u00f3mo funciona Griffbereit?\n\t<\/h2>\n\t<p>Padres e hijos toman aprox. <strong>1 vez por semana durante 1 a\u00f1o (tambi\u00e9n puede tener lugar con m\u00e1s frecuencia si hay necesidad entre las familias) <\/strong>en el <em>Griffbereit<\/em>-grupo. El programa se ofrece, por ejemplo, en guarder\u00edas, centros familiares u otras instituciones educativas que son puntos de contacto para las familias.<\/p>\n\t<p><strong>Caracter\u00edstica para <em>Griffbereit<\/em>-grupos:<\/strong><\/p>\n<ul>\n<li>La interacci\u00f3n entre padres e hijos (juegos, canciones, manualidades, etc.) est\u00e1 dirigida por asesores de padres especialmente cualificados.<\/li>\n<li>En el <em>Griffbereit<\/em>-Siempre se hablan dos o m\u00e1s lenguas en el grupo: Alem\u00e1n Y la(s) lengua(s) familiar(es) de los participantes.<\/li>\n<\/ul>\n<p>Especialmente desarrollado <em>Griffbereit<\/em>-Los materiales ofrecen a los padres\/familias est\u00edmulos adecuados a su edad y desarrollo para realizar actividades variadas de juego y lenguaje con sus hijos en familia.<\/p>","protected":false},"excerpt":{"rendered":"<div class=\"entry-summary\">\n<div class=\"entry-summary\">\nWie l\u00e4uft Griffbereit? Eltern und Kinder nehmen ca. 1 Jahr lang regul\u00e4r 1 x pro Woche (kann auch&hellip;\n<\/div>\n<div class=\"link-more\"><a href=\"https:\/\/www.griffbereit-rucksack.de\/es\/ablauf-griffbereit\/\" class=\"more-link\">Seguir leyendo<span class=\"screen-reader-text\"> &ldquo;Ablauf Griffbereit&rdquo;<\/span>...<\/a><\/div>\n<\/div>\n<div class=\"link-more\"><a href=\"https:\/\/www.griffbereit-rucksack.de\/es\/ablauf-griffbereit\/\" class=\"more-link\">Seguir leyendo<span class=\"screen-reader-text\"> &ldquo;Ablauf Griffbereit&rdquo;<\/span>...<\/a><\/div>","protected":false},"author":1,"featured_media":0,"parent":0,"menu_order":0,"comment_status":"closed","ping_status":"closed","template":"","meta":{"_acf_changed":false,"footnotes":""},"class_list":["post-2665","page","type-page","status-publish","hentry","entry"],"acf":[],"_links":{"self":[{"href":"https:\/\/www.griffbereit-rucksack.de\/es\/wp-json\/wp\/v2\/pages\/2665","targetHints":{"allow":["GET"]}}],"collection":[{"href":"https:\/\/www.griffbereit-rucksack.de\/es\/wp-json\/wp\/v2\/pages"}],"about":[{"href":"https:\/\/www.griffbereit-rucksack.de\/es\/wp-json\/wp\/v2\/types\/page"}],"author":[{"embeddable":true,"href":"https:\/\/www.griffbereit-rucksack.de\/es\/wp-json\/wp\/v2\/users\/1"}],"replies":[{"embeddable":true,"href":"https:\/\/www.griffbereit-rucksack.de\/es\/wp-json\/wp\/v2\/comments?post=2665"}],"version-history":[{"count":0,"href":"https:\/\/www.griffbereit-rucksack.de\/es\/wp-json\/wp\/v2\/pages\/2665\/revisions"}],"wp:attachment":[{"href":"https:\/\/www.griffbereit-rucksack.de\/es\/wp-json\/wp\/v2\/media?parent=2665"}],"curies":[{"name":"wp","href":"https:\/\/api.w.org\/{rel}","templated":true}]}}