{"id":2658,"date":"2020-08-12T14:02:49","date_gmt":"2020-08-12T12:02:49","guid":{"rendered":"https:\/\/www.griffbereit-rucksack.de\/?page_id=2658"},"modified":"2021-07-06T12:45:07","modified_gmt":"2021-07-06T10:45:07","slug":"angebot-griffbereit","status":"publish","type":"page","link":"https:\/\/www.griffbereit-rucksack.de\/es\/angebot-griffbereit\/","title":{"rendered":"Oferta Griffbereit"},"content":{"rendered":"<h2>\n\t\t\u00bfQu\u00e9 hace el Griffbereit?\n\t<\/h2>\n\t<p><em>Griffbereit<\/em> fomenta el desarrollo de la primera infancia mediante actividades adaptadas a los ni\u00f1os peque\u00f1os con sus padres\/familias, como jugar, cantar o colorear juntos en las lenguas familiares y en alem\u00e1n. Se crea as\u00ed una base importante para la adquisici\u00f3n de competencias ling\u00fc\u00edsticas.<\/p>\n<p><strong>El programa capacita a los *padres\/*familias para que sean ellos mismos los actores, ya que son los primeros modelos ling\u00fc\u00edsticos y tienen la relaci\u00f3n m\u00e1s estrecha con sus hijos en la vida cotidiana.<\/strong><\/p>\n\t<p>En el llamado <em>Griffbereit<\/em>-grupos, aprenden c\u00f3mo pueden reforzar el desarrollo general y ling\u00fc\u00edstico de sus hijos. Cuentan con el apoyo de asesores de padres formados, en su mayor\u00eda multiling\u00fces.<\/p>\n<p>Los ni\u00f1os peque\u00f1os con y sin antecedentes familiares internacionales entran en contacto con el alem\u00e1n y otras lenguas a una edad muy temprana. Esto ofrece <em>Griffbereit<\/em> la posibilidad de <a href=\"https:\/\/www.griffbereit-rucksack.de\/es\/mehrsprachigkeit\/\"><strong>Multiling\u00fcismo<\/strong><strong> como el potencial de los ni\u00f1os<\/strong><\/a> a tomar.<\/p>\n<p>&nbsp;<\/p>","protected":false},"excerpt":{"rendered":"<div class=\"entry-summary\">\n<div class=\"entry-summary\">\nWas leistet Griffbereit? Griffbereit f\u00f6rdert die fr\u00fchkindliche Entwicklung durch kleinkindgerechte Aktivit\u00e4ten mit den Eltern\/Familien, wie z.B. gemeinsames Spielen,&hellip;\n<\/div>\n<div class=\"link-more\"><a href=\"https:\/\/www.griffbereit-rucksack.de\/es\/angebot-griffbereit\/\" class=\"more-link\">Seguir leyendo<span class=\"screen-reader-text\"> &ldquo;Angebot Griffbereit&rdquo;<\/span>...<\/a><\/div>\n<\/div>\n<div class=\"link-more\"><a href=\"https:\/\/www.griffbereit-rucksack.de\/es\/angebot-griffbereit\/\" class=\"more-link\">Seguir leyendo<span class=\"screen-reader-text\"> &ldquo;Angebot Griffbereit&rdquo;<\/span>...<\/a><\/div>","protected":false},"author":1,"featured_media":0,"parent":0,"menu_order":0,"comment_status":"closed","ping_status":"closed","template":"","meta":{"_acf_changed":false,"footnotes":""},"class_list":["post-2658","page","type-page","status-publish","hentry","entry"],"acf":[],"_links":{"self":[{"href":"https:\/\/www.griffbereit-rucksack.de\/es\/wp-json\/wp\/v2\/pages\/2658","targetHints":{"allow":["GET"]}}],"collection":[{"href":"https:\/\/www.griffbereit-rucksack.de\/es\/wp-json\/wp\/v2\/pages"}],"about":[{"href":"https:\/\/www.griffbereit-rucksack.de\/es\/wp-json\/wp\/v2\/types\/page"}],"author":[{"embeddable":true,"href":"https:\/\/www.griffbereit-rucksack.de\/es\/wp-json\/wp\/v2\/users\/1"}],"replies":[{"embeddable":true,"href":"https:\/\/www.griffbereit-rucksack.de\/es\/wp-json\/wp\/v2\/comments?post=2658"}],"version-history":[{"count":0,"href":"https:\/\/www.griffbereit-rucksack.de\/es\/wp-json\/wp\/v2\/pages\/2658\/revisions"}],"wp:attachment":[{"href":"https:\/\/www.griffbereit-rucksack.de\/es\/wp-json\/wp\/v2\/media?parent=2658"}],"curies":[{"name":"wp","href":"https:\/\/api.w.org\/{rel}","templated":true}]}}