{"id":2366,"date":"2020-03-02T13:32:29","date_gmt":"2020-03-02T12:32:29","guid":{"rendered":"https:\/\/www.griffbereit-rucksack.de\/?page_id=2366"},"modified":"2023-07-17T16:16:56","modified_gmt":"2023-07-17T14:16:56","slug":"mitmachen","status":"publish","type":"page","link":"https:\/\/www.griffbereit-rucksack.de\/es\/mitmachen\/","title":{"rendered":"\u00danase"},"content":{"rendered":"<h3><strong><u>Instituci\u00f3n (educativa)<\/u><\/strong><\/h3>\n<p><em>\u00bfPor qu\u00e9 debo participar? <\/em><\/p>\n<p><em>Griffbereit<\/em> y <em>Rucksack KiTa<\/em> son programas que tienen lugar en instituciones (educativas). Se trata de una gran oportunidad: por un lado, puede reforzar la asociaci\u00f3n educativa entre las familias y las instituciones (educativas) en el sentido de asociaciones de competencias de las que ambas partes pueden beneficiarse a largo plazo. Por otro lado, las instituciones (educativas) tambi\u00e9n pueden abrirse en el contexto de la diversidad y el multiling\u00fcismo. Esta apertura puede iniciar procesos que tambi\u00e9n pueden provocar cambios importantes en su instituci\u00f3n educativa.<\/p>\n<p><strong>\u00bfLe gustar\u00eda participar como instituci\u00f3n (educativa) y <em>Griffbereit o Rucksack KiTa <\/em>\u00bflo hace usted mismo?<\/strong><\/p>\n<p>El buscador de centros de coordinaci\u00f3n le ayudar\u00e1.<\/p>\n<p>Para facilitarle a usted, como instituci\u00f3n (educativa) interesada, el contacto con el centro de coordinaci\u00f3n que le corresponde, hemos creado la siguiente funci\u00f3n de b\u00fasqueda.<\/p>\n<p>So einfach geht&#8217;s:<\/p>\n<p>S\u00f3lo tiene que introducir el c\u00f3digo postal del municipio de su centro de ense\u00f1anza para encontrar el centro de coordinaci\u00f3n responsable de usted.<\/p>\n        <form class=\"bs_search-form\" action=\"\/es\/state\/\" method=\"get\" data-trp-original-action=\"\/state\/\">\n            <select required class=\"bs_state_field\" name=\"bss\">\n                <option value>Estado federal<\/option>\n                <option value='1'>Baden-W\u00fcrttemberg<\/option><option value='2'>Baviera<\/option><option value='3'>Berl\u00edn<\/option><option value='4'>Brandemburgo<\/option><option value='5'>Bremen<\/option><option value='6'>Hamburgo<\/option><option value='7'>Hesse<\/option><option value='8'>Mecklemburgo-Pomerania Occidental<\/option><option value='9'>Baja Sajonia<\/option><option value='10'>Renania del Norte-Westfalia<\/option><option value='11'>Renania-Palatinado<\/option><option value='12'>Sarre<\/option><option value='13'>Sajonia<\/option><option value='14'>Sajonia-Anhalt<\/option><option value='15'>Schleswig-Holstein<\/option><option value='16'>Turingia<\/option>            <\/select>\n            <select required class=\"bs_program_field\" name=\"bsp\">\n                <option value>Programa<\/option>\n                <option value='206'>griffbereitMINI<\/option><option value='121'>Griffbereit<\/option><option value='122'>Rucksack KiTa<\/option>            <\/select>\n            <input type=\"hidden\" name=\"bsg\" class=\"bs_searchgroup\" value=\"2\">\n            <input type=\"submit\" value=\"Encuentre\">\n        <input type=\"hidden\" name=\"trp-form-language\" value=\"es\"\/><\/form>\n        \n\t<h3><strong><u>Padres\/familias<\/u><\/strong><\/h3>\n<p><em>\u00bfPor qu\u00e9 debo participar? <\/em><\/p>\n<p>En di\u00e1logo con otros padres\/familias y con el personal educativo de la guarder\u00eda, aprender\u00e1 c\u00f3mo puede reforzar l\u00fadicamente a sus hijos en su desarrollo ling\u00fc\u00edstico y general. Aqu\u00ed se hace especial hincapi\u00e9 en el fomento del multiling\u00fcismo. Esto incluye el fortalecimiento de la(s) lengua(s) familiar(es) y el conocimiento de otras lenguas.<\/p>\n<p><strong>\u00bfD\u00f3nde puedo encontrar un grupo Griffbereit o Rucksack KiTa?<\/strong><\/p>\n<p><strong>\u00bfLe gustar\u00eda participar en familia y est\u00e1 buscando un <em>Grupo Griffbereit o Rucksack KiTa<\/em>?<\/strong><\/p>\n<p>El buscador de grupos le ayudar\u00e1.<\/p>\n<p>Con s\u00f3lo unos clics, la oferta en l\u00ednea le proporciona informaci\u00f3n sobre la <em>Griffbereit<\/em> y\/o <em>Rucksack KiTa<\/em> instituciones educativas de su zona.<\/p>\n<p>So einfach geht&#8217;s:<\/p>\n<p>Pulse sobre la instalaci\u00f3n deseada en la lista o en el mapa para ver informaci\u00f3n detallada.<\/p>\n        <form class=\"bs_search-form\" action=\"\/es\/state\/\" method=\"get\" data-trp-original-action=\"\/state\/\">\n            <select required class=\"bs_state_field\" name=\"bss\">\n                <option value>Estado federal<\/option>\n                <option value='1'>Baden-W\u00fcrttemberg<\/option><option value='2'>Baviera<\/option><option value='3'>Berl\u00edn<\/option><option value='4'>Brandemburgo<\/option><option value='5'>Bremen<\/option><option value='6'>Hamburgo<\/option><option value='7'>Hesse<\/option><option value='8'>Mecklemburgo-Pomerania Occidental<\/option><option value='9'>Baja Sajonia<\/option><option value='10'>Renania del Norte-Westfalia<\/option><option value='11'>Renania-Palatinado<\/option><option value='12'>Sarre<\/option><option value='13'>Sajonia<\/option><option value='14'>Sajonia-Anhalt<\/option><option value='15'>Schleswig-Holstein<\/option><option value='16'>Turingia<\/option>            <\/select>\n            <select required class=\"bs_program_field\" name=\"bsp\">\n                <option value>Programa<\/option>\n                <option value='206'>griffbereitMINI<\/option><option value='121'>Griffbereit<\/option><option value='122'>Rucksack KiTa<\/option>            <\/select>\n            <input type=\"hidden\" name=\"bsg\" class=\"bs_searchgroup\" value=\"1\">\n            <input type=\"submit\" value=\"Encuentre\">\n        <input type=\"hidden\" name=\"trp-form-language\" value=\"es\"\/><\/form>\n        \n\t<h3><strong><u>Municipio<\/u><\/strong><\/h3>\n<p><em>\u00bfPor qu\u00e9 debo participar? <\/em><\/p>\n<p>Los programas <em>Griffbereit<\/em> y <em>Rucksack KiTa<\/em> son programas innovadores y de \u00e9xito nacional que se centran espec\u00edficamente en promover la educaci\u00f3n ling\u00fc\u00edstica y la educaci\u00f3n familiar, al tiempo que abren las instituciones (educativas) a la diversidad y la migraci\u00f3n. Se ofrece a los ni\u00f1os la mejor preparaci\u00f3n y apoyo posibles para su futura trayectoria educativa con vistas a la igualdad de oportunidades para todos los ni\u00f1os en lo que respecta a la educaci\u00f3n. Al mismo tiempo, se moviliza a los padres\/familias en este camino com\u00fan.<\/p>\n<p>Adem\u00e1s, los programas tienen un fuerte enfoque socioespacial (creaci\u00f3n de redes en el espacio social), est\u00e1n diferenciados seg\u00fan el grupo destinatario y han sido supervisados, evaluados y certificados profesionalmente por cient\u00edficos reconocidos. Los programas se desarrollan y adaptan continuamente en funci\u00f3n de las realidades sociales. De este modo, los programas pretenden iniciar procesos de cambio hacia una sociedad en la que la educaci\u00f3n temprana y la asociaci\u00f3n educativa entre las instituciones (educativas) y las familias sea naturalmente consciente de la diversidad, multiling\u00fce, culturalmente sensible y abierta a la sociedad de la migraci\u00f3n.<\/p>\n<p><strong>\u00bfLe gustar\u00eda participar como municipio y <em>Griffbereit o Rucksack KiTa <\/em>\u00bfen cooperaci\u00f3n con sus instituciones educativas?<\/strong><\/p>\n<p>El buscador de centros de coordinaci\u00f3n estatales le ayudar\u00e1.<\/p>\n<p>Hemos creado la siguiente funci\u00f3n de b\u00fasqueda para facilitarle, como autoridad local interesada, el contacto con el centro de coordinaci\u00f3n estatal responsable de usted.<\/p>\n<p>So einfach geht&#8217;s:<\/p>\n<p>S\u00f3lo tiene que introducir el c\u00f3digo postal de su municipio para encontrar el centro de coordinaci\u00f3n regional responsable de usted.<\/p>\n        <form class=\"bs_search-form\" action=\"\/es\/state\/\" method=\"get\" data-trp-original-action=\"\/state\/\">\n            <select required class=\"bs_state_field\" name=\"bss\">\n                <option value>Estado federal<\/option>\n                <option value='1'>Baden-W\u00fcrttemberg<\/option><option value='2'>Baviera<\/option><option value='3'>Berl\u00edn<\/option><option value='4'>Brandemburgo<\/option><option value='5'>Bremen<\/option><option value='6'>Hamburgo<\/option><option value='7'>Hesse<\/option><option value='8'>Mecklemburgo-Pomerania Occidental<\/option><option value='9'>Baja Sajonia<\/option><option value='10'>Renania del Norte-Westfalia<\/option><option value='11'>Renania-Palatinado<\/option><option value='12'>Sarre<\/option><option value='13'>Sajonia<\/option><option value='14'>Sajonia-Anhalt<\/option><option value='15'>Schleswig-Holstein<\/option><option value='16'>Turingia<\/option>            <\/select>\n            <select required class=\"bs_program_field\" name=\"bsp\">\n                <option value>Programa<\/option>\n                <option value='206'>griffbereitMINI<\/option><option value='121'>Griffbereit<\/option><option value='122'>Rucksack KiTa<\/option>            <\/select>\n            <input type=\"hidden\" name=\"bsg\" class=\"bs_searchgroup\" value=\"2\">\n            <input type=\"submit\" value=\"Encuentre\">\n        <input type=\"hidden\" name=\"trp-form-language\" value=\"es\"\/><\/form>\n        \n\t<h3><strong><u>Asesor de padres<\/u><\/strong><\/h3>\n<p>\u00bfPor qu\u00e9 debo participar?<\/p>\n<p>Los asesores de padres han participado en la <em>Griffbereit <\/em>y <em>Rucksack KiTa<\/em> programas desempe\u00f1an un papel decisivo. Dirigen los grupos Griffbereit y Rucksack KiTa y garantizan el uso coherente y fiable del multiling\u00fcismo en el grupo.<\/p>\n<p>El multiling\u00fcismo, la cooperaci\u00f3n orientada a la diversidad y la cooperaci\u00f3n abierta son cualidades que usted como mentor de padres - tambi\u00e9n hacia los padres\/familias - debe ejemplificar.  A trav\u00e9s de los impulsos que usted proporciona organizando el <em>Griffbereit<\/em> resp. <em>Rucksack KiTa<\/em>-Por medio de la creaci\u00f3n de grupos de juego con actividades l\u00fadicas, canciones y sugerencias, los padres\/familias reciben nuevas ideas y confianza para comprometerse con sus hijos y reforzar la relaci\u00f3n en el seno de la familia.<\/p>\n<p>Diese T\u00e4tigkeit kann auch ein Einstieg in das p\u00e4dagogische Arbeitsfeld sein&#8230;<\/p>\n<p><strong>\u00bfLe gustar\u00eda participar como padre consejero y <em>Griffbereit o Rucksack KiTa <\/em>llevar a cabo?<\/strong><\/p>\n<p>El buscador de centros de coordinaci\u00f3n le ayudar\u00e1.<\/p>\n<p>Para facilitarle a usted, como padre mentor interesado, el contacto con el centro de coordinaci\u00f3n que le corresponde, hemos creado la siguiente funci\u00f3n de b\u00fasqueda.<\/p>\n<p>So einfach geht&#8217;s:<\/p>\n<p>S\u00f3lo tiene que introducir el c\u00f3digo postal del municipio en el que vive para encontrar el centro de coordinaci\u00f3n que le corresponde.<\/p>\n        <form class=\"bs_search-form\" action=\"\/es\/state\/\" method=\"get\" data-trp-original-action=\"\/state\/\">\n            <select required class=\"bs_state_field\" name=\"bss\">\n                <option value>Estado federal<\/option>\n                <option value='1'>Baden-W\u00fcrttemberg<\/option><option value='2'>Baviera<\/option><option value='3'>Berl\u00edn<\/option><option value='4'>Brandemburgo<\/option><option value='5'>Bremen<\/option><option value='6'>Hamburgo<\/option><option value='7'>Hesse<\/option><option value='8'>Mecklemburgo-Pomerania Occidental<\/option><option value='9'>Baja Sajonia<\/option><option value='10'>Renania del Norte-Westfalia<\/option><option value='11'>Renania-Palatinado<\/option><option value='12'>Sarre<\/option><option value='13'>Sajonia<\/option><option value='14'>Sajonia-Anhalt<\/option><option value='15'>Schleswig-Holstein<\/option><option value='16'>Turingia<\/option>            <\/select>\n            <select required class=\"bs_program_field\" name=\"bsp\">\n                <option value>Programa<\/option>\n                <option value='206'>griffbereitMINI<\/option><option value='121'>Griffbereit<\/option><option value='122'>Rucksack KiTa<\/option>            <\/select>\n            <input type=\"hidden\" name=\"bsg\" class=\"bs_searchgroup\" value=\"2\">\n            <input type=\"submit\" value=\"Encuentre\">\n        <input type=\"hidden\" name=\"trp-form-language\" value=\"es\"\/><\/form>","protected":false},"excerpt":{"rendered":"<div class=\"entry-summary\">\n<div class=\"entry-summary\">\n(Bildungs-) Institution Warum soll ich mitmachen? Griffbereit und Rucksack KiTa sind Programme, die in (Bildungs-) Institutionen stattfinden. Das&hellip;\n<\/div>\n<div class=\"link-more\"><a href=\"https:\/\/www.griffbereit-rucksack.de\/es\/mitmachen\/\" class=\"more-link\">Seguir leyendo<span class=\"screen-reader-text\"> &ldquo;Mitmachen&rdquo;<\/span>...<\/a><\/div>\n<\/div>\n<div class=\"link-more\"><a href=\"https:\/\/www.griffbereit-rucksack.de\/es\/mitmachen\/\" class=\"more-link\">Seguir leyendo<span class=\"screen-reader-text\"> &ldquo;Mitmachen&rdquo;<\/span>...<\/a><\/div>","protected":false},"author":1,"featured_media":0,"parent":0,"menu_order":0,"comment_status":"closed","ping_status":"closed","template":"","meta":{"_acf_changed":false,"footnotes":""},"class_list":["post-2366","page","type-page","status-publish","hentry","entry"],"acf":[],"_links":{"self":[{"href":"https:\/\/www.griffbereit-rucksack.de\/es\/wp-json\/wp\/v2\/pages\/2366","targetHints":{"allow":["GET"]}}],"collection":[{"href":"https:\/\/www.griffbereit-rucksack.de\/es\/wp-json\/wp\/v2\/pages"}],"about":[{"href":"https:\/\/www.griffbereit-rucksack.de\/es\/wp-json\/wp\/v2\/types\/page"}],"author":[{"embeddable":true,"href":"https:\/\/www.griffbereit-rucksack.de\/es\/wp-json\/wp\/v2\/users\/1"}],"replies":[{"embeddable":true,"href":"https:\/\/www.griffbereit-rucksack.de\/es\/wp-json\/wp\/v2\/comments?post=2366"}],"version-history":[{"count":0,"href":"https:\/\/www.griffbereit-rucksack.de\/es\/wp-json\/wp\/v2\/pages\/2366\/revisions"}],"wp:attachment":[{"href":"https:\/\/www.griffbereit-rucksack.de\/es\/wp-json\/wp\/v2\/media?parent=2366"}],"curies":[{"name":"wp","href":"https:\/\/api.w.org\/{rel}","templated":true}]}}