{"id":2281,"date":"2020-01-31T19:42:49","date_gmt":"2020-01-31T18:42:49","guid":{"rendered":"https:\/\/www.griffbereit-rucksack.de\/?page_id=2281"},"modified":"2024-05-07T09:27:53","modified_gmt":"2024-05-07T07:27:53","slug":"impressum","status":"publish","type":"page","link":"https:\/\/www.griffbereit-rucksack.de\/es\/impressum\/","title":{"rendered":"Pie de imprenta"},"content":{"rendered":"<p><strong>Informaci\u00f3n seg\u00fan \u00a7 5 TMG<\/strong><\/p>\nEditor de este sitio web:<br \/>\nFundaci\u00f3n Centro de Estudios Turcos e Investigaci\u00f3n sobre la Integraci\u00f3n<br \/>\nAltendorfer Str. 3<br \/>\n45127 Essen\nVertreten durch:<br \/>\nSerap G\u00fcler, Andreas Bl\u00e4tte, Dirk Halm\n<strong>Contacte con nosotros<\/strong><br \/>\nTel\u00e9fono: +49 (0) 201 31 98-0<br \/>\nFax: +49 (0) 201 31 98-333<br \/>\nCorreo electr\u00f3nico: zfti@zfti.de\n<strong>Registro y n\u00famero de registro<\/strong><br \/>\nRegistro de la fundaci\u00f3n, n\u00famero de registro 21.13-St.934<br \/>\nN\u00famero de identificaci\u00f3n fiscal:<br \/>\nN\u00famero de identificaci\u00f3n fiscal seg\u00fan \u00a727 a de la ley del impuesto sobre las ventas:<br \/>\nES 223459103<br \/>\nAutoridad supervisora:<br \/>\nGobierno del distrito de D\u00fcsseldorf<br \/>\nResponsable del contenido seg\u00fan \u00a7 55 Abs. 2 RStV:<br \/>\nFundaci\u00f3n Hac\u0131 Halil Uslucan Centro de Estudios Turcos e Investigaci\u00f3n sobre la Integraci\u00f3n<br \/>\nAltendorfer Str. 3<br \/>\n45127 Essen\n<strong>Coordinaci\u00f3n y mantenimiento de la p\u00e1gina web<\/strong><br \/>\nFundaci\u00f3n Centro de Estudios Turcos e Investigaci\u00f3n sobre la Integraci\u00f3n<br \/>\nCalle Altendorfer 3<br \/>\n45127 Essen<br \/>\nAlemania<br \/>\nTel.: 0201-3198-0<br \/>\nCorreo electr\u00f3nico: zfti@zfti.de<br \/>\nP\u00e1gina web: www. zfti.de\n<p>&nbsp;<\/p>\n<p><strong>Descargo de responsabilidad<\/strong><\/p>\n<p>Responsabilidad por los contenidos<\/p>\n<p>El contenido de nuestras p\u00e1ginas ha sido creado con el mayor cuidado. Sin embargo, no podemos asumir ninguna responsabilidad por la exactitud, integridad y actualidad de los contenidos. Como proveedor de servicios, somos responsables de nuestros propios contenidos en estas p\u00e1ginas de acuerdo con el \u00a7 7 p\u00e1rrafo 1 TMG (Ley alemana de Telemedia) y las leyes generales. Sin embargo, de acuerdo con los \u00a7\u00a7 8 a 10 de la TMG, no estamos obligados como proveedores de servicios a supervisar la informaci\u00f3n ajena transmitida o almacenada ni a investigar circunstancias que indiquen una actividad ilegal. Las obligaciones de eliminar o bloquear el uso de informaci\u00f3n de acuerdo con la legislaci\u00f3n general no se ven afectadas por ello. Sin embargo, la responsabilidad a este respecto s\u00f3lo es posible a partir del momento en que se tiene conocimiento de una infracci\u00f3n concreta. Tan pronto como tengamos conocimiento de dichas infracciones, eliminaremos inmediatamente estos contenidos.<\/p>\n<p>Responsabilidad de los enlaces<\/p>\n<p>Nuestro sitio web contiene enlaces a sitios web externos de terceros sobre cuyo contenido no tenemos ninguna influencia. Por lo tanto, no podemos aceptar ninguna responsabilidad por estos contenidos de terceros. El respectivo proveedor u operador de las p\u00e1ginas es siempre responsable del contenido de las p\u00e1ginas enlazadas. Las p\u00e1ginas enlazadas se comprobaron en el momento de enlazarlas para detectar posibles infracciones legales. No se reconocieron contenidos ilegales en el momento de establecer el enlace. Sin embargo, la supervisi\u00f3n permanente del contenido de las p\u00e1ginas enlazadas no es razonable sin pruebas concretas de una infracci\u00f3n. Si tenemos conocimiento de alguna infracci\u00f3n legal, eliminaremos dichos enlaces inmediatamente.<\/p>\n<p>Derechos de autor<\/p>\n<p>El contenido y las obras creadas por los operadores del sitio en estas p\u00e1ginas est\u00e1n sujetos a la ley alemana de derechos de autor. La duplicaci\u00f3n, el procesamiento, la distribuci\u00f3n y cualquier tipo de utilizaci\u00f3n fuera de los l\u00edmites de la ley de derechos de autor requieren el consentimiento por escrito del autor o creador respectivo. Las descargas y copias de este sitio s\u00f3lo est\u00e1n permitidas para uso privado y no comercial. En la medida en que el contenido de este sitio no haya sido creado por el operador, se respetan los derechos de autor de terceros. En particular, los contenidos de terceros est\u00e1n etiquetados como tales. Si a pesar de ello tuviera conocimiento de una infracci\u00f3n de los derechos de autor, le rogamos que nos lo comunique. Si tenemos conocimiento de alguna infracci\u00f3n, eliminaremos dicho contenido inmediatamente.<\/p>\n<p>Comunicaci\u00f3n por correo electr\u00f3nico y formulario de contacto<\/p>\nNos gustar\u00eda se\u00f1alar que la transmisi\u00f3n de datos en Internet (por ejemplo, al comunicarse por correo electr\u00f3nico y a trav\u00e9s del formulario de contacto) puede presentar lagunas de seguridad a pesar de la codificaci\u00f3n SSL. La protecci\u00f3n completa de los datos contra el acceso de terceros no es posible. Si recibimos un correo electr\u00f3nico o un mensaje suyo a trav\u00e9s del formulario de contacto, suponemos que estamos autorizados a responderle por correo electr\u00f3nico. En caso contrario, deberemos remitirle expresamente a otra forma de comunicaci\u00f3n.<br \/>\nPor la presente prohibimos expresamente el uso de los datos de contacto publicados en el marco de la obligaci\u00f3n de pie de imprenta por parte de terceros para el env\u00edo de publicidad y material informativo no solicitado. Los operadores de este sitio web se reservan expresamente el derecho a emprender acciones legales en caso de env\u00edo no solicitado de informaci\u00f3n publicitaria, como correos electr\u00f3nicos basura.\n<p>&nbsp;<\/p>","protected":false},"excerpt":{"rendered":"<div class=\"entry-summary\">\n<div class=\"entry-summary\">\nAngaben gem\u00e4\u00df \u00a7 5 TMG Herausgeber dieser Webseiten: Stiftung Zentrum f\u00fcr T\u00fcrkeistudien und Integrationsforschung Altendorfer Str. 3 45127&hellip;\n<\/div>\n<div class=\"link-more\"><a href=\"https:\/\/www.griffbereit-rucksack.de\/es\/impressum\/\" class=\"more-link\">Seguir leyendo<span class=\"screen-reader-text\"> &ldquo;Impressum&rdquo;<\/span>...<\/a><\/div>\n<\/div>\n<div class=\"link-more\"><a href=\"https:\/\/www.griffbereit-rucksack.de\/es\/impressum\/\" class=\"more-link\">Seguir leyendo<span class=\"screen-reader-text\"> &ldquo;Impressum&rdquo;<\/span>...<\/a><\/div>","protected":false},"author":1,"featured_media":0,"parent":0,"menu_order":0,"comment_status":"closed","ping_status":"closed","template":"","meta":{"_acf_changed":false,"footnotes":""},"class_list":["post-2281","page","type-page","status-publish","hentry","entry"],"acf":[],"_links":{"self":[{"href":"https:\/\/www.griffbereit-rucksack.de\/es\/wp-json\/wp\/v2\/pages\/2281","targetHints":{"allow":["GET"]}}],"collection":[{"href":"https:\/\/www.griffbereit-rucksack.de\/es\/wp-json\/wp\/v2\/pages"}],"about":[{"href":"https:\/\/www.griffbereit-rucksack.de\/es\/wp-json\/wp\/v2\/types\/page"}],"author":[{"embeddable":true,"href":"https:\/\/www.griffbereit-rucksack.de\/es\/wp-json\/wp\/v2\/users\/1"}],"replies":[{"embeddable":true,"href":"https:\/\/www.griffbereit-rucksack.de\/es\/wp-json\/wp\/v2\/comments?post=2281"}],"version-history":[{"count":0,"href":"https:\/\/www.griffbereit-rucksack.de\/es\/wp-json\/wp\/v2\/pages\/2281\/revisions"}],"wp:attachment":[{"href":"https:\/\/www.griffbereit-rucksack.de\/es\/wp-json\/wp\/v2\/media?parent=2281"}],"curies":[{"name":"wp","href":"https:\/\/api.w.org\/{rel}","templated":true}]}}