{"id":2257,"date":"2020-01-13T11:33:41","date_gmt":"2020-01-13T10:33:41","guid":{"rendered":"https:\/\/www.griffbereit-rucksack.de\/?page_id=2257"},"modified":"2025-08-27T11:30:29","modified_gmt":"2025-08-27T09:30:29","slug":"partner","status":"publish","type":"page","link":"https:\/\/www.griffbereit-rucksack.de\/es\/ueber-uns\/partner\/","title":{"rendered":"Socio"},"content":{"rendered":"<img decoding=\"async\" src=\"https:\/\/www.griffbereit-rucksack.de\/wp-content\/uploads\/2025\/08\/ruck_sack_schule_logo.png\" alt=\"ruck_sack_schule_logo\" itemprop=\"image\" height=\"934\" width=\"790\" title=\"ruck_sack_schule_logo\" onerror=\"this.style.display='none'\" loading='lazy' \/>\n\t<p><strong>Rucksack Schule<\/strong><\/p>\n\t<p>Das Landesprogramm Rucksack Schule, welches entlang der Bildungsbiografie an die Vorl\u00e4uferprogramme griffbereitMINI, Griffbereit und Rucksack KiTa anschlie\u00dft, wird von der Landesstelle Schulische Integration im Auftrag des Ministeriums f\u00fcr Schule und Bildung Nordrhein-Westfalen koordiniert und von den Kommunalen Integrationszentren NRW an teilnehmenden Schulen umgesetzt.<\/p>\n<p>F\u00fcr weitergehende Informationen sowie Kontaktdaten klicken Sie bitte <a href=\"https:\/\/lasi-netzwerk-nrw.de\/handlungsfelder\/foerderung-mehrsprachigkeit\/rucksack-schule\" target=\"_blank\" rel=\"noopener\">aqu\u00ed<\/a>.<\/p>\n\t\t\t\t<img decoding=\"async\" src=\"https:\/\/www.griffbereit-rucksack.de\/wp-content\/uploads\/2025\/08\/Bildschirmfoto-2025-08-27-um-11.11.45.png\" alt=\"Bildschirmfoto 2025-08-27 um 11.11.45\" itemprop=\"image\" height=\"1618\" width=\"1150\" title=\"Bildschirmfoto 2025-08-27 um 11.11.45\" onerror=\"this.style.display='none'\" loading='lazy' \/>\n\t<h1><strong>Der Kalender der Sprachen<\/strong><\/h1>\n<p>Schulen und Bildungseinrichtungen, die neben Rucksack Schule weitere mehrsprachigkeitsorientierte Angebote suchen, werden beim \u201eKalender der Sprachen&#8220; f\u00fcndig.<\/p>\n<p>Weitere Informationen sowie Downloads erhalten Sie <a href=\"https:\/\/www.bra.nrw.de\/bildung-schule\/landesstelle-schulische-integration\/der-kalender-der-sprachen\" target=\"_blank\" rel=\"noopener\">aqu\u00ed<\/a>.<\/p>","protected":false},"excerpt":{"rendered":"<div class=\"entry-summary\">\n<div class=\"entry-summary\">\nRucksack Schule Das Landesprogramm Rucksack Schule, welches entlang der Bildungsbiografie an die Vorl\u00e4uferprogramme griffbereitMINI, Griffbereit und Rucksack KiTa&hellip;\n<\/div>\n<div class=\"link-more\"><a href=\"https:\/\/www.griffbereit-rucksack.de\/es\/ueber-uns\/partner\/\" class=\"more-link\">Seguir leyendo<span class=\"screen-reader-text\"> &ldquo;Partner&rdquo;<\/span>...<\/a><\/div>\n<\/div>\n<div class=\"link-more\"><a href=\"https:\/\/www.griffbereit-rucksack.de\/es\/ueber-uns\/partner\/\" class=\"more-link\">Seguir leyendo<span class=\"screen-reader-text\"> &ldquo;Partner&rdquo;<\/span>...<\/a><\/div>","protected":false},"author":1,"featured_media":0,"parent":2249,"menu_order":0,"comment_status":"closed","ping_status":"closed","template":"","meta":{"_acf_changed":false,"footnotes":""},"class_list":["post-2257","page","type-page","status-publish","hentry","entry"],"acf":[],"_links":{"self":[{"href":"https:\/\/www.griffbereit-rucksack.de\/es\/wp-json\/wp\/v2\/pages\/2257","targetHints":{"allow":["GET"]}}],"collection":[{"href":"https:\/\/www.griffbereit-rucksack.de\/es\/wp-json\/wp\/v2\/pages"}],"about":[{"href":"https:\/\/www.griffbereit-rucksack.de\/es\/wp-json\/wp\/v2\/types\/page"}],"author":[{"embeddable":true,"href":"https:\/\/www.griffbereit-rucksack.de\/es\/wp-json\/wp\/v2\/users\/1"}],"replies":[{"embeddable":true,"href":"https:\/\/www.griffbereit-rucksack.de\/es\/wp-json\/wp\/v2\/comments?post=2257"}],"version-history":[{"count":0,"href":"https:\/\/www.griffbereit-rucksack.de\/es\/wp-json\/wp\/v2\/pages\/2257\/revisions"}],"up":[{"embeddable":true,"href":"https:\/\/www.griffbereit-rucksack.de\/es\/wp-json\/wp\/v2\/pages\/2249"}],"wp:attachment":[{"href":"https:\/\/www.griffbereit-rucksack.de\/es\/wp-json\/wp\/v2\/media?parent=2257"}],"curies":[{"name":"wp","href":"https:\/\/api.w.org\/{rel}","templated":true}]}}