{"id":2251,"date":"2020-01-13T11:31:06","date_gmt":"2020-01-13T10:31:06","guid":{"rendered":"https:\/\/www.griffbereit-rucksack.de\/?page_id=2251"},"modified":"2021-04-27T12:36:37","modified_gmt":"2021-04-27T10:36:37","slug":"vision-mission","status":"publish","type":"page","link":"https:\/\/www.griffbereit-rucksack.de\/es\/ueber-uns\/vision-mission\/","title":{"rendered":"Visi\u00f3n y misi\u00f3n"},"content":{"rendered":"<p><em>Griffbereit<\/em> y <em>Rucksack KiTa<\/em>Programas para una educaci\u00f3n temprana multiling\u00fce y consciente de la diversidad y cooperaci\u00f3n con las familias.<\/p>\n\n<p>Con los programas <em>Griffbereit<\/em> y <em>Rucksack KiTa<\/em> estamos comprometidos con una sociedad en la que la educaci\u00f3n de la primera infancia y las asociaciones educativas entre las instituciones (educativas) y las familias sean naturalmente conscientes de la diversidad, multiling\u00fces y abiertas a la sociedad de la migraci\u00f3n.<\/p>\n\n<p>Nuestros programas est\u00e1n vinculados a la visi\u00f3n anterior y a los objetivos asociados <em>Griffbereit<\/em> y <em>Rucksack KiTa<\/em> Los programas combinan el enfoque de la educaci\u00f3n multiling\u00fce con un concepto de educaci\u00f3n familiar consciente de la diversidad y refuerzan as\u00ed la asociaci\u00f3n educativa entre las familias y las instituciones (educativas) en el sentido de asociaciones de competencias, de las que ambas partes se benefician a largo plazo. Adem\u00e1s, los programas apoyan a las instituciones (educativas) en su apertura hacia la diversidad y la migraci\u00f3n social.<\/p>","protected":false},"excerpt":{"rendered":"<div class=\"entry-summary\">\n<div class=\"entry-summary\">\nGriffbereit und Rucksack KiTa: Programme f\u00fcr eine diversit\u00e4tsbewusste und mehrsprachige Fr\u00fche Bildung und Zusammenarbeit mit Familien. Mit den&hellip;\n<\/div>\n<div class=\"link-more\"><a href=\"https:\/\/www.griffbereit-rucksack.de\/es\/ueber-uns\/vision-mission\/\" class=\"more-link\">Seguir leyendo<span class=\"screen-reader-text\"> &ldquo;Vision &#038; Mission&rdquo;<\/span>...<\/a><\/div>\n<\/div>\n<div class=\"link-more\"><a href=\"https:\/\/www.griffbereit-rucksack.de\/es\/ueber-uns\/vision-mission\/\" class=\"more-link\">Seguir leyendo<span class=\"screen-reader-text\"> &ldquo;Vision &#038; Mission&rdquo;<\/span>...<\/a><\/div>","protected":false},"author":1,"featured_media":0,"parent":2249,"menu_order":0,"comment_status":"closed","ping_status":"closed","template":"","meta":{"_acf_changed":false,"footnotes":""},"class_list":["post-2251","page","type-page","status-publish","hentry","entry"],"acf":[],"_links":{"self":[{"href":"https:\/\/www.griffbereit-rucksack.de\/es\/wp-json\/wp\/v2\/pages\/2251","targetHints":{"allow":["GET"]}}],"collection":[{"href":"https:\/\/www.griffbereit-rucksack.de\/es\/wp-json\/wp\/v2\/pages"}],"about":[{"href":"https:\/\/www.griffbereit-rucksack.de\/es\/wp-json\/wp\/v2\/types\/page"}],"author":[{"embeddable":true,"href":"https:\/\/www.griffbereit-rucksack.de\/es\/wp-json\/wp\/v2\/users\/1"}],"replies":[{"embeddable":true,"href":"https:\/\/www.griffbereit-rucksack.de\/es\/wp-json\/wp\/v2\/comments?post=2251"}],"version-history":[{"count":0,"href":"https:\/\/www.griffbereit-rucksack.de\/es\/wp-json\/wp\/v2\/pages\/2251\/revisions"}],"up":[{"embeddable":true,"href":"https:\/\/www.griffbereit-rucksack.de\/es\/wp-json\/wp\/v2\/pages\/2249"}],"wp:attachment":[{"href":"https:\/\/www.griffbereit-rucksack.de\/es\/wp-json\/wp\/v2\/media?parent=2251"}],"curies":[{"name":"wp","href":"https:\/\/api.w.org\/{rel}","templated":true}]}}