{"id":2244,"date":"2020-01-13T11:11:41","date_gmt":"2020-01-13T10:11:41","guid":{"rendered":"https:\/\/www.griffbereit-rucksack.de\/?page_id=2244"},"modified":"2021-06-14T14:59:18","modified_gmt":"2021-06-14T12:59:18","slug":"lako","status":"publish","type":"page","link":"https:\/\/www.griffbereit-rucksack.de\/es\/ueber-uns\/lako\/","title":{"rendered":"LaKo"},"content":{"rendered":"<p>Los centros de coordinaci\u00f3n estatales (LaKo) asesoran y apoyan a los centros de integraci\u00f3n municipales de Renania del Norte-Westfalia (KI) en sus procesos individuales de creaci\u00f3n y desarrollo in situ.<\/p>\n<p>Proporciona medidas de cualificaci\u00f3n y formaci\u00f3n continua y organiza la colaboraci\u00f3n con el mundo acad\u00e9mico especializado, as\u00ed como la cooperaci\u00f3n y la creaci\u00f3n de redes con las partes interesadas en el trabajo de educaci\u00f3n e integraci\u00f3n a nivel estatal. El LaKo act\u00faa como enlace entre las IAs y el gobierno estatal.<\/p>\n<p>Los campos de acci\u00f3n se orientan a lo largo de la cadena biogr\u00e1fica de la educaci\u00f3n y consideran la integraci\u00f3n como una tarea transversal.<\/p>\n<p>Los programas <em>Griffbereit<\/em> y <em>Rucksack KiTa<\/em> de los Centros Municipales de Integraci\u00f3n de Renania del Norte-Westfalia (KI) se est\u00e1n aplicando con \u00e9xito en Renania del Norte-Westfalia y en todo el pa\u00eds y cuentan con el apoyo de los centros de coordinaci\u00f3n estatales (LaKo).<a href=\"#_ftn1\" name=\"_ftnref1\">[1]<\/a> coordinado.<\/p>\n<p>&nbsp;<\/p>\n<p><a href=\"#_ftnref1\" name=\"_ftn1\">[1]<\/a> Desde 2013 como organizaci\u00f3n sucesora de las Oficinas Regionales de Promoci\u00f3n de la Infancia y la Juventud de Familias Inmigrantes (RAA).<\/p>","protected":false},"excerpt":{"rendered":"<div class=\"entry-summary\">\n<div class=\"entry-summary\">\nDie Landesweiten Koordinierungsstellen (LaKo) beraten und begleitet die Kommunalen Integrationszentren in NRW (KI) in ihren individuellen Aufbau- und&hellip;\n<\/div>\n<div class=\"link-more\"><a href=\"https:\/\/www.griffbereit-rucksack.de\/es\/ueber-uns\/lako\/\" class=\"more-link\">Seguir leyendo<span class=\"screen-reader-text\"> &ldquo;LaKo&rdquo;<\/span>...<\/a><\/div>\n<\/div>\n<div class=\"link-more\"><a href=\"https:\/\/www.griffbereit-rucksack.de\/es\/ueber-uns\/lako\/\" class=\"more-link\">Seguir leyendo<span class=\"screen-reader-text\"> &ldquo;LaKo&rdquo;<\/span>...<\/a><\/div>","protected":false},"author":1,"featured_media":0,"parent":2249,"menu_order":0,"comment_status":"closed","ping_status":"closed","template":"","meta":{"_acf_changed":false,"footnotes":""},"class_list":["post-2244","page","type-page","status-publish","hentry","entry"],"acf":[],"_links":{"self":[{"href":"https:\/\/www.griffbereit-rucksack.de\/es\/wp-json\/wp\/v2\/pages\/2244","targetHints":{"allow":["GET"]}}],"collection":[{"href":"https:\/\/www.griffbereit-rucksack.de\/es\/wp-json\/wp\/v2\/pages"}],"about":[{"href":"https:\/\/www.griffbereit-rucksack.de\/es\/wp-json\/wp\/v2\/types\/page"}],"author":[{"embeddable":true,"href":"https:\/\/www.griffbereit-rucksack.de\/es\/wp-json\/wp\/v2\/users\/1"}],"replies":[{"embeddable":true,"href":"https:\/\/www.griffbereit-rucksack.de\/es\/wp-json\/wp\/v2\/comments?post=2244"}],"version-history":[{"count":0,"href":"https:\/\/www.griffbereit-rucksack.de\/es\/wp-json\/wp\/v2\/pages\/2244\/revisions"}],"up":[{"embeddable":true,"href":"https:\/\/www.griffbereit-rucksack.de\/es\/wp-json\/wp\/v2\/pages\/2249"}],"wp:attachment":[{"href":"https:\/\/www.griffbereit-rucksack.de\/es\/wp-json\/wp\/v2\/media?parent=2244"}],"curies":[{"name":"wp","href":"https:\/\/api.w.org\/{rel}","templated":true}]}}