{"id":14558,"date":"2024-08-13T13:59:28","date_gmt":"2024-08-13T11:59:28","guid":{"rendered":"https:\/\/www.griffbereit-rucksack.de\/?page_id=14558"},"modified":"2024-08-13T15:51:54","modified_gmt":"2024-08-13T13:51:54","slug":"qualitaetsstandards","status":"publish","type":"page","link":"https:\/\/www.griffbereit-rucksack.de\/es\/qualitaetsstandards\/","title":{"rendered":"Normas de calidad"},"content":{"rendered":"<img decoding=\"async\" src=\"https:\/\/www.griffbereit-rucksack.de\/wp-content\/plugins\/bb-plugin\/img\/pixel.png\" alt=\"\" itemprop=\"image\" onerror=\"this.style.display='none'\"  \/>\n\t<p><img decoding=\"async\" src=\"https:\/\/www.griffbereit-rucksack.de\/wp-content\/uploads\/2024\/03\/griffbereitmini_cirlce.png\" alt=\"\" width=\"100\" height=\"100\" \/><img decoding=\"async\" src=\"https:\/\/www.griffbereit-rucksack.de\/wp-content\/uploads\/2024\/03\/griffbereit_cirlce.png\" alt=\"\" width=\"100\" height=\"100\" \/><img decoding=\"async\" src=\"https:\/\/www.griffbereit-rucksack.de\/wp-content\/uploads\/2024\/03\/rucksackkita_cirlce.png\" alt=\"\" width=\"100\" height=\"100\" \/><\/p>\n<p><strong>Normas de calidad <em>griffbereitMINI, Griffbereit<\/em> y <em>Rucksack KiTa<\/em><\/strong><\/p>\n<p>&nbsp;<\/p>\n<p><u>Educaci\u00f3n ling\u00fc\u00edstica continua <\/u><\/p>\n<ul>\n<li>Multiling\u00fcismo (promoci\u00f3n de todas las lenguas de la familia, incluido el alem\u00e1n)<\/li>\n<li>Experiencia y orientaci\u00f3n de recursos<\/li>\n<li>Sensibilizar a todas las partes interesadas en los procesos de desarrollo y educaci\u00f3n ling\u00fc\u00edsticos<\/li>\n<li>Lenguaje cotidiano integrado orientaci\u00f3n a la acci\u00f3n<\/li>\n<li>Orientaci\u00f3n hacia el enfoque situacional<\/li>\n<\/ul>\n<p><u>Participaci\u00f3n equitativa, educaci\u00f3n y capacitaci\u00f3n de las familias<\/u><\/p>\n<ul>\n<li>Participaci\u00f3n e implicaci\u00f3n<\/li>\n<li>Orientaci\u00f3n hacia los recursos y las competencias<\/li>\n<li>Informaci\u00f3n y asesoramiento, cualificaci\u00f3n<\/li>\n<li>Asociaciones educativas y de formaci\u00f3n<\/li>\n<\/ul>\n<p><u>Apertura a la sociedad de la migraci\u00f3n y desarrollo orientado a la diversidad de las instituciones implicadas<\/u><\/p>\n<ul>\n<li>Apreciaci\u00f3n y reconocimiento de la diversidad, los recursos y las competencias<\/li>\n<li>Acci\u00f3n reflexiva sobre los prejuicios en la educaci\u00f3n y la formaci\u00f3n<\/li>\n<li>Trabajo educativo cr\u00edtico con la discriminaci\u00f3n<\/li>\n<li>Orientaci\u00f3n del espacio social<\/li>\n<li>Abrir la instituci\u00f3n interna y externamente<\/li>\n<\/ul>\n<p><em>Los puntos correspondientes a cada uno de los actores se explican con m\u00e1s detalle en los materiales de trabajo<\/em><em> y se formulan objetivos e indicadores. Los programas se desarrollan con vistas a la<\/em><em> Las normas de calidad se eval\u00faan anualmente.<\/em><\/p>\n<em>Las normas de calidad pueden descargarse aqu\u00ed: <a href=\"https:\/\/www.griffbereit-rucksack.de\/wp-content\/uploads\/2024\/08\/Qualitaetsstandards_griffbereitMINI_Griffbereit_und_Rucksack_KiTa.pdf\">Normas_de_calidad_griffbereitMINI_Griffbereit_y_mochila_guarder\u00eda_de_d\u00eda<\/a><br \/>\n<\/em>","protected":false},"excerpt":{"rendered":"<div class=\"entry-summary\">\n<div class=\"entry-summary\">\nNormas de calidad griffbereitMINI, Griffbereit y Rucksack KiTa Formaci\u00f3n ling\u00fc\u00edstica continua Multiling\u00fcismo (promoci\u00f3n de todas las lenguas de la familia, incluido el alem\u00e1n) Competencia y...\n<\/div>\n<div class=\"link-more\"><a href=\"https:\/\/www.griffbereit-rucksack.de\/es\/qualitaetsstandards\/\" class=\"more-link\">Seguir leyendo<span class=\"screen-reader-text\"> &ldquo;Qualit\u00e4tsstandards&rdquo;<\/span>...<\/a><\/div>\n<\/div>\n<div class=\"link-more\"><a href=\"https:\/\/www.griffbereit-rucksack.de\/es\/qualitaetsstandards\/\" class=\"more-link\">Seguir leyendo<span class=\"screen-reader-text\"> &ldquo;Qualit\u00e4tsstandards&rdquo;<\/span>...<\/a><\/div>","protected":false},"author":272,"featured_media":0,"parent":0,"menu_order":0,"comment_status":"closed","ping_status":"closed","template":"","meta":{"_acf_changed":false,"footnotes":""},"class_list":["post-14558","page","type-page","status-publish","hentry","entry"],"acf":[],"_links":{"self":[{"href":"https:\/\/www.griffbereit-rucksack.de\/es\/wp-json\/wp\/v2\/pages\/14558","targetHints":{"allow":["GET"]}}],"collection":[{"href":"https:\/\/www.griffbereit-rucksack.de\/es\/wp-json\/wp\/v2\/pages"}],"about":[{"href":"https:\/\/www.griffbereit-rucksack.de\/es\/wp-json\/wp\/v2\/types\/page"}],"author":[{"embeddable":true,"href":"https:\/\/www.griffbereit-rucksack.de\/es\/wp-json\/wp\/v2\/users\/272"}],"replies":[{"embeddable":true,"href":"https:\/\/www.griffbereit-rucksack.de\/es\/wp-json\/wp\/v2\/comments?post=14558"}],"version-history":[{"count":0,"href":"https:\/\/www.griffbereit-rucksack.de\/es\/wp-json\/wp\/v2\/pages\/14558\/revisions"}],"wp:attachment":[{"href":"https:\/\/www.griffbereit-rucksack.de\/es\/wp-json\/wp\/v2\/media?parent=14558"}],"curies":[{"name":"wp","href":"https:\/\/api.w.org\/{rel}","templated":true}]}}