{"id":12019,"date":"2023-05-03T12:03:07","date_gmt":"2023-05-03T10:03:07","guid":{"rendered":"https:\/\/www.griffbereit-rucksack.de\/?page_id=12019"},"modified":"2023-05-03T13:26:54","modified_gmt":"2023-05-03T11:26:54","slug":"umsetzung-griffbereitmini","status":"publish","type":"page","link":"https:\/\/www.griffbereit-rucksack.de\/es\/griffbereitmini\/umsetzung-griffbereitmini\/","title":{"rendered":"Realizaci\u00f3n griffbereitMINI"},"content":{"rendered":"<h2>\n\t\tRealizaci\u00f3n griffbereitMINI\n\t<\/h2>\n\t<p>La realizaci\u00f3n de g<em>listo para reefMINI<\/em> Tras la fase piloto en Dortmund y los distritos de Coesfeld y Wesel en Renania del Norte-Westfalia, el proyecto ha sido gestionado y apoyado por el Ministerio de Infancia, Juventud, Familia, Igualdad, Refugiados e Integraci\u00f3n (MKJFGFI) y la Fundaci\u00f3n Centro de Estudios Turcos e Integraci\u00f3n (ZfTI) desde 2022.<\/p>\n<p>Desde 2023, el <em>ZfTI<\/em> tambi\u00e9n el traslado a nivel nacional, que cuenta con el apoyo de la Auridis Stiftung gGmbH.<\/p>\n<strong>Condiciones generales<br \/>\n<\/strong>Una opci\u00f3n de liquidaci\u00f3n adecuada para<em> griffbereitMINI<\/em> son los centros familiares u otras instituciones educativas que constituyen un punto de contacto para *padres\/familias con antecedentes familiares internacionales, por ejemplo, proveedores de cursos de integraci\u00f3n alem\u00e1n\/padres, ofertas puente. Adem\u00e1s, el programa tambi\u00e9n es posible en lugares a los que acuden las familias en la edad de los hijos, como centros de asesoramiento sobre el embarazo, consultas de matronas, consultas de pediatras y en alojamientos para familias con experiencia de refugiados.\n<p>Si a\u00fan no existe una oficina de coordinaci\u00f3n estatal separada en la oficina de coordinaci\u00f3n federal estatal o local, los patrocinadores interesados (patrocinadores del programa) concluyen un acuerdo de usuario. A continuaci\u00f3n, reciben el <em>griffbereitMINI<\/em>-paquete de material gratuito en formato PDF o Excel.<\/p>\n\t\t\t<a href=\"https:\/\/www.griffbereit-rucksack.de\/es\/griffbereitmini-material\/\" target=\"_self\" role=\"button\" rel=\"noopener\">\n\t\t\t\t\t\t\tVisi\u00f3n general del material griffbereitMINI\n\t\t\t<\/a>\n\t<p>En virtud del acuerdo, todos los proveedores del programa se comprometen a cumplir las normas de calidad del programa y a garantizarlas a todos los niveles. El proveedor local del programa financia la ejecuci\u00f3n del programa, as\u00ed como la formaci\u00f3n, los honorarios y la orientaci\u00f3n de los animadores de los grupos.<\/p>\n<p>El equipo federal de transferencia con sede en la ZfTI coordina y\/o apoya el programa en todo el pa\u00eds, tambi\u00e9n en cooperaci\u00f3n con otras oficinas y agencias, y ofrece actos informativos y cursos de formaci\u00f3n. El equipo federal de transferencia tambi\u00e9n se encarga de proporcionar apoyo t\u00e9cnico continuo. El objetivo es establecer centros de coordinaci\u00f3n estatales en cada estado federal en el que se utilice el programa para garantizar un apoyo espec\u00edfico al trabajo sobre el terreno.<\/p>\n\t\t\t<a href=\"https:\/\/www.griffbereit-rucksack.de\/es\/organisatorisches-griffbereitmini\/\" target=\"_self\" role=\"button\" rel=\"noopener\">\n\t\t\t\t\t\t\tVisi\u00f3n general de la organizaci\u00f3n\n\t\t\t<\/a>","protected":false},"excerpt":{"rendered":"<div class=\"entry-summary\">\n<div class=\"entry-summary\">\nTras la fase piloto en Dortmund y los distritos de Coesfeld y Wesel en Renania del Norte-Westfalia, la puesta en marcha del griffbereitMINI ha sido gestionada y apoyada por el Ministerio de Infancia, Juventud, Familia, Igualdad, Refugiados e Integraci\u00f3n (MKJFGFI) y la Fundaci\u00f3n Centro de Estudios e Integraci\u00f3n Turcos (ZfTI) desde 2022.\n<\/div>\n<div class=\"link-more\"><a href=\"https:\/\/www.griffbereit-rucksack.de\/es\/griffbereitmini\/umsetzung-griffbereitmini\/\" class=\"more-link\">Seguir leyendo<span class=\"screen-reader-text\"> &ldquo;Umsetzung griffbereitMINI&rdquo;<\/span>...<\/a><\/div>\n<\/div>\n<div class=\"link-more\"><a href=\"https:\/\/www.griffbereit-rucksack.de\/es\/griffbereitmini\/umsetzung-griffbereitmini\/\" class=\"more-link\">Seguir leyendo<span class=\"screen-reader-text\"> &ldquo;Umsetzung griffbereitMINI&rdquo;<\/span>...<\/a><\/div>","protected":false},"author":1,"featured_media":0,"parent":12016,"menu_order":0,"comment_status":"closed","ping_status":"closed","template":"","meta":{"_acf_changed":false,"footnotes":""},"class_list":["post-12019","page","type-page","status-publish","hentry","entry"],"acf":[],"_links":{"self":[{"href":"https:\/\/www.griffbereit-rucksack.de\/es\/wp-json\/wp\/v2\/pages\/12019","targetHints":{"allow":["GET"]}}],"collection":[{"href":"https:\/\/www.griffbereit-rucksack.de\/es\/wp-json\/wp\/v2\/pages"}],"about":[{"href":"https:\/\/www.griffbereit-rucksack.de\/es\/wp-json\/wp\/v2\/types\/page"}],"author":[{"embeddable":true,"href":"https:\/\/www.griffbereit-rucksack.de\/es\/wp-json\/wp\/v2\/users\/1"}],"replies":[{"embeddable":true,"href":"https:\/\/www.griffbereit-rucksack.de\/es\/wp-json\/wp\/v2\/comments?post=12019"}],"version-history":[{"count":0,"href":"https:\/\/www.griffbereit-rucksack.de\/es\/wp-json\/wp\/v2\/pages\/12019\/revisions"}],"up":[{"embeddable":true,"href":"https:\/\/www.griffbereit-rucksack.de\/es\/wp-json\/wp\/v2\/pages\/12016"}],"wp:attachment":[{"href":"https:\/\/www.griffbereit-rucksack.de\/es\/wp-json\/wp\/v2\/media?parent=12019"}],"curies":[{"name":"wp","href":"https:\/\/api.w.org\/{rel}","templated":true}]}}