{"id":12017,"date":"2023-05-03T12:03:20","date_gmt":"2023-05-03T10:03:20","guid":{"rendered":"https:\/\/www.griffbereit-rucksack.de\/?page_id=12017"},"modified":"2023-05-03T12:18:12","modified_gmt":"2023-05-03T10:18:12","slug":"bildungsansaetze-griffbereitmini","status":"publish","type":"page","link":"https:\/\/www.griffbereit-rucksack.de\/es\/griffbereitmini\/bildungsansaetze-griffbereitmini\/","title":{"rendered":"Enfoques educativos griffbereitMINI"},"content":{"rendered":"<h2>\"La educaci\u00f3n es el mayor regalo que podemos hacer a nuestros hijos\". (Cat Stevens)<\/h2>\r\n<p>Objetivo de g<em>listo para reefMINI <\/em>es crear las bases de un multiling\u00fcismo s\u00f3lido a trav\u00e9s de una educaci\u00f3n ling\u00fc\u00edstica y familiar temprana. Se trata de un objetivo que la Uni\u00f3n Europea persigue desde 2002:<\/p>\r\n<p>Seg\u00fan el Consejo Europeo, deben fomentarse al menos dos lenguas adicionales desde la primera infancia. A largo plazo, el objetivo es fomentar el multiling\u00fcismo individual hasta que todos los ciudadanos tengan conocimientos pr\u00e1cticos de al menos dos lenguas adem\u00e1s de su lengua familiar<a href=\"#_ftn1\" name=\"_ftnref1\">[1]<\/a>. Una inversi\u00f3n que merece la pena, porque:<\/p>\r\n<p><strong>\"Cada nueva lengua es como una ventana abierta que nos proporciona una nueva visi\u00f3n del mundo y ampl\u00eda nuestra perspectiva de la vida\".<\/strong> <em>(Frank Harris)<\/em><\/p>\r\n<p><a href=\"#_ftnref1\" name=\"_ftn1\">[1]<\/a> Consejo Europeo de Barcelona, 15 y 16 de marzo de 2002, Conclusiones de la Presidencia, Parte I, 43.1.<\/p>\r\n<p>Todas las lenguas que traen consigo las familias representan un enorme potencial social que debe promoverse a toda costa. La promoci\u00f3n de la lengua alemana tambi\u00e9n desempe\u00f1a un papel decisivo: el alem\u00e1n es la lengua de la sociedad y de las instituciones educativas y, por tanto, el requisito previo para la integraci\u00f3n y el \u00e9xito social.<\/p>\r\n<p><strong><em>griffbereitMINI<\/em> \u00a1entrar\u00e1 en vigor antes del Griffbereit!<\/strong><br \/>El programa se desarrolla en guarder\u00edas, centros familiares, etc., pero tambi\u00e9n en lugares que tambi\u00e9n son importantes para las familias cuando sus hijos son mayores, como centros de asesoramiento sobre el embarazo y consultas de matronas. De este modo, se introduce a las familias en el sistema educativo a una edad muy temprana y los ni\u00f1os experimentan la variedad, la comunidad y la diversidad como enriquecimiento desde el principio. La asociaci\u00f3n educativa establecida aqu\u00ed con los *padres\/*familias apoya la apertura orientada a la diversidad de los centros educativos: Piedras angulares pioneras contra los prejuicios y la marginaci\u00f3n.","protected":false},"excerpt":{"rendered":"<div class=\"entry-summary\">\n<div class=\"entry-summary\">\nEl objetivo de griffbereitMINI es crear las bases de un multiling\u00fcismo s\u00f3lido a trav\u00e9s de la educaci\u00f3n ling\u00fc\u00edstica y familiar temprana.\n<\/div>\n<div class=\"link-more\"><a href=\"https:\/\/www.griffbereit-rucksack.de\/es\/griffbereitmini\/bildungsansaetze-griffbereitmini\/\" class=\"more-link\">Seguir leyendo<span class=\"screen-reader-text\"> \"Enfoques educativos griffbereitMINI\"<\/span>...<\/a><\/div>\n<\/div>\n<div class=\"link-more\"><a href=\"https:\/\/www.griffbereit-rucksack.de\/es\/griffbereitmini\/bildungsansaetze-griffbereitmini\/\" class=\"more-link\">Seguir leyendo<span class=\"screen-reader-text\"> \"Enfoques educativos griffbereitMINI\"<\/span>...<\/a><\/div>","protected":false},"author":1,"featured_media":0,"parent":12016,"menu_order":0,"comment_status":"closed","ping_status":"closed","template":"","meta":{"_acf_changed":false,"footnotes":""},"class_list":["post-12017","page","type-page","status-publish","hentry","entry"],"acf":[],"_links":{"self":[{"href":"https:\/\/www.griffbereit-rucksack.de\/es\/wp-json\/wp\/v2\/pages\/12017","targetHints":{"allow":["GET"]}}],"collection":[{"href":"https:\/\/www.griffbereit-rucksack.de\/es\/wp-json\/wp\/v2\/pages"}],"about":[{"href":"https:\/\/www.griffbereit-rucksack.de\/es\/wp-json\/wp\/v2\/types\/page"}],"author":[{"embeddable":true,"href":"https:\/\/www.griffbereit-rucksack.de\/es\/wp-json\/wp\/v2\/users\/1"}],"replies":[{"embeddable":true,"href":"https:\/\/www.griffbereit-rucksack.de\/es\/wp-json\/wp\/v2\/comments?post=12017"}],"version-history":[{"count":0,"href":"https:\/\/www.griffbereit-rucksack.de\/es\/wp-json\/wp\/v2\/pages\/12017\/revisions"}],"up":[{"embeddable":true,"href":"https:\/\/www.griffbereit-rucksack.de\/es\/wp-json\/wp\/v2\/pages\/12016"}],"wp:attachment":[{"href":"https:\/\/www.griffbereit-rucksack.de\/es\/wp-json\/wp\/v2\/media?parent=12017"}],"curies":[{"name":"wp","href":"https:\/\/api.w.org\/{rel}","templated":true}]}}