{"id":12016,"date":"2023-05-03T12:00:59","date_gmt":"2023-05-03T10:00:59","guid":{"rendered":"https:\/\/www.griffbereit-rucksack.de\/?page_id=12016"},"modified":"2024-01-25T19:43:46","modified_gmt":"2024-01-25T18:43:46","slug":"griffbereitmini","status":"publish","type":"page","link":"https:\/\/www.griffbereit-rucksack.de\/es\/griffbereitmini\/","title":{"rendered":"griffbereitMINI"},"content":{"rendered":"<h2><strong>Bienvenido a <em>griffbereitMINI<\/em><\/strong><\/h2>\n<p><strong>Educaci\u00f3n ling\u00fc\u00edstica integrada en la vida cotidiana desde el principio<\/strong><\/p>\n\t<em><strong>griffbereitMINI<\/strong><\/em> es un programa de educaci\u00f3n ling\u00fc\u00edstica para familias con ni\u00f1os en su primer a\u00f1o de vida. Se acompa\u00f1a una transici\u00f3n a un grupo Griffbereit.<br \/>\nLa experiencia del personal de las oficinas familiares de Dortmund en las visitas de bienvenida con motivo del nacimiento demostr\u00f3 que el tiempo transcurrido entre las visitas y las ofertas para las *familias, como Griffbereit, era demasiado largo, lo que significaba que las ofertas no siempre eran aceptadas como se deseaba. Como resultado, se perdi\u00f3 un valioso tiempo de desarrollo para apoyar a los ni\u00f1os y a sus *familias.<br \/>\nLa idea de desarrollar un programa para padres con hijos en su primer a\u00f1o de vida surgi\u00f3 para poder ofrecer de inmediato a las familias un programa de educaci\u00f3n ling\u00fc\u00edstica integrado y cotidiano. A la hora de dise\u00f1ar el programa, tambi\u00e9n fue de gran relevancia el hecho de que no existiera en Alemania ning\u00fan otro programa para ni\u00f1os peque\u00f1os de esta edad que se centrara en la educaci\u00f3n ling\u00fc\u00edstica en el contexto de la valoraci\u00f3n del multiling\u00fcismo.\n\t\t\t<a href=\"https:\/\/www.griffbereit-rucksack.de\/es\/angebot-griffbereitmini\/\" target=\"_self\" role=\"button\" rel=\"noopener\">\n\t\t\t\t\t\t\tOFERTA\n\t\t\t<\/a>\n\t\t\t<a href=\"https:\/\/www.griffbereit-rucksack.de\/es\/ablauf-griffbereitmini\/\" target=\"_self\" role=\"button\" rel=\"noopener\">\n\t\t\t\t\t\t\tPROCESO\n\t\t\t<\/a>\n\t\t\t<a href=\"https:\/\/www.griffbereit-rucksack.de\/es\/zielgruppen-griffbereitmini\/\" target=\"_self\" role=\"button\" rel=\"noopener\">\n\t\t\t\t\t\t\tGRUPOS DESTINATARIOS\n\t\t\t<\/a>\n\t<iframe title=\"GriffbereitMINI Pel\u00edcula de imagen\" width=\"1160\" height=\"653\" src=\"https:\/\/www.youtube.com\/embed\/qIj17JW7U6k?feature=oembed\" frameborder=\"0\" allow=\"accelerometer; autoplay; clipboard-write; encrypted-media; gyroscope; picture-in-picture; web-share\" allowfullscreen><\/iframe>\n\t<p>El programa se ofrece en guarder\u00edas, centros familiares, centros de educaci\u00f3n familiar y otros lugares como centros de asesoramiento sobre el embarazo o consultas de matronas. De este modo, las *familias tienen la oportunidad de conocer el entorno de vida y aprendizaje de sus hijos en una fase temprana y de contribuir activamente a configurarlo.<\/p>\n<p><strong><em>griffbereitMINI<\/em><\/strong><strong> tambi\u00e9n puede servir como oferta de entrada a las guarder\u00edas.<\/strong><\/p>","protected":false},"excerpt":{"rendered":"<div class=\"entry-summary\">\n<div class=\"entry-summary\">\nWillkommen bei griffbereitMINI Alltagsintegrierte Sprachbildung von Anfang an griffbereitMINI ist ein Sprachbildungsprogramm f\u00fcr Familien mit Kindern im ersten&hellip;\n<\/div>\n<div class=\"link-more\"><a href=\"https:\/\/www.griffbereit-rucksack.de\/es\/griffbereitmini\/\" class=\"more-link\">Seguir leyendo<span class=\"screen-reader-text\"> &ldquo;griffbereitMINI&rdquo;<\/span>...<\/a><\/div>\n<\/div>\n<div class=\"link-more\"><a href=\"https:\/\/www.griffbereit-rucksack.de\/es\/griffbereitmini\/\" class=\"more-link\">Seguir leyendo<span class=\"screen-reader-text\"> &ldquo;griffbereitMINI&rdquo;<\/span>...<\/a><\/div>","protected":false},"author":1,"featured_media":0,"parent":0,"menu_order":0,"comment_status":"closed","ping_status":"closed","template":"templates\/subpages.php","meta":{"_acf_changed":false,"footnotes":""},"class_list":["post-12016","page","type-page","status-publish","hentry","entry"],"acf":[],"_links":{"self":[{"href":"https:\/\/www.griffbereit-rucksack.de\/es\/wp-json\/wp\/v2\/pages\/12016","targetHints":{"allow":["GET"]}}],"collection":[{"href":"https:\/\/www.griffbereit-rucksack.de\/es\/wp-json\/wp\/v2\/pages"}],"about":[{"href":"https:\/\/www.griffbereit-rucksack.de\/es\/wp-json\/wp\/v2\/types\/page"}],"author":[{"embeddable":true,"href":"https:\/\/www.griffbereit-rucksack.de\/es\/wp-json\/wp\/v2\/users\/1"}],"replies":[{"embeddable":true,"href":"https:\/\/www.griffbereit-rucksack.de\/es\/wp-json\/wp\/v2\/comments?post=12016"}],"version-history":[{"count":0,"href":"https:\/\/www.griffbereit-rucksack.de\/es\/wp-json\/wp\/v2\/pages\/12016\/revisions"}],"wp:attachment":[{"href":"https:\/\/www.griffbereit-rucksack.de\/es\/wp-json\/wp\/v2\/media?parent=12016"}],"curies":[{"name":"wp","href":"https:\/\/api.w.org\/{rel}","templated":true}]}}