{"id":5161,"date":"2021-11-05T16:43:57","date_gmt":"2021-11-05T15:43:57","guid":{"rendered":"https:\/\/www.griffbereit-rucksack.de\/?page_id=5161"},"modified":"2021-11-05T16:47:45","modified_gmt":"2021-11-05T15:47:45","slug":"empowerment-2","status":"publish","type":"page","link":"https:\/\/www.griffbereit-rucksack.de\/ar\/empowerment-2\/","title":{"rendered":"\u0627\u0644\u062a\u0645\u0643\u064a\u0646"},"content":{"rendered":"<p>\u064a\u0645\u0643\u0646 \u0641\u0647\u0645 \u0645\u0635\u0637\u0644\u062d \u0627\u0644\u062a\u0645\u0643\u064a\u0646 \u0639\u0644\u0649 \u0623\u0646\u0647 \u062a\u0639\u0632\u064a\u0632 \u062e\u064a\u0627\u0631\u0627\u062a \u0627\u0644\u0641\u0631\u062f \u0644\u0644\u0639\u0645\u0644 \u0645\u0646 \u062e\u0644\u0627\u0644 \u0623\u0634\u0643\u0627\u0644 \u0627\u0644\u062a\u0636\u0627\u0645\u0646 \u0644\u0644\u0627\u0639\u062a\u0631\u0627\u0641. \u0639\u0644\u0649 \u0627\u0644\u0646\u0642\u064a\u0636 \u0645\u0646 \u0645\u0641\u0627\u0647\u064a\u0645 \u0645\u062b\u0644 \u0627\u0644\u0645\u0633\u0627\u0639\u062f\u0629 \u0641\u064a \u0627\u0644\u0645\u0633\u0627\u0639\u062f\u0629 \u0627\u0644\u0630\u0627\u062a\u064a\u0629 \u060c \u0641\u0625\u0646 \u0627\u0644\u062a\u0645\u0643\u064a\u0646 \u064a\u0639\u0646\u064a \u0627\u0643\u062a\u0633\u0627\u0628\u064b\u0627 \u0645\u0633\u062a\u0642\u0644\u064b\u0627 \u0644\u0644\u0642\u062f\u0631\u0629 \u0639\u0644\u0649 \u0627\u0644\u062a\u0635\u0631\u0641 (\u0627\u0644\u0642\u0648\u0629) \u0648\u0628\u0627\u0644\u062a\u0627\u0644\u064a \u064a\u0628\u062a\u0639\u062f \u0639\u0646 \u0627\u0644\u062a\u063a\u0627\u064a\u0631 \u0648\u062a\u0648\u062c\u0647 \u0627\u0644\u0639\u062c\u0632.<\/p>\n<p>Die Programme Griffbereit und Rucksack KiTa erkennen die Akteur*innen &#8211; also die Kinder und Familien, Elternbegleiter*innen und p\u00e4dagogischen Fachkr\u00e4fte &#8211; mit ihrer jeweiligen Expertise an. Im Rahmen der Programme begegnen sich also Expert*innen f\u00fcr Erziehung, Aufwachsen und Entwicklung, institutionelle Bildung, f\u00fcr Familienkultur und Familiensprache(n) auf einer Grundlage flacher Hierarchien.[1]\n[1] In flachen Hierarchien werden alle Beteiligten in Kommunikation und Entscheidungsprozesse eingebunden &#8211; so lebt diese Organisationsform von der Mitgestaltung aller Beteiligten.<\/p>\n\t<p>\u0628\u0647\u0630\u0627 \u0627\u0644\u0645\u0639\u0646\u0649 \u060c \u064a\u0645\u0643\u0646 \u0641\u0647\u0645 \u0627\u0644\u062a\u0645\u0643\u064a\u0646 \u0639\u0644\u0649 \u0623\u0646\u0647 \u062a\u0634\u062c\u064a\u0639 \u0639\u0644\u0649 \u0623\u0646 \u064a\u0643\u0648\u0646 \u0645\u0631\u0626\u064a\u064b\u0627 \u0648\u0645\u0633\u0645\u0648\u0639\u064b\u0627 \u0648\u062d\u0627\u0636\u0631\u064b\u0627 \u060c \u0648\u0639\u0644\u0649 \u0633\u0628\u064a\u0644 \u0627\u0644\u0645\u062b\u0627\u0644 \u060c \u0644\u0644\u0645\u0633\u0627\u0647\u0645\u0629 \u0628\u0646\u0634\u0627\u0637 \u0641\u064a \u062a\u0646\u0641\u064a\u0630 \u0627\u0644\u0628\u0631\u0646\u0627\u0645\u062c. \u062a\u0648\u0641\u0631 \u0628\u0631\u0627\u0645\u062c Griffbereit \u0648 Rucksack KiTa \u0645\u0633\u062a\u0648\u0649 \u0639\u0627\u0644\u064d \u0645\u0646 \u0625\u0645\u0643\u0627\u0646\u0627\u062a \u0627\u0644\u062a\u0639\u0631\u064a\u0641 \u060c \u0641\u0636\u0644\u0627\u064b \u0639\u0646 \u0641\u0631\u0635 \u0627\u0644\u062a\u0628\u0627\u062f\u0644 \u0648\u0627\u0644\u062a\u0648\u0627\u0635\u0644 \u060c \u062e\u0627\u0635\u0629\u064b \u0644\u0631\u0641\u0627\u0642 \u0627\u0644\u0648\u0627\u0644\u062f\u064a\u0646 \u0648\u0623\u0648\u0644\u064a\u0627\u0621 \u0627\u0644\u0623\u0645\u0648\u0631. \u064a\u0645\u0643\u0646 \u0623\u0646 \u062a\u0643\u0648\u0646 \u062a\u0623\u062b\u064a\u0631\u0627\u062a \u0627\u0644\u062a\u0645\u0643\u064a\u0646 \u0627\u0644\u0625\u0636\u0627\u0641\u064a\u0629 \u0632\u064a\u0627\u062f\u0629 \u0641\u064a \u0627\u0644\u0648\u0639\u064a \u0628\u0627\u0644\u0642\u0636\u0627\u064a\u0627 \u0627\u0644\u062a\u0639\u0644\u064a\u0645\u064a\u0629 \u060c \u0623\u0648 \u062a\u0639\u0632\u064a\u0632 \u062f\u0648\u0631 \u0627\u0644\u0641\u0631\u062f \u0643\u0622\u0628\u0627\u0621 \u0648\u0643\u0623\u0641\u0631\u0627\u062f \u060c \u0623\u0648 \u062a\u062c\u0631\u0628\u0629 \u062a\u0648\u0633\u064a\u0639 \u0648\u0646\u0642\u0644 \u0627\u0644\u0645\u0639\u0631\u0641\u0629 \u0627\u0644\u062e\u0627\u0635\u0629 \u0628\u0627\u0644\u0641\u0631\u062f.<\/p>\n<p>Griffbereit \u0648 Rucksack KiTa \u064a\u0639\u0632\u0632\u0627\u0646 \u0623\u064a\u0636\u064b\u0627 \u0645\u0641\u0647\u0648\u0645 \u0645\u062a\u0639\u062f\u062f \u0627\u0644\u0644\u063a\u0627\u062a \u0644\u0644\u0645\u0624\u0633\u0633\u0627\u062a \u0627\u0644\u062a\u0639\u0644\u064a\u0645\u064a\u0629. \u0647\u0630\u0627 \u064a\u0632\u064a\u062f \u0645\u0646 \u062a\u0645\u062b\u064a\u0644 \u0627\u0644\u062a\u0639\u062f\u062f\u064a\u0629 \u0627\u0644\u0644\u063a\u0648\u064a\u0629 \u0641\u064a \u062d\u064a\u0627\u0629 \u0627\u0644\u0646\u0627\u0633 \u0627\u0644\u064a\u0648\u0645\u064a\u0629 \u0648\u064a\u0646\u0642\u0644 \u0627\u0644\u062a\u0642\u062f\u064a\u0631.<\/p>\n<p>\u0644\u0645\u0632\u064a\u062f \u0645\u0646 \u0627\u0644\u0645\u0646\u0627\u0642\u0634\u0629 \u0627\u0644\u062a\u0641\u0635\u064a\u0644\u064a\u0629 \u0644\u0645\u0635\u0637\u0644\u062d \u0627\u0644\u062a\u0645\u0643\u064a\u0646 \u0648\u0627\u0644\u0645\u0632\u064a\u062f \u0645\u0646 \u0646\u0635\u0627\u0626\u062d \u0627\u0644\u0642\u0631\u0627\u0621\u0629 \u060c \u0627\u0646\u062a\u0642\u0644 \u0647\u0646\u0627 <a href=\"https:\/\/www.griffbereit-rucksack.de\/ar\/empowerment\/\">\u0645\u0646 \u0647\u0646\u0627<\/a>!<\/p>","protected":false},"excerpt":{"rendered":"<div class=\"entry-summary\">\n<div class=\"entry-summary\">\nUnter dem Begriff Empowerment kann das Best\u00e4rken der eigenen Handlungsm\u00f6glichkeiten durch solidarische Formen der Anerkennung verstanden werden. Im&hellip;\n<\/div>\n<div class=\"link-more\"><a href=\"https:\/\/www.griffbereit-rucksack.de\/ar\/empowerment-2\/\" class=\"more-link\">\u0645\u0648\u0627\u0635\u0644\u0629 \u0627\u0644\u0642\u0631\u0627\u0621\u0629<span class=\"screen-reader-text\"> &ldquo;Empowerment&rdquo;<\/span>&hellip;<\/a><\/div>\n<\/div>\n<div class=\"link-more\"><a href=\"https:\/\/www.griffbereit-rucksack.de\/ar\/empowerment-2\/\" class=\"more-link\">\u0645\u0648\u0627\u0635\u0644\u0629 \u0627\u0644\u0642\u0631\u0627\u0621\u0629<span class=\"screen-reader-text\"> &ldquo;Empowerment&rdquo;<\/span>&hellip;<\/a><\/div>","protected":false},"author":273,"featured_media":0,"parent":0,"menu_order":0,"comment_status":"closed","ping_status":"closed","template":"","meta":{"_acf_changed":false,"footnotes":""},"class_list":["post-5161","page","type-page","status-publish","hentry","entry"],"acf":[],"_links":{"self":[{"href":"https:\/\/www.griffbereit-rucksack.de\/ar\/wp-json\/wp\/v2\/pages\/5161","targetHints":{"allow":["GET"]}}],"collection":[{"href":"https:\/\/www.griffbereit-rucksack.de\/ar\/wp-json\/wp\/v2\/pages"}],"about":[{"href":"https:\/\/www.griffbereit-rucksack.de\/ar\/wp-json\/wp\/v2\/types\/page"}],"author":[{"embeddable":true,"href":"https:\/\/www.griffbereit-rucksack.de\/ar\/wp-json\/wp\/v2\/users\/273"}],"replies":[{"embeddable":true,"href":"https:\/\/www.griffbereit-rucksack.de\/ar\/wp-json\/wp\/v2\/comments?post=5161"}],"version-history":[{"count":0,"href":"https:\/\/www.griffbereit-rucksack.de\/ar\/wp-json\/wp\/v2\/pages\/5161\/revisions"}],"wp:attachment":[{"href":"https:\/\/www.griffbereit-rucksack.de\/ar\/wp-json\/wp\/v2\/media?parent=5161"}],"curies":[{"name":"wp","href":"https:\/\/api.w.org\/{rel}","templated":true}]}}