{"id":2776,"date":"2020-08-17T17:01:46","date_gmt":"2020-08-17T15:01:46","guid":{"rendered":"https:\/\/www.griffbereit-rucksack.de\/?page_id=2776"},"modified":"2025-11-19T11:16:23","modified_gmt":"2025-11-19T10:16:23","slug":"rucksack-kita-material","status":"publish","type":"page","link":"https:\/\/www.griffbereit-rucksack.de\/ar\/rucksack-kita-material\/","title":{"rendered":"\u0645\u0627\u062f\u0629 Rucksack KiTa"},"content":{"rendered":"<h2>\n\t\t\t\u0644\u0645\u062d\u0629 \u0633\u0631\u064a\u0639\u0629 \u0639\u0646 \u0627\u0644\u0645\u0648\u0627\u062f\t<\/h2>\n\t\t\t\t\t<a href=\"#\"  id=\"fl-accordion--label-0\" tabindex=\"0\" aria-controls=\"fl-accordion--panel-0\">\u0627\u0644\u0645\u0648\u0627\u062f \u0648\u0627\u0644\u0645\u0644\u0627\u062d\u0638\u0627\u062a \u0627\u0644\u0639\u0627\u0645\u0629<\/a>\n\t\t\t\t\t\t\t\t\t\t\t<a href=\"#\" id=\"fl-accordion--icon-0\"  tabindex=\"0\"><i title=\"\u0642\u0645 \u0628\u062a\u0648\u0633\u064a\u0639\">\u0642\u0645 \u0628\u062a\u0648\u0633\u064a\u0639<\/i><\/a>\n\t\t\t\t\t<ul>\n<li><a href=\"http:\/\/www.griffbereit-rucksack.de\/ar\/weiterfuehrende-programminformationen\/\">\u0646\u0635\u0627\u0626\u062d \u0644\u0644\u0642\u0631\u0627\u0621\u0629 \u0644\u0644\u0639\u0627\u0626\u0644\u0627\u062a<\/a><\/li>\n<\/ul>\n\t\t\t\t\t<a href=\"#\"  id=\"fl-accordion--label-1\" tabindex=\"0\" aria-controls=\"fl-accordion--panel-1\">\u0627\u0644\u0628\u064a\u0626\u0629 \u0648\u0627\u0644\u062a\u0646\u0645\u064a\u0629 \u0627\u0644\u0645\u0633\u062a\u062f\u0627\u0645\u0629 I: \u0627\u0644\u0646\u0641\u0627\u064a\u0627\u062a \u0648\u0627\u0644\u062a\u0639\u0628\u0626\u0629 \u0648\u0627\u0644\u062a\u063a\u0644\u064a\u0641<\/a>\n\t\t\t\t\t\t\t\t\t\t\t<a href=\"#\" id=\"fl-accordion--icon-1\"  tabindex=\"0\"><i title=\"\u0642\u0645 \u0628\u062a\u0648\u0633\u064a\u0639\">\u0642\u0645 \u0628\u062a\u0648\u0633\u064a\u0639<\/i><\/a>\n\t\t\t\t\t<ul>\n<li><a href=\"https:\/\/www.griffbereit-rucksack.de\/ar\/weiterfuehrende-programminformationen\/\">\u0645\u0632\u064a\u062f \u0645\u0646 \u0627\u0644\u0642\u0631\u0627\u0621\u0629<\/a><\/li>\n<\/ul>\n\t\t\t\t\t<a href=\"#\"  id=\"fl-accordion--label-2\" tabindex=\"0\" aria-controls=\"fl-accordion--panel-2\">\u0627\u0644\u0628\u064a\u0626\u0629 \u0648\u0627\u0644\u062a\u0646\u0645\u064a\u0629 \u0627\u0644\u0645\u0633\u062a\u062f\u0627\u0645\u0629 II: \u0627\u0644\u062a\u0633\u0648\u0642 \u0648\u0627\u0644\u0627\u0633\u062a\u0647\u0644\u0627\u0643<\/a>\n\t\t\t\t\t\t\t\t\t\t\t<a href=\"#\" id=\"fl-accordion--icon-2\"  tabindex=\"0\"><i title=\"\u0642\u0645 \u0628\u062a\u0648\u0633\u064a\u0639\">\u0642\u0645 \u0628\u062a\u0648\u0633\u064a\u0639<\/i><\/a>\n\t\t\t\t\t<a href=\"#\"  id=\"fl-accordion--label-3\" tabindex=\"0\" aria-controls=\"fl-accordion--panel-3\">\u0627\u0644\u0645\u062c\u0645\u0648\u0639\u0629<\/a>\n\t\t\t\t\t\t\t\t\t\t\t<a href=\"#\" id=\"fl-accordion--icon-3\"  tabindex=\"0\"><i title=\"\u0642\u0645 \u0628\u062a\u0648\u0633\u064a\u0639\">\u0642\u0645 \u0628\u062a\u0648\u0633\u064a\u0639<\/i><\/a>\n\t\t\t\t\t<a href=\"#\"  id=\"fl-accordion--label-4\" tabindex=\"0\" aria-controls=\"fl-accordion--panel-4\">\u062d\u0642\u0648\u0642 \u0627\u0644\u0623\u0637\u0641\u0627\u0644 \u0648\u0645\u0634\u0627\u0631\u0643\u062a\u0647\u0645<\/a>\n\t\t\t\t\t\t\t\t\t\t\t<a href=\"#\" id=\"fl-accordion--icon-4\"  tabindex=\"0\"><i title=\"\u0642\u0645 \u0628\u062a\u0648\u0633\u064a\u0639\">\u0642\u0645 \u0628\u062a\u0648\u0633\u064a\u0639<\/i><\/a>\n\t\t\t\t\t<p>\u064a\u0645\u0643\u0646 \u062a\u0646\u0632\u064a\u0644 \u0628\u0637\u0627\u0642\u0627\u062a \u062d\u0642\u0648\u0642 \u0627\u0644\u0637\u0641\u0644 \u0645\u0646 \u0647\u0646\u0627 \u0628\u0627\u0644\u0644\u063a\u0627\u062a \u0627\u0644\u0645\u0648\u0633\u0639\u0629 \u0627\u0644\u062a\u0627\u0644\u064a\u0629:<\/p>\n<ol>\n<li><a href=\"https:\/\/www.griffbereit-rucksack.de\/wp-content\/uploads\/2025\/03\/Albanisch_Kinderrechte_Karten.pdf\" target=\"_blank\" rel=\"noopener\">\u0627\u0644\u0623\u0644\u0628\u0627\u0646\u064a\u0629<\/a><\/li>\n<li><a href=\"https:\/\/www.griffbereit-rucksack.de\/wp-content\/uploads\/2025\/03\/Bulgarisch_Kinderrechte_Karten.pdf\" target=\"_blank\" rel=\"noopener\">\u0627\u0644\u0628\u0644\u063a\u0627\u0631\u064a\u0629<\/a><\/li>\n<li><a href=\"https:\/\/www.griffbereit-rucksack.de\/wp-content\/uploads\/2025\/03\/Englisch_Kinderrechte_Karten.pdf\" target=\"_blank\" rel=\"noopener\">\u0627\u0644\u0644\u063a\u0629 \u0627\u0644\u0625\u0646\u062c\u0644\u064a\u0632\u064a\u0629<\/a><\/li>\n<li><a href=\"https:\/\/www.griffbereit-rucksack.de\/wp-content\/uploads\/2025\/03\/Fasi_Kinderrechte_Karten.pdf\" target=\"_blank\" rel=\"noopener\">\u0641\u0627\u0633\u064a<\/a><\/li>\n<li><a href=\"https:\/\/www.griffbereit-rucksack.de\/wp-content\/uploads\/2025\/03\/Franzoesisch_Kinderrechte_Karten.pdf\" target=\"_blank\" rel=\"noopener\">\u0627\u0644\u0641\u0631\u0646\u0633\u064a\u0629<\/a><\/li>\n<li><a href=\"https:\/\/www.griffbereit-rucksack.de\/wp-content\/uploads\/2025\/03\/Grichisch_Kinderrechte_Karten.pdf\" target=\"_blank\" rel=\"noopener\">\u0627\u0644\u064a\u0648\u0646\u0627\u0646\u064a\u0629<\/a><\/li>\n<li><a href=\"https:\/\/www.griffbereit-rucksack.de\/wp-content\/uploads\/2025\/03\/Kroatisch_Kinderrechte_Karten.pdf\" target=\"_blank\" rel=\"noopener\">\u0627\u0644\u0643\u0631\u0648\u0627\u062a\u064a\u0629<\/a><\/li>\n<li><a href=\"https:\/\/www.griffbereit-rucksack.de\/wp-content\/uploads\/2025\/03\/Serbisch_Kinderrechte_Karten.pdf\" target=\"_blank\" rel=\"noopener\">\u0627\u0644\u0635\u0631\u0628\u064a\u0629<\/a><\/li>\n<li><a href=\"https:\/\/www.griffbereit-rucksack.de\/wp-content\/uploads\/2025\/03\/Ukrainisch_Kinderrechte_Karten.pdf\" target=\"_blank\" rel=\"noopener\">\u0623\u0648\u0643\u0631\u0627\u0646\u064a<\/a><\/li>\n<\/ol>\n<p>\u062a\u0643\u0648\u0646 \u0627\u0644\u0644\u063a\u0627\u062a \u0627\u0644\u0645\u062f\u0631\u062c\u0629 \u0647\u0646\u0627 \u062f\u0627\u0626\u0645\u0627\u064b \u0641\u064a \u0627\u0644\u0645\u0648\u0636\u0639 6 \u062f\u0627\u062e\u0644 \u0627\u0644\u0645\u0644\u0641.<\/p>\n\t\t\t\t\t<a href=\"#\"  id=\"fl-accordion--label-5\" tabindex=\"0\" aria-controls=\"fl-accordion--panel-5\">\u0627\u0644\u062c\u0633\u0645 \u0648\u0627\u0644\u062d\u0648\u0627\u0633<\/a>\n\t\t\t\t\t\t\t\t\t\t\t<a href=\"#\" id=\"fl-accordion--icon-5\"  tabindex=\"0\"><i title=\"\u0642\u0645 \u0628\u062a\u0648\u0633\u064a\u0639\">\u0642\u0645 \u0628\u062a\u0648\u0633\u064a\u0639<\/i><\/a>\n\t\t\t\t\t<a href=\"#\"  id=\"fl-accordion--label-6\" tabindex=\"0\" aria-controls=\"fl-accordion--panel-6\">\u0645\u062d\u0648 \u0627\u0644\u0623\u0645\u064a\u0629<\/a>\n\t\t\t\t\t\t\t\t\t\t\t<a href=\"#\" id=\"fl-accordion--icon-6\"  tabindex=\"0\"><i title=\"\u0642\u0645 \u0628\u062a\u0648\u0633\u064a\u0639\">\u0642\u0645 \u0628\u062a\u0648\u0633\u064a\u0639<\/i><\/a>\n\t\t\t\t\t<a href=\"#\"  id=\"fl-accordion--label-7\" tabindex=\"0\" aria-controls=\"fl-accordion--panel-7\">\u0627\u0644\u0637\u0639\u0627\u0645 \u0648\u0627\u0644\u0634\u0631\u0627\u0628<\/a>\n\t\t\t\t\t\t\t\t\t\t\t<a href=\"#\" id=\"fl-accordion--icon-7\"  tabindex=\"0\"><i title=\"\u0642\u0645 \u0628\u062a\u0648\u0633\u064a\u0639\">\u0642\u0645 \u0628\u062a\u0648\u0633\u064a\u0639<\/i><\/a>\n\t\t\t\t\t<a href=\"#\"  id=\"fl-accordion--label-8\" tabindex=\"0\" aria-controls=\"fl-accordion--panel-8\">\u0627\u0644\u0641\u0635\u0648\u0644<\/a>\n\t\t\t\t\t\t\t\t\t\t\t<a href=\"#\" id=\"fl-accordion--icon-8\"  tabindex=\"0\"><i title=\"\u0642\u0645 \u0628\u062a\u0648\u0633\u064a\u0639\">\u0642\u0645 \u0628\u062a\u0648\u0633\u064a\u0639<\/i><\/a>\n\t\t\t\t\t<p>\u0645\u0627 \u0647\u0648 \u0627\u0644\u0641\u0637\u0631 \u0627\u0644\u0622\u0645\u0646 \u0644\u0644\u0623\u0643\u0644 \u0648\u0623\u064a\u0647\u0627 \u063a\u064a\u0631 \u0622\u0645\u0646\u061f \u064a\u062a\u0645 \u0633\u0631\u062f \u0627\u0644\u0623\u0646\u0648\u0627\u0639 \u0627\u0644\u0645\u062e\u062a\u0644\u0641\u0629 \u0645\u0646 \u0627\u0644\u0641\u0637\u0631 \u0641\u064a \u0647\u0630\u0627 <a href=\"https:\/\/www.pilzfinder.de\/gift.html\">\u0627\u0644\u0635\u0641\u062d\u0629<\/a> \u0644\u0644\u0639\u062b\u0648\u0631 \u0639\u0644\u064a\u0647\u0627.<\/p>\n<p><a href=\"https:\/\/www.duda.news\/wissen\/zugvoegel-machen-sich-auf-in-den-sueden\/\">\u0645\u0639\u0644\u0648\u0645\u0627\u062a \u0639\u0646 \u0627\u0644\u0637\u064a\u0648\u0631 \u0627\u0644\u0645\u0647\u0627\u062c\u0631\u0629<\/a>: Stolzenbach, Kathy (2018): Zugv\u00f6gel machen sich auf in den S\u00fcden. URL: <a href=\"https:\/\/www.duda.news\/wissen\/zugvoegel-machen-sich-auf-in-den-sueden\/\">https:\/\/www.duda.news\/wissen\/zugvoegel-machen-sich-auf-in-den-sueden\/<\/a> (\u062a\u0627\u0631\u064a\u062e \u0622\u062e\u0631 \u0632\u064a\u0627\u0631\u0629 \u0641\u064a 18\/03\/2024)<\/p>\n<hr \/>\n<p><strong>\u062a\u0639\u0644\u064a\u0645\u0627\u062a \u0644\u0639\u0628\u0629 \u0627\u0644\u0630\u0627\u0643\u0631\u0629<\/strong><\/p>\n<ul>\n<li>\u064a\u062a\u0645 \u062e\u0644\u0637 \u0623\u0648\u0631\u0627\u0642 \u0627\u0644\u0644\u0639\u0628 \u0648\u0648\u0636\u0639\u0647\u0627 \u0645\u0642\u0644\u0648\u0628\u0629 \u0639\u0644\u0649 \u0627\u0644\u0637\u0627\u0648\u0644\u0629.<\/li>\n<li>\u064a\u0628\u062f\u0623 \u0627\u0644\u0644\u0627\u0639\u0628 \u0627\u0644\u0623\u0635\u063a\u0631 \u0633\u0646\u0627\u064b.<\/li>\n<li>\u064a\u062a\u0645 \u0627\u0644\u0643\u0634\u0641 \u0639\u0646 \u0623\u064a \u0628\u0637\u0627\u0642\u062a\u064a\u0646 \u0648\u0645\u0642\u0627\u0631\u0646\u062a\u0647\u0645\u0627.<\/li>\n<li>\u0625\u0630\u0627 \u0643\u0627\u0646\u062a \u0627\u0644\u0635\u0648\u0631 \u0645\u062a\u0634\u0627\u0628\u0647\u0629\u060c \u064a\u0645\u0643\u0646\u0643 \u0627\u0644\u0627\u062d\u062a\u0641\u0627\u0638 \u0628\u0627\u0644\u0628\u0637\u0627\u0642\u0627\u062a \u0648\u0627\u0644\u062d\u0635\u0648\u0644 \u0639\u0644\u0649 \u062f\u0648\u0631 \u0622\u062e\u0631.<\/li>\n<li>\u0625\u0630\u0627 \u0643\u0627\u0646\u062a \u0627\u0644\u0635\u0648\u0631 \u0645\u062e\u062a\u0644\u0641\u0629\u060c \u064a\u062a\u0645 \u0625\u0639\u0627\u062f\u0629 \u0627\u0644\u0635\u0648\u0631 \u0625\u0644\u0649 \u0627\u0644\u0648\u0631\u0627\u0621 \u0648\u0648\u062c\u0647\u0647\u0627 \u0644\u0644\u0623\u0633\u0641\u0644 \u0648\u064a\u0643\u0648\u0646 \u062f\u0648\u0631 \u0627\u0644\u0634\u062e\u0635 \u0627\u0644\u062a\u0627\u0644\u064a \u0641\u064a \u0627\u062a\u062c\u0627\u0647 \u0639\u0642\u0627\u0631\u0628 \u0627\u0644\u0633\u0627\u0639\u0629.<\/li>\n<li>\u0627\u0644\u0641\u0627\u0626\u0632 \u0647\u0648 \u0627\u0644\u0634\u062e\u0635 \u0627\u0644\u0630\u064a \u0648\u062c\u062f \u0623\u0643\u0628\u0631 \u0639\u062f\u062f \u0645\u0646 \u0627\u0644\u0623\u0632\u0648\u0627\u062c.<\/li>\n<\/ul>\n<hr \/>\n<p>&nbsp;<\/p>\n\t\t\t\t\t<a href=\"#\"  id=\"fl-accordion--label-9\" tabindex=\"0\" aria-controls=\"fl-accordion--panel-9\">\u0627\u0644\u062d\u0631\u0643\u0629<\/a>\n\t\t\t\t\t\t\t\t\t\t\t<a href=\"#\" id=\"fl-accordion--icon-9\"  tabindex=\"0\"><i title=\"\u0642\u0645 \u0628\u062a\u0648\u0633\u064a\u0639\">\u0642\u0645 \u0628\u062a\u0648\u0633\u064a\u0639<\/i><\/a>\n\t\t\t\t\t<p><strong>\u0627\u0644\u0645\u0648\u0627\u062f \u0627\u0644\u0644\u0627\u0632\u0645\u0629 \u0644\u0644\u0623\u0646\u0634\u0637\u0629<\/strong><\/p>\n<ul>\n<li><a href=\"https:\/\/www.kinderturnstiftung-nds.de\/neue-online-version-der-wohnzimmer-safari\">Anweisungen der \u201eWohnzimmer-Safari&#8220; der Nieders\u00e4chsischen Kinderturnstiftung<\/a><\/li>\n<li>\u0631\u0642\u0635\u0629 \u0627\u0644\u062c\u0644\u064a\u062f (\u0631\u0642\u0635\u0629 \u0627\u0644\u062a\u0648\u0642\u0641): \u0627\u0642\u062a\u0631\u0627\u062d \u0623\u063a\u0646\u064a\u0629 \u0639\u0644\u0649 \u0633\u0628\u064a\u0644 \u0627\u0644\u0645\u062b\u0627\u0644 <a href=\"https:\/\/www.youtube.com\/watch?v=SWwXHRdDGi4\">\u201eLichterkinder Stopptanzlied&#8220;<\/a><\/li>\n<\/ul>\n<p>&nbsp;<\/p>\n<p><strong>\u0645\u0632\u064a\u062f \u0645\u0646 \u0627\u0644\u0645\u0639\u0644\u0648\u0645\u0627\u062a<\/strong><\/p>\n<p>\u0643\u062c\u0632\u0621 \u0645\u0646 \u0645\u0634\u0631\u0648\u0639 Rucksack KiTa \u0641\u064a \u0645\u0648\u0642\u0639 \u0647\u0627\u0646\u0648\u0641\u0631\u060c \u0623\u063a\u0646\u064a\u0629 \"Bewegung! Bewegung!\". \u064a\u0645\u0643\u0646\u0643 \u0627\u0644\u0627\u0633\u062a\u0645\u0627\u0639 \u0625\u0644\u0649 \u0627\u0644\u0623\u063a\u0646\u064a\u0629 <a href=\"https:\/\/www.youtube.com\/watch?v=JBY9BcECyDQ\">\u0647\u0646\u0627<\/a>\u00a0\u0627\u062a\u0635\u0644 \u0628\u0646\u0627.<\/p>\n<p>\u0647\u0644 \u062a\u0628\u062d\u062b \u0639\u0646 \u0623\u0641\u0643\u0627\u0631 \u0644\u0623\u0644\u0639\u0627\u0628 \u0627\u0644\u062d\u0631\u0643\u0629 \u0645\u0639 \u0637\u0641\u0644\u0643\u061f \u0641\u064a <a href=\"https:\/\/nextcloud.awo-hannover.de\/index.php\/s\/wTnnigXSa2g3TSJ\">\u0647\u0630\u0627 \u0627\u0644\u0641\u064a\u0644\u0645<\/a> zum Lied \u201eBewegung! Bewegung!&#8220; finden Sie viele Bewegungsanregungen.<\/p>\n<p>\u064a\u0645\u0643\u0646\u0643 \u0627\u0644\u0639\u062b\u0648\u0631 \u0639\u0644\u0649 \u0627\u0644\u0645\u0632\u064a\u062f \u0645\u0646 \u0627\u0644\u0623\u0641\u0643\u0627\u0631 \u0644\u0645\u0645\u0627\u0631\u0633\u0629 \u0627\u0644\u062a\u0645\u0627\u0631\u064a\u0646 \u0627\u0644\u0631\u064a\u0627\u0636\u064a\u0629 \u0648\u0627\u0644\u0623\u0644\u0639\u0627\u0628 \u0627\u0644\u0631\u064a\u0627\u0636\u064a\u0629 \u0644\u0644\u0639\u0627\u0626\u0644\u0629 \u0639\u0644\u0649 <a href=\"https:\/\/www.3f-fitforfamily.de\/wissen#BewegungsideenFamilien\">\u0645\u0624\u0633\u0633\u0629 \u0633\u0627\u0643\u0633\u0648\u0646\u064a\u0627 \u0627\u0644\u0633\u0641\u0644\u0649 \u0644\u0644\u062c\u0645\u0628\u0627\u0632 \u0644\u0644\u0623\u0637\u0641\u0627\u0644.<\/a><\/p>\n<p><a href=\"https:\/\/www.kindergesundheit-info.de\/themen\/entwicklung\/entwicklungsschritte\/motorische-entwicklung\/infografik-bewegungsmotorik\/\">\u0647\u0646\u0627<\/a> \u0633\u062a\u062c\u062f \u0645\u0639\u0644\u0648\u0645\u0627\u062a \u0639\u0646 \u062a\u0637\u0648\u0631 \u0627\u0644\u062d\u0631\u0643\u0629 \u0644\u062f\u0649 \u0627\u0644\u0623\u0637\u0641\u0627\u0644 \u062d\u062a\u0649 \u0633\u0646 6 \u0633\u0646\u0648\u0627\u062a.<\/p>\n<p>\u064a\u0645\u0643\u0646 \u0627\u0644\u0627\u0637\u0644\u0627\u0639 \u0639\u0644\u0649 \u0645\u0639\u0644\u0648\u0645\u0627\u062a \u0639\u0646 \u062a\u0637\u0648\u0631 \u0645\u0647\u0627\u0631\u0627\u062a \u0627\u0644\u064a\u062f \u0648\u0627\u0644\u0623\u0635\u0627\u0628\u0639 \u0644\u062f\u0649 \u0627\u0644\u0623\u0637\u0641\u0627\u0644 \u062d\u062a\u0649 \u0633\u0646 6 \u0633\u0646\u0648\u0627\u062a \u0639\u0644\u0649 \u0627\u0644\u0631\u0627\u0628\u0637 \u0627\u0644\u062a\u0627\u0644\u064a <a href=\"https:\/\/www.kindergesundheit-info.de\/fileadmin\/user_upload\/kindergesundheit-info.de\/Infografiken\/Infografiken_als_PDF\/Motorische-Entwicklung_Hand-Fingerfertigkeit_BZgA_kindergesundheit-info.pdf\">\u0647\u0646\u0627<\/a>.<\/p>\n\t\t\t\t\t<a href=\"#\"  id=\"fl-accordion--label-10\" tabindex=\"0\" aria-controls=\"fl-accordion--panel-10\">\u0627\u0644\u0645\u0634\u0627\u0639\u0631<\/a>\n\t\t\t\t\t\t\t\t\t\t\t<a href=\"#\" id=\"fl-accordion--icon-10\"  tabindex=\"0\"><i title=\"\u0642\u0645 \u0628\u062a\u0648\u0633\u064a\u0639\">\u0642\u0645 \u0628\u062a\u0648\u0633\u064a\u0639<\/i><\/a>\n\t\t\t\t\t<a href=\"#\"  id=\"fl-accordion--label-11\" tabindex=\"0\" aria-controls=\"fl-accordion--panel-11\">\u0627\u0644\u062d\u064a\u0648\u0627\u0646\u0627\u062a<\/a>\n\t\t\t\t\t\t\t\t\t\t\t<a href=\"#\" id=\"fl-accordion--icon-11\"  tabindex=\"0\"><i title=\"\u0642\u0645 \u0628\u062a\u0648\u0633\u064a\u0639\">\u0642\u0645 \u0628\u062a\u0648\u0633\u064a\u0639<\/i><\/a>\n\t\t\t\t\t<a href=\"#\"  id=\"fl-accordion--label-12\" tabindex=\"0\" aria-controls=\"fl-accordion--panel-12\">\u0639\u0644\u0649 \u0627\u0644\u0637\u0631\u064a\u0642<\/a>\n\t\t\t\t\t\t\t\t\t\t\t<a href=\"#\" id=\"fl-accordion--icon-12\"  tabindex=\"0\"><i title=\"\u0642\u0645 \u0628\u062a\u0648\u0633\u064a\u0639\">\u0642\u0645 \u0628\u062a\u0648\u0633\u064a\u0639<\/i><\/a>\n\t\t\t\t\t<p><a href=\"https:\/\/www.kinderweltreise.de\/lexikon\/k\/kontinente-einfach-erklaert\/\">https:\/\/www.kinderweltreise.de\/lexikon\/k\/kontinente-einfach-erklaert\/<\/a><\/p>\n<p>&nbsp;<\/p>\n<hr class=\"wm-divider type-dashed\/dotted\/double-line\/line\/whitespace\" style=\"margin-bottom:0px;margin-top:0px;\" \/>\n<p>&nbsp;<\/p>\n<p><strong>\u062a\u0639\u0644\u064a\u0645\u0627\u062a \u0644\u0639\u0628\u0629 \u0627\u0644\u0630\u0627\u0643\u0631\u0629<\/strong><\/p>\n<ul>\n<li>\u064a\u062a\u0645 \u062e\u0644\u0637 \u0623\u0648\u0631\u0627\u0642 \u0627\u0644\u0644\u0639\u0628 \u0648\u0648\u0636\u0639\u0647\u0627 \u0645\u0642\u0644\u0648\u0628\u0629 \u0639\u0644\u0649 \u0627\u0644\u0637\u0627\u0648\u0644\u0629.<\/li>\n<li>\u064a\u0628\u062f\u0623 \u0627\u0644\u0644\u0627\u0639\u0628 \u0627\u0644\u0623\u0635\u063a\u0631 \u0633\u0646\u0627\u064b.<\/li>\n<li>\u064a\u062a\u0645 \u0627\u0644\u0643\u0634\u0641 \u0639\u0646 \u0623\u064a \u0628\u0637\u0627\u0642\u062a\u064a\u0646 \u0648\u0645\u0642\u0627\u0631\u0646\u062a\u0647\u0645\u0627.<\/li>\n<li>\u0625\u0630\u0627 \u0643\u0627\u0646\u062a \u0627\u0644\u0635\u0648\u0631 \u0645\u062a\u0634\u0627\u0628\u0647\u0629\u060c \u064a\u0645\u0643\u0646\u0643 \u0627\u0644\u0627\u062d\u062a\u0641\u0627\u0638 \u0628\u0627\u0644\u0628\u0637\u0627\u0642\u0627\u062a \u0648\u0627\u0644\u062d\u0635\u0648\u0644 \u0639\u0644\u0649 \u062f\u0648\u0631 \u0622\u062e\u0631.<\/li>\n<li>\u0625\u0630\u0627 \u0643\u0627\u0646\u062a \u0627\u0644\u0635\u0648\u0631 \u0645\u062e\u062a\u0644\u0641\u0629\u060c \u064a\u062a\u0645 \u0625\u0639\u0627\u062f\u0629 \u0627\u0644\u0635\u0648\u0631 \u0625\u0644\u0649 \u0627\u0644\u0648\u0631\u0627\u0621 \u0648\u0648\u062c\u0647\u0647\u0627 \u0644\u0644\u0623\u0633\u0641\u0644 \u0648\u064a\u0643\u0648\u0646 \u062f\u0648\u0631 \u0627\u0644\u0634\u062e\u0635 \u0627\u0644\u062a\u0627\u0644\u064a \u0641\u064a \u0627\u062a\u062c\u0627\u0647 \u0639\u0642\u0627\u0631\u0628 \u0627\u0644\u0633\u0627\u0639\u0629.<\/li>\n<li>\u0627\u0644\u0641\u0627\u0626\u0632 \u0647\u0648 \u0627\u0644\u0634\u062e\u0635 \u0627\u0644\u0630\u064a \u0648\u062c\u062f \u0623\u0643\u0628\u0631 \u0639\u062f\u062f \u0645\u0646 \u0627\u0644\u0623\u0632\u0648\u0627\u062c.<\/li>\n<\/ul>\n<hr \/>\n<strong data-start=\"105\" data-end=\"177\">Ich packe meinen Koffer\/Rucksack &#8211; Spielanleitung<\/strong>\n<strong data-start=\"179\" data-end=\"203\">1. Das brauchen Sie:<\/strong>\n<ul data-start=\"206\" data-end=\"287\">\n<li data-start=\"206\" data-end=\"253\">\nMindestens <strong data-start=\"219\" data-end=\"250\">2 Spieler*innen<\/strong>.\n<\/li>\n<li data-start=\"254\" data-end=\"287\">\nSie brauchen <strong data-start=\"269\" data-end=\"286\">keine weiteren Materialien<\/strong>.\n<\/li>\n<\/ul>\n<strong data-start=\"289\" data-end=\"311\">2. So spielen Sie:<\/strong>\n<ul data-start=\"313\" data-end=\"942\">\n<li data-start=\"313\" data-end=\"488\">\nEine Person beginnt und sagt:<br data-start=\"345\" data-end=\"348\" \/><strong data-start=\"351\" data-end=\"399\">\u201eIch packe meinen Rucksack und nehme mit: &#8230;&#8220;<\/strong><br data-start=\"399\" data-end=\"402\" \/>Dann nennt die Person <strong data-start=\"427\" data-end=\"447\">einen Gegenstand<\/strong>.<br data-start=\"448\" data-end=\"451\" \/>Beispiel: <strong data-start=\"464\" data-end=\"488\">\u201e&#8230; eine Zahnb\u00fcrste.&#8220;<\/strong>\n<\/li>\n<li data-start=\"490\" data-end=\"736\">\nDie n\u00e4chste Person wiederholt den Satz <strong data-start=\"532\" data-end=\"541\">genau<\/strong> und sagt den <strong data-start=\"555\" data-end=\"578\">gleichen Gegenstand<\/strong>.<br data-start=\"579\" data-end=\"582\" \/>Danach nennt diese Person <strong data-start=\"611\" data-end=\"637\">einen neuen Gegenstand<\/strong>.<br data-start=\"638\" data-end=\"641\" \/>Beispiel:<br data-start=\"653\" data-end=\"656\" \/><strong data-start=\"659\" data-end=\"736\">\u201eIch packe meinen Rucksack und nehme mit: eine Zahnb\u00fcrste und eine Hose.&#8220;<\/strong>\n<\/li>\n<li data-start=\"738\" data-end=\"875\">\nDie dritte Person wiederholt <strong data-start=\"770\" data-end=\"819\">alle Gegenst\u00e4nde in der richtigen Reihenfolge<\/strong>.<br data-start=\"820\" data-end=\"823\" \/>Dann sagt sie <strong data-start=\"840\" data-end=\"869\">einen weiteren Gegenstand<\/strong> dazu.\n<\/li>\n<li data-start=\"877\" data-end=\"942\">\nSo geht es immer weiter.<br data-start=\"904\" data-end=\"907\" \/>Die Liste wird <strong data-start=\"925\" data-end=\"941\">immer l\u00e4nger<\/strong>.\n<\/li>\n<\/ul>\n\t\t\t\t\t<a href=\"#\"  id=\"fl-accordion--label-13\" tabindex=\"0\" aria-controls=\"fl-accordion--panel-13\">\u0627\u0644\u0639\u0627\u0626\u0644\u0629<\/a>\n\t\t\t\t\t\t\t\t\t\t\t<a href=\"#\" id=\"fl-accordion--icon-13\"  tabindex=\"0\"><i title=\"\u0642\u0645 \u0628\u062a\u0648\u0633\u064a\u0639\">\u0642\u0645 \u0628\u062a\u0648\u0633\u064a\u0639<\/i><\/a>\n\t\t\t\t\t<p>\u0644\u0639\u0628\u0629 \u0627\u0644\u0630\u0627\u0643\u0631\u0629 \"\u0643\u064a\u0645\u064a\u0645\u0648\" \u0645\u0646 \u0627\u0644\u0648\u0643\u0627\u0644\u0629 \u0627\u0644\u0627\u062a\u062d\u0627\u062f\u064a\u0629 \u0644\u0644\u062a\u0631\u0628\u064a\u0629 \u0627\u0644\u0645\u062f\u0646\u064a\u0629: <a href=\"http:\/\/www.bpb.de\/shop\/lernen\/spiele\/201965\/kimemo\">http:\/\/www.bpb.de\/shop\/lernen\/spiele\/201965\/kimemo<\/a>.<\/p>","protected":false},"excerpt":{"rendered":"<div class=\"entry-summary\">\n<div class=\"entry-summary\">\nMaterialien im \u00dcberblick Allgemeine Materialien und Hinweise Expand Lesehinweise f\u00fcr Familien BNE I: M\u00fcll und Verpackung Expand Weiterf\u00fchrende&hellip;\n<\/div>\n<div class=\"link-more\"><a href=\"https:\/\/www.griffbereit-rucksack.de\/ar\/rucksack-kita-material\/\" class=\"more-link\">\u0645\u0648\u0627\u0635\u0644\u0629 \u0627\u0644\u0642\u0631\u0627\u0621\u0629<span class=\"screen-reader-text\"> &ldquo;Rucksack KiTa-Material&rdquo;<\/span>&hellip;<\/a><\/div>\n<\/div>\n<div class=\"link-more\"><a href=\"https:\/\/www.griffbereit-rucksack.de\/ar\/rucksack-kita-material\/\" class=\"more-link\">\u0645\u0648\u0627\u0635\u0644\u0629 \u0627\u0644\u0642\u0631\u0627\u0621\u0629<span class=\"screen-reader-text\"> &ldquo;Rucksack KiTa-Material&rdquo;<\/span>&hellip;<\/a><\/div>","protected":false},"author":1,"featured_media":0,"parent":0,"menu_order":0,"comment_status":"closed","ping_status":"closed","template":"","meta":{"_acf_changed":false,"footnotes":""},"class_list":["post-2776","page","type-page","status-publish","hentry","entry"],"acf":[],"_links":{"self":[{"href":"https:\/\/www.griffbereit-rucksack.de\/ar\/wp-json\/wp\/v2\/pages\/2776","targetHints":{"allow":["GET"]}}],"collection":[{"href":"https:\/\/www.griffbereit-rucksack.de\/ar\/wp-json\/wp\/v2\/pages"}],"about":[{"href":"https:\/\/www.griffbereit-rucksack.de\/ar\/wp-json\/wp\/v2\/types\/page"}],"author":[{"embeddable":true,"href":"https:\/\/www.griffbereit-rucksack.de\/ar\/wp-json\/wp\/v2\/users\/1"}],"replies":[{"embeddable":true,"href":"https:\/\/www.griffbereit-rucksack.de\/ar\/wp-json\/wp\/v2\/comments?post=2776"}],"version-history":[{"count":0,"href":"https:\/\/www.griffbereit-rucksack.de\/ar\/wp-json\/wp\/v2\/pages\/2776\/revisions"}],"wp:attachment":[{"href":"https:\/\/www.griffbereit-rucksack.de\/ar\/wp-json\/wp\/v2\/media?parent=2776"}],"curies":[{"name":"wp","href":"https:\/\/api.w.org\/{rel}","templated":true}]}}