{"id":2251,"date":"2020-01-13T11:31:06","date_gmt":"2020-01-13T10:31:06","guid":{"rendered":"https:\/\/www.griffbereit-rucksack.de\/?page_id=2251"},"modified":"2021-04-27T12:36:37","modified_gmt":"2021-04-27T10:36:37","slug":"vision-mission","status":"publish","type":"page","link":"https:\/\/www.griffbereit-rucksack.de\/ar\/ueber-uns\/vision-mission\/","title":{"rendered":"\u0627\u0644\u0631\u0624\u064a\u0629 \u0648\u0627\u0644\u0631\u0633\u0627\u0644\u0629"},"content":{"rendered":"<p><em>Griffbereit<\/em> \u0648 <em>Rucksack KiTa<\/em>: \u0628\u0631\u0627\u0645\u062c \u0644\u0644\u062a\u0639\u0644\u064a\u0645 \u0627\u0644\u0645\u0628\u0643\u0631 \u0627\u0644\u0648\u0627\u0639\u064a \u0628\u0627\u0644\u062a\u0646\u0648\u0639 \u0648\u0645\u062a\u0639\u062f\u062f \u0627\u0644\u0644\u063a\u0627\u062a \u0648\u0627\u0644\u062a\u0639\u0627\u0648\u0646 \u0645\u0639 \u0627\u0644\u0639\u0627\u0626\u0644\u0627\u062a.<\/p>\n\n<p>\u0645\u0639 \u0627\u0644\u0628\u0631\u0627\u0645\u062c <em>Griffbereit<\/em> \u0648 <em>Rucksack KiTa<\/em> \u0646\u062d\u0646 \u0645\u0644\u062a\u0632\u0645\u0648\u0646 \u0628\u0645\u062c\u062a\u0645\u0639 \u064a\u0643\u0648\u0646 \u0641\u064a\u0647 \u0627\u0644\u062a\u0639\u0644\u064a\u0645 \u0641\u064a \u0645\u0631\u062d\u0644\u0629 \u0627\u0644\u0637\u0641\u0648\u0644\u0629 \u0627\u0644\u0645\u0628\u0643\u0631\u0629 \u0648\u0627\u0644\u0634\u0631\u0627\u0643\u0627\u062a \u0627\u0644\u062a\u0639\u0644\u064a\u0645\u064a\u0629 \u0628\u064a\u0646 \u0627\u0644\u0645\u0624\u0633\u0633\u0627\u062a (\u0627\u0644\u062a\u0639\u0644\u064a\u0645\u064a\u0629) \u0648\u0627\u0644\u0623\u0633\u0631 \u0628\u0627\u0644\u0637\u0628\u0639 \u0648\u0627\u0639\u064a\u0629 \u0628\u0627\u0644\u062a\u0646\u0648\u0639 \u0648\u0645\u062a\u0639\u062f\u062f\u0629 \u0627\u0644\u0644\u063a\u0627\u062a \u0648\u0645\u0646\u0641\u062a\u062d\u0629 \u0639\u0644\u0649 \u0645\u062c\u062a\u0645\u0639 \u0627\u0644\u0647\u062c\u0631\u0629.<\/p>\n\n<p>\u0646\u0631\u0628\u0637 \u0628\u0631\u0627\u0645\u062c\u0646\u0627 \u0628\u0627\u0644\u0631\u0624\u064a\u0629 \u0627\u0644\u0645\u0630\u0643\u0648\u0631\u0629 \u0623\u0639\u0644\u0627\u0647 \u0648\u0627\u0644\u0623\u0647\u062f\u0627\u0641 \u0627\u0644\u0645\u0631\u062a\u0628\u0637\u0629 \u0628\u0647\u0627 <em>Griffbereit<\/em> \u0648 <em>Rucksack KiTa<\/em> \u0646\u0647\u062c \u0627\u0644\u062a\u0639\u0644\u064a\u0645 \u0645\u062a\u0639\u062f\u062f \u0627\u0644\u0644\u063a\u0627\u062a \u0628\u0645\u0641\u0647\u0648\u0645 \u0627\u0644\u062a\u0631\u0628\u064a\u0629 \u0627\u0644\u0623\u0633\u0631\u064a\u0629 \u0627\u0644\u0648\u0627\u0639\u064a\u0629 \u0628\u0627\u0644\u062a\u0646\u0648\u0639 \u0648\u0628\u0627\u0644\u062a\u0627\u0644\u064a \u062a\u0639\u0632\u064a\u0632 \u0627\u0644\u0634\u0631\u0627\u0643\u0629 \u0627\u0644\u062a\u0639\u0644\u064a\u0645\u064a\u0629 \u0648\u0627\u0644\u062a\u0646\u0634\u0626\u0629 \u0628\u064a\u0646 \u0627\u0644\u0623\u0633\u0631 \u0648\u0627\u0644\u0645\u0624\u0633\u0633\u0627\u062a (\u0627\u0644\u062a\u0639\u0644\u064a\u0645\u064a\u0629) \u0628\u0645\u0639\u0646\u0649 \u0634\u0631\u0627\u0643\u0627\u062a \u0627\u0644\u0643\u0641\u0627\u0621\u0629 \u060c \u0648\u0627\u0644\u062a\u064a \u064a\u0633\u062a\u0641\u064a\u062f \u0645\u0646\u0647\u0627 \u0627\u0644\u062c\u0627\u0646\u0628\u0627\u0646 \u0639\u0644\u0649 \u0627\u0644\u0645\u062f\u0649 \u0627\u0644\u0637\u0648\u064a\u0644. \u0628\u0627\u0644\u0625\u0636\u0627\u0641\u0629 \u0625\u0644\u0649 \u0630\u0644\u0643 \u060c \u062a\u062f\u0639\u0645 \u0627\u0644\u0628\u0631\u0627\u0645\u062c \u0627\u0644\u0645\u0624\u0633\u0633\u0627\u062a (\u0627\u0644\u062a\u0639\u0644\u064a\u0645\u064a\u0629) \u0641\u064a \u0627\u0646\u0641\u062a\u0627\u062d\u0647\u0627 \u0627\u0644\u0627\u062c\u062a\u0645\u0627\u0639\u064a \u0627\u0644\u0645\u0648\u062c\u0647 \u0646\u062d\u0648 \u0627\u0644\u062a\u0646\u0648\u0639 \u0648\u0627\u0644\u0647\u062c\u0631\u0629.<\/p>","protected":false},"excerpt":{"rendered":"<div class=\"entry-summary\">\n<div class=\"entry-summary\">\nGriffbereit und Rucksack KiTa: Programme f\u00fcr eine diversit\u00e4tsbewusste und mehrsprachige Fr\u00fche Bildung und Zusammenarbeit mit Familien. Mit den&hellip;\n<\/div>\n<div class=\"link-more\"><a href=\"https:\/\/www.griffbereit-rucksack.de\/ar\/ueber-uns\/vision-mission\/\" class=\"more-link\">\u0645\u0648\u0627\u0635\u0644\u0629 \u0627\u0644\u0642\u0631\u0627\u0621\u0629<span class=\"screen-reader-text\"> &ldquo;Vision &#038; Mission&rdquo;<\/span>&hellip;<\/a><\/div>\n<\/div>\n<div class=\"link-more\"><a href=\"https:\/\/www.griffbereit-rucksack.de\/ar\/ueber-uns\/vision-mission\/\" class=\"more-link\">\u0645\u0648\u0627\u0635\u0644\u0629 \u0627\u0644\u0642\u0631\u0627\u0621\u0629<span class=\"screen-reader-text\"> &ldquo;Vision &#038; Mission&rdquo;<\/span>&hellip;<\/a><\/div>","protected":false},"author":1,"featured_media":0,"parent":2249,"menu_order":0,"comment_status":"closed","ping_status":"closed","template":"","meta":{"_acf_changed":false,"footnotes":""},"class_list":["post-2251","page","type-page","status-publish","hentry","entry"],"acf":[],"_links":{"self":[{"href":"https:\/\/www.griffbereit-rucksack.de\/ar\/wp-json\/wp\/v2\/pages\/2251","targetHints":{"allow":["GET"]}}],"collection":[{"href":"https:\/\/www.griffbereit-rucksack.de\/ar\/wp-json\/wp\/v2\/pages"}],"about":[{"href":"https:\/\/www.griffbereit-rucksack.de\/ar\/wp-json\/wp\/v2\/types\/page"}],"author":[{"embeddable":true,"href":"https:\/\/www.griffbereit-rucksack.de\/ar\/wp-json\/wp\/v2\/users\/1"}],"replies":[{"embeddable":true,"href":"https:\/\/www.griffbereit-rucksack.de\/ar\/wp-json\/wp\/v2\/comments?post=2251"}],"version-history":[{"count":0,"href":"https:\/\/www.griffbereit-rucksack.de\/ar\/wp-json\/wp\/v2\/pages\/2251\/revisions"}],"up":[{"embeddable":true,"href":"https:\/\/www.griffbereit-rucksack.de\/ar\/wp-json\/wp\/v2\/pages\/2249"}],"wp:attachment":[{"href":"https:\/\/www.griffbereit-rucksack.de\/ar\/wp-json\/wp\/v2\/media?parent=2251"}],"curies":[{"name":"wp","href":"https:\/\/api.w.org\/{rel}","templated":true}]}}