{"id":12366,"date":"2023-05-03T12:10:14","date_gmt":"2023-05-03T10:10:14","guid":{"rendered":"https:\/\/www.griffbereit-rucksack.de\/?page_id=12366"},"modified":"2023-05-10T20:25:40","modified_gmt":"2023-05-10T18:25:40","slug":"angebot-griffbereitmini","status":"publish","type":"page","link":"https:\/\/www.griffbereit-rucksack.de\/ar\/angebot-griffbereitmini\/","title":{"rendered":"\u0639\u0631\u0636 griffbereitMINI"},"content":{"rendered":"<h2>\n\t\t\u0645\u0627 \u0647\u064a \u0648\u0638\u064a\u0641\u0629 griffbereitMINI\u061f\n\t<\/h2>\n\t<p><em>griffbereitMINI<\/em> \u064a\u0639\u0632\u0632 \u062a\u0646\u0645\u064a\u0629 \u0627\u0644\u0637\u0641\u0648\u0644\u0629 \u0627\u0644\u0645\u0628\u0643\u0631\u0629\u060c \u0648\u0644\u0627 \u0633\u064a\u0645\u0627 \u062a\u0646\u0645\u064a\u0629 \u0627\u0644\u0644\u063a\u0629 \u0645\u0646 \u062e\u0644\u0627\u0644 \u0627\u0644\u0623\u0646\u0634\u0637\u0629 \u0627\u0644\u0645\u0648\u062c\u0647\u0629 \u0644\u0644\u0637\u0641\u0644 \u0627\u0644\u0635\u063a\u064a\u0631 \u0645\u0639 *\u0627\u0644\u0648\u0627\u0644\u062f\u064a\u0646\/* \u0627\u0644\u0623\u0633\u0631\u0629\u060c \u0645\u062b\u0644 \u0627\u0644\u0644\u0639\u0628 \u0648\u0627\u0644\u063a\u0646\u0627\u0621 \u0645\u0639\u064b\u0627 \u0628\u0644\u063a\u0627\u062a \u0627\u0644\u0623\u0633\u0631\u0629 \u0648\u0628\u0627\u0644\u0644\u063a\u0629 \u0627\u0644\u0623\u0644\u0645\u0627\u0646\u064a\u0629. \u0648\u0647\u0630\u0627 \u064a\u062e\u0644\u0642 \u0623\u0633\u0627\u0633\u064b\u0627 \u0645\u0647\u0645\u064b\u0627 \u0644\u0627\u0643\u062a\u0633\u0627\u0628 \u0627\u0644\u0645\u0647\u0627\u0631\u0627\u062a \u0627\u0644\u0644\u063a\u0648\u064a\u0629.<\/p>\n<p><strong>\u064a\u0645\u0643\u0651\u0646 \u0627\u0644\u0628\u0631\u0646\u0627\u0645\u062c \u0627\u0644\u0622\u0628\u0627\u0621 \/ \u0627\u0644\u0639\u0627\u0626\u0644\u0627\u062a \u0645\u0646 \u0623\u0646 \u064a\u0643\u0648\u0646\u0648\u0627 \u0627\u0644\u0645\u0645\u062b\u0644\u064a\u0646 \u0623\u0646\u0641\u0633\u0647\u0645 \u060c \u0644\u0623\u0646\u0647\u0645 \u064a\u0645\u062b\u0644\u0648\u0646 \u0642\u062f\u0648\u0629 \u0627\u0644\u0644\u063a\u0629 \u0627\u0644\u0623\u0648\u0644\u0649 \u0648\u0644\u062f\u064a\u0647\u0645 \u0623\u0642\u0631\u0628 \u0627\u062a\u0635\u0627\u0644 \u0645\u0639 \u0623\u0637\u0641\u0627\u0644\u0647\u0645 \u0641\u064a \u0627\u0644\u062d\u064a\u0627\u0629 \u0627\u0644\u064a\u0648\u0645\u064a\u0629.<\/strong><\/p>\n\t<p>\u0641\u064a \u0645\u0627 \u064a\u0633\u0645\u0649 \u0628 <em>griffbereitMINI<\/em>-\u0645\u062c\u0645\u0648\u0639\u0627\u062a\u060c \u064a\u062a\u0639\u0644\u0645\u0648\u0646 \u0643\u064a\u0641 \u064a\u0645\u0643\u0646\u0647\u0645 \u062a\u0639\u0632\u064a\u0632 \u0627\u0644\u0646\u0645\u0648 \u0627\u0644\u0639\u0627\u0645 \u0648\u0627\u0644\u0644\u063a\u0648\u064a \u0644\u0623\u0637\u0641\u0627\u0644\u0647\u0645. \u064a\u062a\u0645 \u062f\u0639\u0645\u0647\u0645 \u0645\u0646 \u0642\u0628\u0644 \u0645\u0633\u062a\u0634\u0627\u0631\u064a\u0646 \u0645\u062f\u0631\u0628\u064a\u0646\u060c \u0648\u0639\u0627\u062f\u0629\u064b \u0645\u0627 \u064a\u0643\u0648\u0646\u0648\u0646 \u0645\u062a\u0639\u062f\u062f\u064a \u0627\u0644\u0644\u063a\u0627\u062a \u0645\u0646 \u0627\u0644\u0622\u0628\u0627\u0621 \u0648\u0627\u0644\u0623\u0645\u0647\u0627\u062a \u0648\/\u0623\u0648 \u0627\u0644\u0623\u062e\u0635\u0627\u0626\u064a\u064a\u0646 \u0627\u0644\u062a\u0631\u0628\u0648\u064a\u064a\u0646.<\/p>\n<p>\u064a\u062a\u0648\u0627\u0635\u0644 \u0627\u0644\u0623\u0637\u0641\u0627\u0644 \u0627\u0644\u0635\u063a\u0627\u0631 \u0641\u064a \u0627\u0644\u0633\u0646\u0629 \u0627\u0644\u0623\u0648\u0644\u0649 \u0645\u0646 \u0639\u0645\u0631\u0647\u0645 \u0633\u0648\u0627\u0621 \u0643\u0627\u0646\u0648\u0627 \u0645\u0647\u0627\u062c\u0631\u064a\u0646 \u0623\u0648 \u063a\u064a\u0631 \u0645\u0647\u0627\u062c\u0631\u064a\u0646 \u0645\u0639 \u0627\u0644\u0644\u063a\u0629 \u0627\u0644\u0623\u0644\u0645\u0627\u0646\u064a\u0629 \u0648\u0627\u0644\u0644\u063a\u0627\u062a \u0627\u0644\u0623\u062e\u0631\u0649 \u0641\u064a \u0633\u0646 \u0645\u0628\u0643\u0631\u0629 \u062c\u062f\u064b\u0627. \u0648\u0647\u0630\u0627 \u064a\u0648\u0641\u0631 <em>griffbereitMINI<\/em> \u0627\u062d\u062a\u0645\u0627\u0644 \u0623\u0646 <a href=\"https:\/\/www.griffbereit-rucksack.de\/ar\/mehrsprachigkeit\/\"><strong>\u0627\u0644\u0645\u0632\u064a\u062f \u0645\u0646 \u0627\u0644\u0625\u0645\u0643\u0627\u0646\u0627\u062a \u0627\u0644\u0644\u063a\u0648\u064a\u0629 \u0644\u0644\u0623\u0637\u0641\u0627\u0644<\/strong><\/a> \u064a\u0644\u062a\u0642\u0637.<\/p>","protected":false},"excerpt":{"rendered":"<div class=\"entry-summary\">\n<div class=\"entry-summary\">\nWas leistet griffbereitMINI? griffbereitMINI f\u00f6rdert die fr\u00fchkindliche Entwicklung und im Besonderen die Sprachentwicklung durch kleinkindgerechte Aktivit\u00e4ten mit den&hellip;\n<\/div>\n<div class=\"link-more\"><a href=\"https:\/\/www.griffbereit-rucksack.de\/ar\/angebot-griffbereitmini\/\" class=\"more-link\">\u0645\u0648\u0627\u0635\u0644\u0629 \u0627\u0644\u0642\u0631\u0627\u0621\u0629<span class=\"screen-reader-text\"> &ldquo;Angebot griffbereitMINI&rdquo;<\/span>&hellip;<\/a><\/div>\n<\/div>\n<div class=\"link-more\"><a href=\"https:\/\/www.griffbereit-rucksack.de\/ar\/angebot-griffbereitmini\/\" class=\"more-link\">\u0645\u0648\u0627\u0635\u0644\u0629 \u0627\u0644\u0642\u0631\u0627\u0621\u0629<span class=\"screen-reader-text\"> &ldquo;Angebot griffbereitMINI&rdquo;<\/span>&hellip;<\/a><\/div>","protected":false},"author":1,"featured_media":0,"parent":0,"menu_order":0,"comment_status":"closed","ping_status":"closed","template":"","meta":{"_acf_changed":false,"footnotes":""},"class_list":["post-12366","page","type-page","status-publish","hentry","entry"],"acf":[],"_links":{"self":[{"href":"https:\/\/www.griffbereit-rucksack.de\/ar\/wp-json\/wp\/v2\/pages\/12366","targetHints":{"allow":["GET"]}}],"collection":[{"href":"https:\/\/www.griffbereit-rucksack.de\/ar\/wp-json\/wp\/v2\/pages"}],"about":[{"href":"https:\/\/www.griffbereit-rucksack.de\/ar\/wp-json\/wp\/v2\/types\/page"}],"author":[{"embeddable":true,"href":"https:\/\/www.griffbereit-rucksack.de\/ar\/wp-json\/wp\/v2\/users\/1"}],"replies":[{"embeddable":true,"href":"https:\/\/www.griffbereit-rucksack.de\/ar\/wp-json\/wp\/v2\/comments?post=12366"}],"version-history":[{"count":0,"href":"https:\/\/www.griffbereit-rucksack.de\/ar\/wp-json\/wp\/v2\/pages\/12366\/revisions"}],"wp:attachment":[{"href":"https:\/\/www.griffbereit-rucksack.de\/ar\/wp-json\/wp\/v2\/media?parent=12366"}],"curies":[{"name":"wp","href":"https:\/\/api.w.org\/{rel}","templated":true}]}}